{"id":1114,"date":"2025-04-18T02:02:48","date_gmt":"2025-04-18T00:02:48","guid":{"rendered":"https:\/\/www.regionalis.shop\/mit-herz-und-zwirn-von-marlen\/product\/set-osterhase-und-osterkoerbchen-gross\/"},"modified":"2025-04-18T02:02:48","modified_gmt":"2025-04-18T00:02:48","slug":"set-osterhase-und-osterkoerbchen-gross","status":"publish","type":"product","link":"https:\/\/www.regionalis.shop\/mit-herz-und-zwirn-von-marlen\/shop\/set-osterhase-und-osterkoerbchen-gross\/","title":{"rendered":"Set Osterhase und Osterk\u00f6rbchen gro\u00df"},"content":{"rendered":"<p>Ein s\u00fc\u00dfes H\u00e4schen mit individuellen Gesicht als Tischdeko- eventuell f\u00fcr Tischk\u00e4rtchen<br \/>\nOder als Geschenk mit einem Handgeschriebenen Gutschein, Geldschein etv.<\/p>\n<p>Farblich passend dazu ein gro\u00dfes (Oster-)K\u00f6rbchen, das mit  Schokolade oder sonstigem gef\u00fcllt werden kann.<br \/>\nDas K\u00f6rbchen kann danach nat\u00fcrlich  als Aufbewahrungskorb in Bad, K\u00fcche, Arbeitsplatz  etc genutzt werden.<br \/>\nGr\u00f6\u00dfe des K\u00f6rbchens: 13&#215;15,5 cm<\/p>\n<p>Das Schnittmuster des Osterk\u00f6rbchens ist von &#8222;pattydoo&#8220; und darf mit einer Lizenz von mir verkauft werden.<\/p>\n","protected":false},"excerpt":{"rendered":"<p>Ein s\u00fc\u00dfes H\u00e4schen mit individuellen Gesicht als Tischdeko- eventuell f\u00fcr Tischk\u00e4rtchen Oder als Geschenk mit einem Handgeschriebenen Gutschein, Geldschein etv. Farblich passend dazu ein gro\u00dfes (Oster-)K\u00f6rbchen, das mit Schokolade oder sonstigem gef\u00fcllt werden kann. Das K\u00f6rbchen kann danach nat\u00fcrlich als Aufbewahrungskorb in Bad, K\u00fcche, Arbeitsplatz etc genutzt werden. Gr\u00f6\u00dfe des K\u00f6rbchens: 13&#215;15,5 cm Das Schnittmuster &hellip; <a href=\"https:\/\/www.regionalis.shop\/mit-herz-und-zwirn-von-marlen\/shop\/set-osterhase-und-osterkoerbchen-gross\/\">Continued<\/a><\/p>\n","protected":false},"featured_media":1115,"template":"","meta":{"_acf_changed":false},"product_brand":[],"product_cat":[37,82],"product_tag":[],"class_list":{"0":"post-1114","1":"product","2":"type-product","3":"status-publish","4":"has-post-thumbnail","6":"product_cat-accessoires","7":"product_cat-sonstiges-accessoires","9":"first","10":"instock","11":"purchasable","12":"product-type-simple"},"acf":[],"_links":{"self":[{"href":"https:\/\/www.regionalis.shop\/mit-herz-und-zwirn-von-marlen\/wp-json\/wp\/v2\/product\/1114","targetHints":{"allow":["GET"]}}],"collection":[{"href":"https:\/\/www.regionalis.shop\/mit-herz-und-zwirn-von-marlen\/wp-json\/wp\/v2\/product"}],"about":[{"href":"https:\/\/www.regionalis.shop\/mit-herz-und-zwirn-von-marlen\/wp-json\/wp\/v2\/types\/product"}],"wp:featuredmedia":[{"embeddable":true,"href":"https:\/\/www.regionalis.shop\/mit-herz-und-zwirn-von-marlen\/wp-json\/wp\/v2\/media\/1115"}],"wp:attachment":[{"href":"https:\/\/www.regionalis.shop\/mit-herz-und-zwirn-von-marlen\/wp-json\/wp\/v2\/media?parent=1114"}],"wp:term":[{"taxonomy":"product_brand","embeddable":true,"href":"https:\/\/www.regionalis.shop\/mit-herz-und-zwirn-von-marlen\/wp-json\/wp\/v2\/product_brand?post=1114"},{"taxonomy":"product_cat","embeddable":true,"href":"https:\/\/www.regionalis.shop\/mit-herz-und-zwirn-von-marlen\/wp-json\/wp\/v2\/product_cat?post=1114"},{"taxonomy":"product_tag","embeddable":true,"href":"https:\/\/www.regionalis.shop\/mit-herz-und-zwirn-von-marlen\/wp-json\/wp\/v2\/product_tag?post=1114"}],"curies":[{"name":"wp","href":"https:\/\/api.w.org\/{rel}","templated":true}]}}