{"id":1117,"date":"2025-04-18T02:02:48","date_gmt":"2025-04-18T00:02:48","guid":{"rendered":"https:\/\/www.regionalis.shop\/mit-herz-und-zwirn-von-marlen\/product\/osterhase-tischdeko-im-fruehlingshaften-rosa-gruen\/"},"modified":"2025-04-18T02:02:48","modified_gmt":"2025-04-18T00:02:48","slug":"osterhase-tischdeko-im-fruehlingshaften-rosa-gruen","status":"publish","type":"product","link":"https:\/\/www.regionalis.shop\/mit-herz-und-zwirn-von-marlen\/shop\/osterhase-tischdeko-im-fruehlingshaften-rosa-gruen\/","title":{"rendered":"Osterhase Tischdeko im fr\u00fchlingshaften rosa\/gr\u00fcn"},"content":{"rendered":"<p>Ein s\u00fc\u00dfes H\u00e4schen mit individuellen Gesicht als Tischdeko- eventuell f\u00fcr Tischk\u00e4rtchen<br \/>\nOder als Geschenk mit einem Handgeschriebenen Gutschein, Geldschein etv.<\/p>\n","protected":false},"excerpt":{"rendered":"<p>Ein s\u00fc\u00dfes H\u00e4schen mit individuellen Gesicht als Tischdeko- eventuell f\u00fcr Tischk\u00e4rtchen Oder als Geschenk mit einem Handgeschriebenen Gutschein, Geldschein etv.<\/p>\n","protected":false},"featured_media":1118,"template":"","meta":{"_acf_changed":false},"product_brand":[],"product_cat":[37,82],"product_tag":[],"class_list":{"0":"post-1117","1":"product","2":"type-product","3":"status-publish","4":"has-post-thumbnail","6":"product_cat-accessoires","7":"product_cat-sonstiges-accessoires","9":"first","10":"instock","11":"purchasable","12":"product-type-simple"},"acf":[],"_links":{"self":[{"href":"https:\/\/www.regionalis.shop\/mit-herz-und-zwirn-von-marlen\/wp-json\/wp\/v2\/product\/1117","targetHints":{"allow":["GET"]}}],"collection":[{"href":"https:\/\/www.regionalis.shop\/mit-herz-und-zwirn-von-marlen\/wp-json\/wp\/v2\/product"}],"about":[{"href":"https:\/\/www.regionalis.shop\/mit-herz-und-zwirn-von-marlen\/wp-json\/wp\/v2\/types\/product"}],"wp:featuredmedia":[{"embeddable":true,"href":"https:\/\/www.regionalis.shop\/mit-herz-und-zwirn-von-marlen\/wp-json\/wp\/v2\/media\/1118"}],"wp:attachment":[{"href":"https:\/\/www.regionalis.shop\/mit-herz-und-zwirn-von-marlen\/wp-json\/wp\/v2\/media?parent=1117"}],"wp:term":[{"taxonomy":"product_brand","embeddable":true,"href":"https:\/\/www.regionalis.shop\/mit-herz-und-zwirn-von-marlen\/wp-json\/wp\/v2\/product_brand?post=1117"},{"taxonomy":"product_cat","embeddable":true,"href":"https:\/\/www.regionalis.shop\/mit-herz-und-zwirn-von-marlen\/wp-json\/wp\/v2\/product_cat?post=1117"},{"taxonomy":"product_tag","embeddable":true,"href":"https:\/\/www.regionalis.shop\/mit-herz-und-zwirn-von-marlen\/wp-json\/wp\/v2\/product_tag?post=1117"}],"curies":[{"name":"wp","href":"https:\/\/api.w.org\/{rel}","templated":true}]}}