{"id":1132,"date":"2025-04-18T01:48:19","date_gmt":"2025-04-17T23:48:19","guid":{"rendered":"https:\/\/www.regionalis.shop\/mit-herz-und-zwirn-von-marlen\/product\/mini-karten-set-merci\/"},"modified":"2025-04-18T01:48:19","modified_gmt":"2025-04-17T23:48:19","slug":"mini-karten-set-merci","status":"publish","type":"product","link":"https:\/\/www.regionalis.shop\/mit-herz-und-zwirn-von-marlen\/shop\/mini-karten-set-merci\/","title":{"rendered":"Mini-Karten-Set &#8222;Merci&#8220;"},"content":{"rendered":"<p>Die Mini-Karten haben sind mit ihrer Gr\u00f6\u00dfe von 9,5 x 6,5 perfekt zum Senden oder Mitteilen von kleinen Nachrichten, <\/p>\n<p>Als Gastgeschenk, oder Mitbringsel, zusammen mit Blumen, Pralinen eine sch\u00f6ne, Kombination.<\/p>\n<p>Dieses 3er Set besteht aus einer wei\u00dfen, einer rosa und einer hellblauen Karten sowie dazupassenden Kuverts.<br \/>\nMit verschiedenen B\u00e4ndern und Papieren dekoriert, findet sich auf diesen Karten die Aufschrift &#8222;merci&#8220;.<\/p>\n","protected":false},"excerpt":{"rendered":"<p>Die Mini-Karten haben sind mit ihrer Gr\u00f6\u00dfe von 9,5 x 6,5 perfekt zum Senden oder Mitteilen von kleinen Nachrichten, Als Gastgeschenk, oder Mitbringsel, zusammen mit Blumen, Pralinen eine sch\u00f6ne, Kombination. Dieses 3er Set besteht aus einer wei\u00dfen, einer rosa und einer hellblauen Karten sowie dazupassenden Kuverts. Mit verschiedenen B\u00e4ndern und Papieren dekoriert, findet sich auf &hellip; <a href=\"https:\/\/www.regionalis.shop\/mit-herz-und-zwirn-von-marlen\/shop\/mini-karten-set-merci\/\">Continued<\/a><\/p>\n","protected":false},"featured_media":1133,"template":"","meta":{"_acf_changed":false},"product_brand":[],"product_cat":[134,62],"product_tag":[],"class_list":{"0":"post-1132","1":"product","2":"type-product","3":"status-publish","4":"has-post-thumbnail","6":"product_cat-geschenk-gruskarten","7":"product_cat-papeterie-schreibwaren","9":"first","10":"instock","11":"purchasable","12":"product-type-simple"},"acf":[],"_links":{"self":[{"href":"https:\/\/www.regionalis.shop\/mit-herz-und-zwirn-von-marlen\/wp-json\/wp\/v2\/product\/1132","targetHints":{"allow":["GET"]}}],"collection":[{"href":"https:\/\/www.regionalis.shop\/mit-herz-und-zwirn-von-marlen\/wp-json\/wp\/v2\/product"}],"about":[{"href":"https:\/\/www.regionalis.shop\/mit-herz-und-zwirn-von-marlen\/wp-json\/wp\/v2\/types\/product"}],"wp:featuredmedia":[{"embeddable":true,"href":"https:\/\/www.regionalis.shop\/mit-herz-und-zwirn-von-marlen\/wp-json\/wp\/v2\/media\/1133"}],"wp:attachment":[{"href":"https:\/\/www.regionalis.shop\/mit-herz-und-zwirn-von-marlen\/wp-json\/wp\/v2\/media?parent=1132"}],"wp:term":[{"taxonomy":"product_brand","embeddable":true,"href":"https:\/\/www.regionalis.shop\/mit-herz-und-zwirn-von-marlen\/wp-json\/wp\/v2\/product_brand?post=1132"},{"taxonomy":"product_cat","embeddable":true,"href":"https:\/\/www.regionalis.shop\/mit-herz-und-zwirn-von-marlen\/wp-json\/wp\/v2\/product_cat?post=1132"},{"taxonomy":"product_tag","embeddable":true,"href":"https:\/\/www.regionalis.shop\/mit-herz-und-zwirn-von-marlen\/wp-json\/wp\/v2\/product_tag?post=1132"}],"curies":[{"name":"wp","href":"https:\/\/api.w.org\/{rel}","templated":true}]}}