{"id":1160,"date":"2025-04-18T01:40:45","date_gmt":"2025-04-17T23:40:45","guid":{"rendered":"https:\/\/www.regionalis.shop\/mit-herz-und-zwirn-von-marlen\/product\/kleines-geschenksackerl-einhorn\/"},"modified":"2025-04-18T01:40:45","modified_gmt":"2025-04-17T23:40:45","slug":"kleines-geschenksackerl-einhorn","status":"publish","type":"product","link":"https:\/\/www.regionalis.shop\/mit-herz-und-zwirn-von-marlen\/shop\/kleines-geschenksackerl-einhorn\/","title":{"rendered":"Kleines Geschenksackerl Einhorn"},"content":{"rendered":"<p>Dieses kleine Geschenksackerl aus Baumwolle ist perfekt, um darin ein Mitbringsel oder sonstige Kleinigkeiten zu verschenken, auch Schmuck oder \u00e4hnliches l\u00e4sst sich so wunderbar verschenken.<br \/>\nDiese Verpackung ist wasch- und weiterverwendbar. Mit den B\u00e4ndern zuziehen, und fertig ist das &#8222;P\u00e4ckchen&#8220;.<br \/>\nGerne fertige ich Sackerl mit individuellen Stoff- oder Motivw\u00fcnschen (F\u00fcr Geschenke zur Geburt, etc).<\/p>\n","protected":false},"excerpt":{"rendered":"<p>Dieses kleine Geschenksackerl aus Baumwolle ist perfekt, um darin ein Mitbringsel oder sonstige Kleinigkeiten zu verschenken, auch Schmuck oder \u00e4hnliches l\u00e4sst sich so wunderbar verschenken. Diese Verpackung ist wasch- und weiterverwendbar. Mit den B\u00e4ndern zuziehen, und fertig ist das &#8222;P\u00e4ckchen&#8220;. Gerne fertige ich Sackerl mit individuellen Stoff- oder Motivw\u00fcnschen (F\u00fcr Geschenke zur Geburt, etc).<\/p>\n","protected":false},"featured_media":1161,"template":"","meta":{"_acf_changed":false},"product_brand":[],"product_cat":[171,95],"product_tag":[],"class_list":{"0":"post-1160","1":"product","2":"type-product","3":"status-publish","4":"has-post-thumbnail","6":"product_cat-stoffsackerl-einkaufstaschen","7":"product_cat-taschen","9":"first","10":"instock","11":"purchasable","12":"product-type-simple"},"acf":[],"_links":{"self":[{"href":"https:\/\/www.regionalis.shop\/mit-herz-und-zwirn-von-marlen\/wp-json\/wp\/v2\/product\/1160","targetHints":{"allow":["GET"]}}],"collection":[{"href":"https:\/\/www.regionalis.shop\/mit-herz-und-zwirn-von-marlen\/wp-json\/wp\/v2\/product"}],"about":[{"href":"https:\/\/www.regionalis.shop\/mit-herz-und-zwirn-von-marlen\/wp-json\/wp\/v2\/types\/product"}],"wp:featuredmedia":[{"embeddable":true,"href":"https:\/\/www.regionalis.shop\/mit-herz-und-zwirn-von-marlen\/wp-json\/wp\/v2\/media\/1161"}],"wp:attachment":[{"href":"https:\/\/www.regionalis.shop\/mit-herz-und-zwirn-von-marlen\/wp-json\/wp\/v2\/media?parent=1160"}],"wp:term":[{"taxonomy":"product_brand","embeddable":true,"href":"https:\/\/www.regionalis.shop\/mit-herz-und-zwirn-von-marlen\/wp-json\/wp\/v2\/product_brand?post=1160"},{"taxonomy":"product_cat","embeddable":true,"href":"https:\/\/www.regionalis.shop\/mit-herz-und-zwirn-von-marlen\/wp-json\/wp\/v2\/product_cat?post=1160"},{"taxonomy":"product_tag","embeddable":true,"href":"https:\/\/www.regionalis.shop\/mit-herz-und-zwirn-von-marlen\/wp-json\/wp\/v2\/product_tag?post=1160"}],"curies":[{"name":"wp","href":"https:\/\/api.w.org\/{rel}","templated":true}]}}