{"id":1172,"date":"2025-04-18T01:38:39","date_gmt":"2025-04-17T23:38:39","guid":{"rendered":"https:\/\/www.regionalis.shop\/mit-herz-und-zwirn-von-marlen\/product\/mutter-kind-pass-huelle-3\/"},"modified":"2025-04-18T01:38:39","modified_gmt":"2025-04-17T23:38:39","slug":"mutter-kind-pass-huelle-3","status":"publish","type":"product","link":"https:\/\/www.regionalis.shop\/mit-herz-und-zwirn-von-marlen\/shop\/mutter-kind-pass-huelle-3\/","title":{"rendered":"Mutter-Kind-Pass- H\u00fclle"},"content":{"rendered":"<p>Ein Kind zu erwarten ist  eine besondere Situation- der Mutter-Kind-Pass geh\u00f6rt ab diesem Zeitpunkt f\u00fcr etliche Zeit zum Leben dazu.<br \/>\nDas M\u00e4ppchen bietet gen\u00fcgend Platz f\u00fcr den Mutter-Kind-Pass, dem Impfpass, der E-Card (f\u00fcr jedes davon ein extra Fach) und zus\u00e4tzlich 2 zus\u00e4tzliche F\u00e4cher, in denen Ultraschallbilder, Arzttermine und sonstiges zu verstauen sind. Das M\u00e4ppchen wird wie ein Buch auf- und zugklappt und sch\u00fctzt durch das Gummiband den Inhalt sicher.<br \/>\nOb neutrale Motive oder doch M\u00e4dchen\/Buben- M\u00e4ppchen- es hat beides seinen Reiz und macht jeder werdenden Mama Freude<\/p>\n","protected":false},"excerpt":{"rendered":"<p>Ein Kind zu erwarten ist eine besondere Situation- der Mutter-Kind-Pass geh\u00f6rt ab diesem Zeitpunkt f\u00fcr etliche Zeit zum Leben dazu. Das M\u00e4ppchen bietet gen\u00fcgend Platz f\u00fcr den Mutter-Kind-Pass, dem Impfpass, der E-Card (f\u00fcr jedes davon ein extra Fach) und zus\u00e4tzlich 2 zus\u00e4tzliche F\u00e4cher, in denen Ultraschallbilder, Arzttermine und sonstiges zu verstauen sind. Das M\u00e4ppchen wird &hellip; <a href=\"https:\/\/www.regionalis.shop\/mit-herz-und-zwirn-von-marlen\/shop\/mutter-kind-pass-huelle-3\/\">Continued<\/a><\/p>\n","protected":false},"featured_media":1173,"template":"","meta":{"_acf_changed":false},"product_brand":[],"product_cat":[107,38],"product_tag":[],"class_list":{"0":"post-1172","1":"product","2":"type-product","3":"status-publish","4":"has-post-thumbnail","6":"product_cat-accessoires-baby-kinder","7":"product_cat-baby-kinder","9":"first","10":"instock","11":"purchasable","12":"product-type-simple"},"acf":[],"_links":{"self":[{"href":"https:\/\/www.regionalis.shop\/mit-herz-und-zwirn-von-marlen\/wp-json\/wp\/v2\/product\/1172","targetHints":{"allow":["GET"]}}],"collection":[{"href":"https:\/\/www.regionalis.shop\/mit-herz-und-zwirn-von-marlen\/wp-json\/wp\/v2\/product"}],"about":[{"href":"https:\/\/www.regionalis.shop\/mit-herz-und-zwirn-von-marlen\/wp-json\/wp\/v2\/types\/product"}],"wp:featuredmedia":[{"embeddable":true,"href":"https:\/\/www.regionalis.shop\/mit-herz-und-zwirn-von-marlen\/wp-json\/wp\/v2\/media\/1173"}],"wp:attachment":[{"href":"https:\/\/www.regionalis.shop\/mit-herz-und-zwirn-von-marlen\/wp-json\/wp\/v2\/media?parent=1172"}],"wp:term":[{"taxonomy":"product_brand","embeddable":true,"href":"https:\/\/www.regionalis.shop\/mit-herz-und-zwirn-von-marlen\/wp-json\/wp\/v2\/product_brand?post=1172"},{"taxonomy":"product_cat","embeddable":true,"href":"https:\/\/www.regionalis.shop\/mit-herz-und-zwirn-von-marlen\/wp-json\/wp\/v2\/product_cat?post=1172"},{"taxonomy":"product_tag","embeddable":true,"href":"https:\/\/www.regionalis.shop\/mit-herz-und-zwirn-von-marlen\/wp-json\/wp\/v2\/product_tag?post=1172"}],"curies":[{"name":"wp","href":"https:\/\/api.w.org\/{rel}","templated":true}]}}