{"id":1175,"date":"2025-04-18T01:37:03","date_gmt":"2025-04-17T23:37:03","guid":{"rendered":"https:\/\/www.regionalis.shop\/mit-herz-und-zwirn-von-marlen\/product\/elegante-kosmetiktasche-aus-kunstleder-schwarz-schimmernd-gross\/"},"modified":"2025-04-18T01:37:03","modified_gmt":"2025-04-17T23:37:03","slug":"elegante-kosmetiktasche-aus-kunstleder-schwarz-schimmernd-gross","status":"publish","type":"product","link":"https:\/\/www.regionalis.shop\/mit-herz-und-zwirn-von-marlen\/shop\/elegante-kosmetiktasche-aus-kunstleder-schwarz-schimmernd-gross\/","title":{"rendered":"Elegante Kosmetiktasche aus Kunstleder schwarz-schimmernd, gro\u00df"},"content":{"rendered":"<p>Diese Kosmetiktasche aus Kunstleder hat so einige Besonderheiten. Sie zeichnet sich durch die auffallende geometrische Form aus und  l\u00e4sst sich durch das \u00d6ffnen beider Rei\u00dfverschl\u00fcsse  weit aufmachen, sodass man perfekt darin &#8222;W\u00fchlen&#8220; kann.<br \/>\nDIese Geo-Bag ist aus einem 3D-Kunstleder mit Metallic Struktur gen\u00e4ht und somit ein echter Hingucker.<br \/>\nIn diese gro\u00dfe Variante der Tasche passen Duschgel\/Shampoo u.\u00e4. in Normalgr\u00f6\u00dfe hinein.<br \/>\nGr\u00f6\u00dfe: 14cmx24cmx11cm (H\u00f6he-Breite-Tiefe)<br \/>\nEs gibt zu jeder Tasche auch eine kleine Variante, Ma\u00dfe:  10x18x7cm<br \/>\nAu\u00dfen ist die Tasche mit Kunstlederverarbeitet, das hei\u00dft es ist unempfindlich gegen N\u00e4sse und l\u00e4sst sich einfach abwischen (also kein Problem, wenn sie auf einem Waschbecken steht, auf dem nass ist). Innen befindet sich ein weicher Baumwollstoff.<br \/>\nAuf Wunsch kann ich  gerne Taschen mit gold-, silber-, oder bronzefarbenen Rei\u00dfverschluss n\u00e4hen, auch bei den Zippern besteht die M\u00f6glichkeit zur Auswahl (dauert dann einige Tage bis es versandbereit ist)<br \/>\nAls Wegbegleiter auf Reisen oder als &#8222;Verpackung&#8220; f\u00fcr ein Geschenk eignet sich die Geo-Bag optimal und wirkt mit dem Kunstleder sehr elegant.<\/p>\n<p>Die Geo-Bag ist ein Schnittmuster von &#8222;Pattydoo&#8220;,  f\u00fcr das ich eine Lizenz erworben habe.<\/p>\n","protected":false},"excerpt":{"rendered":"<p>Diese Kosmetiktasche aus Kunstleder hat so einige Besonderheiten. Sie zeichnet sich durch die auffallende geometrische Form aus und l\u00e4sst sich durch das \u00d6ffnen beider Rei\u00dfverschl\u00fcsse weit aufmachen, sodass man perfekt darin &#8222;W\u00fchlen&#8220; kann. DIese Geo-Bag ist aus einem 3D-Kunstleder mit Metallic Struktur gen\u00e4ht und somit ein echter Hingucker. In diese gro\u00dfe Variante der Tasche passen &hellip; <a href=\"https:\/\/www.regionalis.shop\/mit-herz-und-zwirn-von-marlen\/shop\/elegante-kosmetiktasche-aus-kunstleder-schwarz-schimmernd-gross\/\">Continued<\/a><\/p>\n","protected":false},"featured_media":1176,"template":"","meta":{"_acf_changed":false},"product_brand":[],"product_cat":[155,95],"product_tag":[],"class_list":{"0":"post-1175","1":"product","2":"type-product","3":"status-publish","4":"has-post-thumbnail","6":"product_cat-kosmetiktaschen","7":"product_cat-taschen","9":"first","10":"instock","11":"purchasable","12":"product-type-simple"},"acf":[],"_links":{"self":[{"href":"https:\/\/www.regionalis.shop\/mit-herz-und-zwirn-von-marlen\/wp-json\/wp\/v2\/product\/1175","targetHints":{"allow":["GET"]}}],"collection":[{"href":"https:\/\/www.regionalis.shop\/mit-herz-und-zwirn-von-marlen\/wp-json\/wp\/v2\/product"}],"about":[{"href":"https:\/\/www.regionalis.shop\/mit-herz-und-zwirn-von-marlen\/wp-json\/wp\/v2\/types\/product"}],"wp:featuredmedia":[{"embeddable":true,"href":"https:\/\/www.regionalis.shop\/mit-herz-und-zwirn-von-marlen\/wp-json\/wp\/v2\/media\/1176"}],"wp:attachment":[{"href":"https:\/\/www.regionalis.shop\/mit-herz-und-zwirn-von-marlen\/wp-json\/wp\/v2\/media?parent=1175"}],"wp:term":[{"taxonomy":"product_brand","embeddable":true,"href":"https:\/\/www.regionalis.shop\/mit-herz-und-zwirn-von-marlen\/wp-json\/wp\/v2\/product_brand?post=1175"},{"taxonomy":"product_cat","embeddable":true,"href":"https:\/\/www.regionalis.shop\/mit-herz-und-zwirn-von-marlen\/wp-json\/wp\/v2\/product_cat?post=1175"},{"taxonomy":"product_tag","embeddable":true,"href":"https:\/\/www.regionalis.shop\/mit-herz-und-zwirn-von-marlen\/wp-json\/wp\/v2\/product_tag?post=1175"}],"curies":[{"name":"wp","href":"https:\/\/api.w.org\/{rel}","templated":true}]}}