{"id":1177,"date":"2025-04-18T01:37:03","date_gmt":"2025-04-17T23:37:03","guid":{"rendered":"https:\/\/www.regionalis.shop\/mit-herz-und-zwirn-von-marlen\/product\/elegante-kosmetiktasche-aus-kunstleder-gruen-klein\/"},"modified":"2025-04-18T01:37:03","modified_gmt":"2025-04-17T23:37:03","slug":"elegante-kosmetiktasche-aus-kunstleder-gruen-klein","status":"publish","type":"product","link":"https:\/\/www.regionalis.shop\/mit-herz-und-zwirn-von-marlen\/shop\/elegante-kosmetiktasche-aus-kunstleder-gruen-klein\/","title":{"rendered":"Elegante Kosmetiktasche aus Kunstleder gr\u00fcn, klein"},"content":{"rendered":"<p>Diese Kosmetiktasche aus Kunstleder hat so einige Besonderheiten. Sie zeichnet sich durch die auffallende geometrische Form aus und  l\u00e4sst sich durch das \u00d6ffnen beider Rei\u00dfverschl\u00fcsse  weit aufmachen, sodass man perfekt darin &#8222;W\u00fchlen&#8220; kann.<\/p>\n<p>Gr\u00f6\u00dfe: 10x18x7cm (H\u00f6he-Breite-Tiefe)<br \/>\nPerfekt f\u00fcr Kosmetika, auf Reisen oder in der Handtasche f\u00fcr den t\u00e4glichen Bedarf<br \/>\nAu\u00dfen ist die Tasche mit Kunstlederverarbeitet, das hei\u00dft es ist unempfindlich gegen N\u00e4sse und l\u00e4sst sich einfach abwischen (also kein Problem, wenn sie auf einem Waschbecken steht, auf dem nass ist). Innen befindet sich ein weicher Baumwollstoff.<br \/>\nAuf Wunsch kann ich  gerne Taschen mit gold-, silber-, oder bronzefarbenen Rei\u00dfverschluss n\u00e4hen, auch bei den Zippern besteht die M\u00f6glichkeit zur Auswahl (dauert dann einige Tage bis es versandbereit ist)<br \/>\nAls Wegbegleiter auf Reisen oder als &#8222;Verpackung&#8220; f\u00fcr ein Geschenk eignet sich die Geo-Bag optimal und wirkt mit dem Kunstleder sehr elegant.<\/p>\n<p>Die Geo-Bag ist ein Schnittmuster von &#8222;Pattydoo&#8220;,  f\u00fcr das ich eine Lizenz erworben habe.<\/p>\n","protected":false},"excerpt":{"rendered":"<p>Diese Kosmetiktasche aus Kunstleder hat so einige Besonderheiten. Sie zeichnet sich durch die auffallende geometrische Form aus und l\u00e4sst sich durch das \u00d6ffnen beider Rei\u00dfverschl\u00fcsse weit aufmachen, sodass man perfekt darin &#8222;W\u00fchlen&#8220; kann. Gr\u00f6\u00dfe: 10x18x7cm (H\u00f6he-Breite-Tiefe) Perfekt f\u00fcr Kosmetika, auf Reisen oder in der Handtasche f\u00fcr den t\u00e4glichen Bedarf Au\u00dfen ist die Tasche mit Kunstlederverarbeitet, &hellip; <a href=\"https:\/\/www.regionalis.shop\/mit-herz-und-zwirn-von-marlen\/shop\/elegante-kosmetiktasche-aus-kunstleder-gruen-klein\/\">Continued<\/a><\/p>\n","protected":false},"featured_media":1178,"template":"","meta":{"_acf_changed":false},"product_brand":[],"product_cat":[155,95],"product_tag":[],"class_list":{"0":"post-1177","1":"product","2":"type-product","3":"status-publish","4":"has-post-thumbnail","6":"product_cat-kosmetiktaschen","7":"product_cat-taschen","9":"first","10":"instock","11":"purchasable","12":"product-type-simple"},"acf":[],"_links":{"self":[{"href":"https:\/\/www.regionalis.shop\/mit-herz-und-zwirn-von-marlen\/wp-json\/wp\/v2\/product\/1177","targetHints":{"allow":["GET"]}}],"collection":[{"href":"https:\/\/www.regionalis.shop\/mit-herz-und-zwirn-von-marlen\/wp-json\/wp\/v2\/product"}],"about":[{"href":"https:\/\/www.regionalis.shop\/mit-herz-und-zwirn-von-marlen\/wp-json\/wp\/v2\/types\/product"}],"wp:featuredmedia":[{"embeddable":true,"href":"https:\/\/www.regionalis.shop\/mit-herz-und-zwirn-von-marlen\/wp-json\/wp\/v2\/media\/1178"}],"wp:attachment":[{"href":"https:\/\/www.regionalis.shop\/mit-herz-und-zwirn-von-marlen\/wp-json\/wp\/v2\/media?parent=1177"}],"wp:term":[{"taxonomy":"product_brand","embeddable":true,"href":"https:\/\/www.regionalis.shop\/mit-herz-und-zwirn-von-marlen\/wp-json\/wp\/v2\/product_brand?post=1177"},{"taxonomy":"product_cat","embeddable":true,"href":"https:\/\/www.regionalis.shop\/mit-herz-und-zwirn-von-marlen\/wp-json\/wp\/v2\/product_cat?post=1177"},{"taxonomy":"product_tag","embeddable":true,"href":"https:\/\/www.regionalis.shop\/mit-herz-und-zwirn-von-marlen\/wp-json\/wp\/v2\/product_tag?post=1177"}],"curies":[{"name":"wp","href":"https:\/\/api.w.org\/{rel}","templated":true}]}}