{"id":46,"date":"2024-02-22T07:53:08","date_gmt":"2024-02-22T07:53:08","guid":{"rendered":"https:\/\/stage.shop-it.at\/basket\/"},"modified":"2025-05-21T21:59:52","modified_gmt":"2025-05-21T19:59:52","slug":"warenkorb","status":"publish","type":"page","link":"https:\/\/www.regionalis.shop\/modellbau-kunsthandwerk\/warenkorb\/","title":{"rendered":"Warenkorb"},"content":{"rendered":"\n<div data-block-name=\"woocommerce\/cart\" class=\"wp-block-woocommerce-cart alignwide is-loading\">\n<div data-block-name=\"woocommerce\/filled-cart-block\" class=\"wp-block-woocommerce-filled-cart-block\">\n<div data-block-name=\"woocommerce\/cart-items-block\" class=\"wp-block-woocommerce-cart-items-block\">\n<div data-block-name=\"woocommerce\/cart-line-items-block\" class=\"wp-block-woocommerce-cart-line-items-block\"><\/div>\n<\/div>\n\n\n\n<div data-block-name=\"woocommerce\/cart-totals-block\" class=\"wp-block-woocommerce-cart-totals-block\">\n<div data-block-name=\"woocommerce\/cart-order-summary-block\" class=\"wp-block-woocommerce-cart-order-summary-block\">\n<div data-block-name=\"woocommerce\/cart-order-summary-heading-block\" data-content=\"Basket totals\" class=\"wp-block-woocommerce-cart-order-summary-heading-block\"><\/div>\n\n\n\n<div data-block-name=\"woocommerce\/cart-order-summary-coupon-form-block\" class=\"wp-block-woocommerce-cart-order-summary-coupon-form-block\"><\/div>\n\n\n\n<div data-block-name=\"woocommerce\/cart-order-summary-totals-block\" class=\"wp-block-woocommerce-cart-order-summary-totals-block\">\n<div data-block-name=\"woocommerce\/cart-order-summary-subtotal-block\" class=\"wp-block-woocommerce-cart-order-summary-subtotal-block\"><\/div>\n\n\n\n<div data-block-name=\"woocommerce\/cart-order-summary-fee-block\" class=\"wp-block-woocommerce-cart-order-summary-fee-block\"><\/div>\n\n\n\n<div data-block-name=\"woocommerce\/cart-order-summary-discount-block\" class=\"wp-block-woocommerce-cart-order-summary-discount-block\"><\/div>\n\n\n\n<div data-block-name=\"woocommerce\/cart-order-summary-shipping-block\" class=\"wp-block-woocommerce-cart-order-summary-shipping-block\"><\/div>\n\n\n\n<div data-block-name=\"woocommerce\/cart-order-summary-taxes-block\" class=\"wp-block-woocommerce-cart-order-summary-taxes-block\"><\/div>\n<\/div>\n<\/div>\n\n\n\n<div data-block-name=\"woocommerce\/cart-express-payment-block\" class=\"wp-block-woocommerce-cart-express-payment-block\"><\/div>\n\n\n\n<div data-block-name=\"woocommerce\/proceed-to-checkout-block\" class=\"wp-block-woocommerce-proceed-to-checkout-block\"><\/div>\n\n\n\n<div data-block-name=\"woocommerce\/cart-accepted-payment-methods-block\" class=\"wp-block-woocommerce-cart-accepted-payment-methods-block\"><\/div>\n<\/div>\n<\/div>\n\n\n\n<div data-block-name=\"woocommerce\/empty-cart-block\" class=\"wp-block-woocommerce-empty-cart-block\">\n<h2 class=\"wp-block-heading has-text-align-center with-empty-cart-icon wc-block-cart__empty-cart__title\">Your basket is currently empty!<\/h2>\n\n\n\n<hr class=\"wp-block-separator has-alpha-channel-opacity is-style-dots\"\/>\n\n\n\n<h2 class=\"wp-block-heading has-text-align-center\">New in store<\/h2>\n\n\n<div data-block-name=\"woocommerce\/product-new\" data-columns=\"4\" data-rows=\"1\" class=\"wc-block-grid wp-block-product-new wp-block-woocommerce-product-new wc-block-product-new has-4-columns\"><ul class=\"wc-block-grid__products\"><li class=\"wc-block-grid__product\">\n\t\t\t\t<a href=\"https:\/\/www.regionalis.shop\/modellbau-kunsthandwerk\/shop\/paerchen-schluesselanhaenger-verschiedene-motive\/\" class=\"wc-block-grid__product-link\">\n\t\t\t\t\t\n\t\t\t\t\t<div class=\"wc-block-grid__product-image\"><img loading=\"lazy\" decoding=\"async\" width=\"600\" height=\"567\" src=\"https:\/\/www.regionalis.shop\/app\/uploads\/sites\/414\/Schluesselanhaenger-Beschreibung-600x567.jpg\" class=\"attachment-woocommerce_thumbnail size-woocommerce_thumbnail\" alt=\"P\u00e4rchen Schl\u00fcsselanh\u00e4nger, verschiedene Motive\" srcset=\"https:\/\/www.regionalis.shop\/app\/uploads\/sites\/414\/Schluesselanhaenger-Beschreibung-600x567.jpg 600w, https:\/\/www.regionalis.shop\/app\/uploads\/sites\/414\/Schluesselanhaenger-Beschreibung-300x284.jpg 300w, https:\/\/www.regionalis.shop\/app\/uploads\/sites\/414\/Schluesselanhaenger-Beschreibung-1024x969.jpg 1024w, https:\/\/www.regionalis.shop\/app\/uploads\/sites\/414\/Schluesselanhaenger-Beschreibung-768x726.jpg 768w, https:\/\/www.regionalis.shop\/app\/uploads\/sites\/414\/Schluesselanhaenger-Beschreibung-1536x1453.jpg 1536w, https:\/\/www.regionalis.shop\/app\/uploads\/sites\/414\/Schluesselanhaenger-Beschreibung-2048x1937.jpg 2048w\" sizes=\"auto, (max-width: 600px) 100vw, 600px\" \/><\/div>\n\t\t\t\t\t<div class=\"wc-block-grid__product-title\">P\u00e4rchen Schl\u00fcsselanh\u00e4nger, verschiedene Motive<\/div>\n\t\t\t\t<\/a>\n\t\t\t\t<div class=\"wc-block-grid__product-price price\"><span class=\"woocommerce-Price-amount amount\">8,00&nbsp;<span class=\"woocommerce-Price-currencySymbol\">&euro;<\/span><\/span><\/div>\n\t\t\t\t\n\t\t\t\t<div class=\"wp-block-button wc-block-grid__product-add-to-cart\"><a href=\"https:\/\/www.regionalis.shop\/modellbau-kunsthandwerk\/shop\/paerchen-schluesselanhaenger-verschiedene-motive\/\" aria-label=\"W\u00e4hle Optionen f\u00fcr \u201eP\u00e4rchen Schl\u00fcsselanh\u00e4nger, verschiedene Motive\u201c\" data-quantity=\"1\" data-product_id=\"1188\" data-product_sku=\"\" data-price=\"8\" rel=\"nofollow\" class=\"wp-block-button__link  add_to_cart_button\">Ausf\u00fchrung w\u00e4hlen<\/a><\/div>\n\t\t\t<\/li><li class=\"wc-block-grid__product\">\n\t\t\t\t<a href=\"https:\/\/www.regionalis.shop\/modellbau-kunsthandwerk\/shop\/holz-kreuz-herzen\/\" class=\"wc-block-grid__product-link\">\n\t\t\t\t\t\n\t\t\t\t\t<div class=\"wc-block-grid__product-image\"><img loading=\"lazy\" decoding=\"async\" width=\"600\" height=\"800\" src=\"https:\/\/www.regionalis.shop\/app\/uploads\/sites\/414\/IMG_20250128_175059-600x800.jpg\" class=\"attachment-woocommerce_thumbnail size-woocommerce_thumbnail\" alt=\"Holz Kreuz Herzen\" srcset=\"https:\/\/www.regionalis.shop\/app\/uploads\/sites\/414\/IMG_20250128_175059-600x800.jpg 600w, https:\/\/www.regionalis.shop\/app\/uploads\/sites\/414\/IMG_20250128_175059-225x300.jpg 225w, https:\/\/www.regionalis.shop\/app\/uploads\/sites\/414\/IMG_20250128_175059-768x1024.jpg 768w, https:\/\/www.regionalis.shop\/app\/uploads\/sites\/414\/IMG_20250128_175059-1152x1536.jpg 1152w, https:\/\/www.regionalis.shop\/app\/uploads\/sites\/414\/IMG_20250128_175059-1536x2048.jpg 1536w, https:\/\/www.regionalis.shop\/app\/uploads\/sites\/414\/IMG_20250128_175059-scaled.jpg 1920w\" sizes=\"auto, (max-width: 600px) 100vw, 600px\" \/><\/div>\n\t\t\t\t\t<div class=\"wc-block-grid__product-title\">Holz Kreuz Herzen<\/div>\n\t\t\t\t<\/a>\n\t\t\t\t<div class=\"wc-block-grid__product-price price\"><span class=\"woocommerce-Price-amount amount\">38,00&nbsp;<span class=\"woocommerce-Price-currencySymbol\">&euro;<\/span><\/span><\/div>\n\t\t\t\t\n\t\t\t\t<div class=\"wp-block-button wc-block-grid__product-add-to-cart\"><a href=\"https:\/\/www.regionalis.shop\/modellbau-kunsthandwerk\/shop\/holz-kreuz-herzen\/\" aria-label=\"Lese mehr \u00fcber &#8222;Holz Kreuz Herzen&#8220;\" data-quantity=\"1\" data-product_id=\"1185\" data-product_sku=\"\" data-price=\"38\" rel=\"nofollow\" class=\"wp-block-button__link  add_to_cart_button\">Weiterlesen<\/a><\/div>\n\t\t\t<\/li><li class=\"wc-block-grid__product\">\n\t\t\t\t<a href=\"https:\/\/www.regionalis.shop\/modellbau-kunsthandwerk\/shop\/schnaps-schaukelstuhl\/\" class=\"wc-block-grid__product-link\">\n\t\t\t\t\t\n\t\t\t\t\t<div class=\"wc-block-grid__product-image\"><img loading=\"lazy\" decoding=\"async\" width=\"600\" height=\"800\" src=\"https:\/\/www.regionalis.shop\/app\/uploads\/sites\/414\/IMG_20250128_180029-600x800.jpg\" class=\"attachment-woocommerce_thumbnail size-woocommerce_thumbnail\" alt=\"Schnaps Schaukelstuhl\" srcset=\"https:\/\/www.regionalis.shop\/app\/uploads\/sites\/414\/IMG_20250128_180029-600x800.jpg 600w, https:\/\/www.regionalis.shop\/app\/uploads\/sites\/414\/IMG_20250128_180029-225x300.jpg 225w, https:\/\/www.regionalis.shop\/app\/uploads\/sites\/414\/IMG_20250128_180029-768x1024.jpg 768w, https:\/\/www.regionalis.shop\/app\/uploads\/sites\/414\/IMG_20250128_180029-1152x1536.jpg 1152w, https:\/\/www.regionalis.shop\/app\/uploads\/sites\/414\/IMG_20250128_180029-1536x2048.jpg 1536w, https:\/\/www.regionalis.shop\/app\/uploads\/sites\/414\/IMG_20250128_180029-scaled.jpg 1920w\" sizes=\"auto, (max-width: 600px) 100vw, 600px\" \/><\/div>\n\t\t\t\t\t<div class=\"wc-block-grid__product-title\">Schnaps Schaukelstuhl<\/div>\n\t\t\t\t<\/a>\n\t\t\t\t<div class=\"wc-block-grid__product-price price\"><span class=\"woocommerce-Price-amount amount\">28,00&nbsp;<span class=\"woocommerce-Price-currencySymbol\">&euro;<\/span><\/span><\/div>\n\t\t\t\t\n\t\t\t\t<div class=\"wp-block-button wc-block-grid__product-add-to-cart\"><a href=\"\/modellbau-kunsthandwerk\/wp-json\/wp\/v2\/pages\/46?add-to-cart=1180\" aria-label=\"In den Warenkorb legen: \u201eSchnaps Schaukelstuhl\u201c\" data-quantity=\"1\" data-product_id=\"1180\" data-product_sku=\"\" data-price=\"28\" rel=\"nofollow\" class=\"wp-block-button__link  add_to_cart_button ajax_add_to_cart\">In den Warenkorb<\/a><\/div>\n\t\t\t<\/li><li class=\"wc-block-grid__product\">\n\t\t\t\t<a href=\"https:\/\/www.regionalis.shop\/modellbau-kunsthandwerk\/shop\/wanduhr-verschiedene-designs\/\" class=\"wc-block-grid__product-link\">\n\t\t\t\t\t<div class=\"wc-block-grid__product-onsale\">\n\t\t\t<span aria-hidden=\"true\">Angebot<\/span>\n\t\t\t<span class=\"screen-reader-text\">Produkt im Angebot<\/span>\n\t\t<\/div>\n\t\t\t\t\t<div class=\"wc-block-grid__product-image\"><img loading=\"lazy\" decoding=\"async\" width=\"600\" height=\"600\" src=\"https:\/\/www.regionalis.shop\/app\/uploads\/sites\/414\/2-600x600.png\" class=\"attachment-woocommerce_thumbnail size-woocommerce_thumbnail\" alt=\"Wanduhr verschiedene Designs\" srcset=\"https:\/\/www.regionalis.shop\/app\/uploads\/sites\/414\/2-600x600.png 600w, https:\/\/www.regionalis.shop\/app\/uploads\/sites\/414\/2-300x300.png 300w, https:\/\/www.regionalis.shop\/app\/uploads\/sites\/414\/2-1024x1024.png 1024w, https:\/\/www.regionalis.shop\/app\/uploads\/sites\/414\/2-150x150.png 150w, https:\/\/www.regionalis.shop\/app\/uploads\/sites\/414\/2-768x768.png 768w, https:\/\/www.regionalis.shop\/app\/uploads\/sites\/414\/2-100x100.png 100w, https:\/\/www.regionalis.shop\/app\/uploads\/sites\/414\/2.png 1080w\" sizes=\"auto, (max-width: 600px) 100vw, 600px\" \/><\/div>\n\t\t\t\t\t<div class=\"wc-block-grid__product-title\">Wanduhr verschiedene Designs<\/div>\n\t\t\t\t<\/a>\n\t\t\t\t<div class=\"wc-block-grid__product-price price\"><span class=\"woocommerce-Price-amount amount\" aria-hidden=\"true\">25,00&nbsp;<span class=\"woocommerce-Price-currencySymbol\">&euro;<\/span><\/span> <span aria-hidden=\"true\">&ndash;<\/span> <span class=\"woocommerce-Price-amount amount\" aria-hidden=\"true\">28,00&nbsp;<span class=\"woocommerce-Price-currencySymbol\">&euro;<\/span><\/span><span class=\"screen-reader-text\">Price range: 25,00&nbsp;&euro; through 28,00&nbsp;&euro;<\/span><\/div>\n\t\t\t\t\n\t\t\t\t<div class=\"wp-block-button wc-block-grid__product-add-to-cart\"><a href=\"https:\/\/www.regionalis.shop\/modellbau-kunsthandwerk\/shop\/wanduhr-verschiedene-designs\/\" aria-label=\"W\u00e4hle Optionen f\u00fcr \u201eWanduhr verschiedene Designs\u201c\" data-quantity=\"1\" data-product_id=\"1153\" data-product_sku=\"\" data-price=\"25\" rel=\"nofollow\" class=\"wp-block-button__link  add_to_cart_button\">Ausf\u00fchrung w\u00e4hlen<\/a><\/div>\n\t\t\t<\/li><\/ul><\/div><\/div>\n<\/div>\n","protected":false},"excerpt":{"rendered":"","protected":false},"author":1,"featured_media":0,"parent":0,"menu_order":0,"comment_status":"closed","ping_status":"closed","template":"template-shop-page.blade.php","meta":{"_acf_changed":false,"footnotes":""},"class_list":["post-46","page","type-page","status-publish","hentry"],"acf":[],"_links":{"self":[{"href":"https:\/\/www.regionalis.shop\/modellbau-kunsthandwerk\/wp-json\/wp\/v2\/pages\/46","targetHints":{"allow":["GET"]}}],"collection":[{"href":"https:\/\/www.regionalis.shop\/modellbau-kunsthandwerk\/wp-json\/wp\/v2\/pages"}],"about":[{"href":"https:\/\/www.regionalis.shop\/modellbau-kunsthandwerk\/wp-json\/wp\/v2\/types\/page"}],"author":[{"embeddable":true,"href":"https:\/\/www.regionalis.shop\/modellbau-kunsthandwerk\/wp-json\/wp\/v2\/users\/1"}],"replies":[{"embeddable":true,"href":"https:\/\/www.regionalis.shop\/modellbau-kunsthandwerk\/wp-json\/wp\/v2\/comments?post=46"}],"version-history":[{"count":3,"href":"https:\/\/www.regionalis.shop\/modellbau-kunsthandwerk\/wp-json\/wp\/v2\/pages\/46\/revisions"}],"predecessor-version":[{"id":861,"href":"https:\/\/www.regionalis.shop\/modellbau-kunsthandwerk\/wp-json\/wp\/v2\/pages\/46\/revisions\/861"}],"wp:attachment":[{"href":"https:\/\/www.regionalis.shop\/modellbau-kunsthandwerk\/wp-json\/wp\/v2\/media?parent=46"}],"curies":[{"name":"wp","href":"https:\/\/api.w.org\/{rel}","templated":true}]}}