{"id":1061,"date":"2025-11-09T20:30:46","date_gmt":"2025-11-09T19:30:46","guid":{"rendered":"https:\/\/www.regionalis.shop\/modellbau-kunsthandwerk\/?post_type=product&#038;p=1061"},"modified":"2025-11-22T16:53:00","modified_gmt":"2025-11-22T15:53:00","slug":"lampe-herbstblaetter-windlicht","status":"publish","type":"product","link":"https:\/\/www.regionalis.shop\/modellbau-kunsthandwerk\/shop\/lampe-herbstblaetter-windlicht\/","title":{"rendered":"Lampe Herbstbl\u00e4tter, Windlicht"},"content":{"rendered":"<p>Windlicht Herbstbl\u00e4tter.<\/p>\n<p>Aus hochwertigem Birken oder Lindensperrholz.<\/p>\n<p>Inkl. Led Lampe mit Timerfunktion.<\/p>\n<p>Gr\u00f6\u00dfe ca. 10,5 x 10,5 x 20 cm.<\/p>\n","protected":false},"excerpt":{"rendered":"<p>Windlicht Herbstbl\u00e4tter. Aus hochwertigem Birken oder Lindensperrholz. Inkl. Led Lampe mit Timerfunktion. Gr\u00f6\u00dfe ca. 10,5 x 10,5 x 20 cm.<\/p>\n","protected":false},"featured_media":1063,"template":"","meta":{"_acf_changed":false},"product_brand":[],"product_cat":[151,156],"product_tag":[181,179,176,180,177],"class_list":{"0":"post-1061","1":"product","2":"type-product","3":"status-publish","4":"has-post-thumbnail","6":"product_cat-kerzen-kerzenstaender","7":"product_cat-lampen-beleuchtung","8":"product_tag-blaetter","9":"product_tag-herbst","10":"product_tag-lampe","11":"product_tag-laterne","12":"product_tag-windlicht","14":"first","15":"instock","16":"sale","17":"purchasable","18":"product-type-simple"},"acf":[],"_links":{"self":[{"href":"https:\/\/www.regionalis.shop\/modellbau-kunsthandwerk\/wp-json\/wp\/v2\/product\/1061","targetHints":{"allow":["GET"]}}],"collection":[{"href":"https:\/\/www.regionalis.shop\/modellbau-kunsthandwerk\/wp-json\/wp\/v2\/product"}],"about":[{"href":"https:\/\/www.regionalis.shop\/modellbau-kunsthandwerk\/wp-json\/wp\/v2\/types\/product"}],"wp:featuredmedia":[{"embeddable":true,"href":"https:\/\/www.regionalis.shop\/modellbau-kunsthandwerk\/wp-json\/wp\/v2\/media\/1063"}],"wp:attachment":[{"href":"https:\/\/www.regionalis.shop\/modellbau-kunsthandwerk\/wp-json\/wp\/v2\/media?parent=1061"}],"wp:term":[{"taxonomy":"product_brand","embeddable":true,"href":"https:\/\/www.regionalis.shop\/modellbau-kunsthandwerk\/wp-json\/wp\/v2\/product_brand?post=1061"},{"taxonomy":"product_cat","embeddable":true,"href":"https:\/\/www.regionalis.shop\/modellbau-kunsthandwerk\/wp-json\/wp\/v2\/product_cat?post=1061"},{"taxonomy":"product_tag","embeddable":true,"href":"https:\/\/www.regionalis.shop\/modellbau-kunsthandwerk\/wp-json\/wp\/v2\/product_tag?post=1061"}],"curies":[{"name":"wp","href":"https:\/\/api.w.org\/{rel}","templated":true}]}}