{"id":1086,"date":"2025-11-15T20:36:29","date_gmt":"2025-11-15T19:36:29","guid":{"rendered":"https:\/\/www.regionalis.shop\/modellbau-kunsthandwerk\/?post_type=product&#038;p=1086"},"modified":"2025-11-15T20:36:29","modified_gmt":"2025-11-15T19:36:29","slug":"atemschutzgeraet-attrappe","status":"publish","type":"product","link":"https:\/\/www.regionalis.shop\/modellbau-kunsthandwerk\/shop\/atemschutzgeraet-attrappe\/","title":{"rendered":"Atemschutzger\u00e4t Attrappe"},"content":{"rendered":"<p>Attrappe eines Atemschutzger\u00e4tes,<\/p>\n<p>Hergestellt aus hochwertigen Materialien.<\/p>\n<p>Vern\u00e4hte Begurtung.<\/p>\n<p>Flasche ist aufschraubbar um etwas Gewicht einf\u00fcllen zu k\u00f6nnen.<\/p>\n<p>&nbsp;<\/p>\n","protected":false},"excerpt":{"rendered":"<p>Attrappe eines Atemschutzger\u00e4tes, Hergestellt aus hochwertigen Materialien. Vern\u00e4hte Begurtung. Flasche ist aufschraubbar um etwas Gewicht einf\u00fcllen zu k\u00f6nnen. &nbsp;<\/p>\n","protected":false},"featured_media":1087,"template":"","meta":{"_acf_changed":false},"product_brand":[],"product_cat":[18],"product_tag":[],"class_list":{"0":"post-1086","1":"product","2":"type-product","3":"status-publish","4":"has-post-thumbnail","6":"product_cat-uncategorised","8":"first","9":"instock","10":"sale","11":"purchasable","12":"product-type-simple"},"acf":[],"_links":{"self":[{"href":"https:\/\/www.regionalis.shop\/modellbau-kunsthandwerk\/wp-json\/wp\/v2\/product\/1086","targetHints":{"allow":["GET"]}}],"collection":[{"href":"https:\/\/www.regionalis.shop\/modellbau-kunsthandwerk\/wp-json\/wp\/v2\/product"}],"about":[{"href":"https:\/\/www.regionalis.shop\/modellbau-kunsthandwerk\/wp-json\/wp\/v2\/types\/product"}],"wp:featuredmedia":[{"embeddable":true,"href":"https:\/\/www.regionalis.shop\/modellbau-kunsthandwerk\/wp-json\/wp\/v2\/media\/1087"}],"wp:attachment":[{"href":"https:\/\/www.regionalis.shop\/modellbau-kunsthandwerk\/wp-json\/wp\/v2\/media?parent=1086"}],"wp:term":[{"taxonomy":"product_brand","embeddable":true,"href":"https:\/\/www.regionalis.shop\/modellbau-kunsthandwerk\/wp-json\/wp\/v2\/product_brand?post=1086"},{"taxonomy":"product_cat","embeddable":true,"href":"https:\/\/www.regionalis.shop\/modellbau-kunsthandwerk\/wp-json\/wp\/v2\/product_cat?post=1086"},{"taxonomy":"product_tag","embeddable":true,"href":"https:\/\/www.regionalis.shop\/modellbau-kunsthandwerk\/wp-json\/wp\/v2\/product_tag?post=1086"}],"curies":[{"name":"wp","href":"https:\/\/api.w.org\/{rel}","templated":true}]}}