{"id":1148,"date":"2025-11-22T16:59:51","date_gmt":"2025-11-22T15:59:51","guid":{"rendered":"https:\/\/www.regionalis.shop\/modellbau-kunsthandwerk\/?post_type=product&#038;p=1148"},"modified":"2025-11-22T17:02:16","modified_gmt":"2025-11-22T16:02:16","slug":"stallsegen","status":"publish","type":"product","link":"https:\/\/www.regionalis.shop\/modellbau-kunsthandwerk\/shop\/stallsegen\/","title":{"rendered":"Stallsegen"},"content":{"rendered":"<p>Stallsegen spruch laut Fotos.<\/p>\n<p>Variante 1 : aus Wasserfester Siebdruckplatte, f\u00fcr ausen geeignet.<\/p>\n<p>Variante 2: aus gebeitztem Pappelsperrholz, nicht Wasserfest.<\/p>\n<p>Gr\u00f6\u00dfe ca. 40 cm x 25 cm<\/p>\n","protected":false},"excerpt":{"rendered":"<p>Stallsegen spruch laut Fotos. Variante 1 : aus Wasserfester Siebdruckplatte, f\u00fcr ausen geeignet. Variante 2: aus gebeitztem Pappelsperrholz, nicht Wasserfest. Gr\u00f6\u00dfe ca. 40 cm x 25 cm<\/p>\n","protected":false},"featured_media":1149,"template":"","meta":{"_acf_changed":false},"product_brand":[],"product_cat":[18],"product_tag":[],"class_list":{"0":"post-1148","1":"product","2":"type-product","3":"status-publish","4":"has-post-thumbnail","6":"product_cat-uncategorised","8":"first","9":"instock","10":"sale","11":"purchasable","12":"product-type-variable"},"acf":[],"_links":{"self":[{"href":"https:\/\/www.regionalis.shop\/modellbau-kunsthandwerk\/wp-json\/wp\/v2\/product\/1148","targetHints":{"allow":["GET"]}}],"collection":[{"href":"https:\/\/www.regionalis.shop\/modellbau-kunsthandwerk\/wp-json\/wp\/v2\/product"}],"about":[{"href":"https:\/\/www.regionalis.shop\/modellbau-kunsthandwerk\/wp-json\/wp\/v2\/types\/product"}],"wp:featuredmedia":[{"embeddable":true,"href":"https:\/\/www.regionalis.shop\/modellbau-kunsthandwerk\/wp-json\/wp\/v2\/media\/1149"}],"wp:attachment":[{"href":"https:\/\/www.regionalis.shop\/modellbau-kunsthandwerk\/wp-json\/wp\/v2\/media?parent=1148"}],"wp:term":[{"taxonomy":"product_brand","embeddable":true,"href":"https:\/\/www.regionalis.shop\/modellbau-kunsthandwerk\/wp-json\/wp\/v2\/product_brand?post=1148"},{"taxonomy":"product_cat","embeddable":true,"href":"https:\/\/www.regionalis.shop\/modellbau-kunsthandwerk\/wp-json\/wp\/v2\/product_cat?post=1148"},{"taxonomy":"product_tag","embeddable":true,"href":"https:\/\/www.regionalis.shop\/modellbau-kunsthandwerk\/wp-json\/wp\/v2\/product_tag?post=1148"}],"curies":[{"name":"wp","href":"https:\/\/api.w.org\/{rel}","templated":true}]}}