{"id":1153,"date":"2025-11-22T17:21:05","date_gmt":"2025-11-22T16:21:05","guid":{"rendered":"https:\/\/www.regionalis.shop\/modellbau-kunsthandwerk\/?post_type=product&#038;p=1153"},"modified":"2025-11-22T17:59:46","modified_gmt":"2025-11-22T16:59:46","slug":"wanduhr-verschiedene-designs","status":"publish","type":"product","link":"https:\/\/www.regionalis.shop\/modellbau-kunsthandwerk\/shop\/wanduhr-verschiedene-designs\/","title":{"rendered":"Wanduhr verschiedene Designs"},"content":{"rendered":"<p>Wanduhren, verschiedene Designs.<\/p>\n<p>Gr\u00f6\u00dfen zwischen 32 und 35 cm.<\/p>\n<p>Aus hochwertigem Birken oder Lindensperrholz.<\/p>\n<p>Inkl. Uhrwerk.<\/p>\n<p>Auf Wunsch fast jedes Design m\u00f6glich!<\/p>\n<p>&nbsp;<\/p>\n<p>&nbsp;<\/p>\n","protected":false},"excerpt":{"rendered":"<p>Wanduhren, verschiedene Designs. Gr\u00f6\u00dfen zwischen 32 und 35 cm. Aus hochwertigem Birken oder Lindensperrholz. Inkl. Uhrwerk. Auf Wunsch fast jedes Design m\u00f6glich! &nbsp; &nbsp;<\/p>\n","protected":false},"featured_media":1176,"template":"","meta":{"_acf_changed":false},"product_brand":[],"product_cat":[18],"product_tag":[],"class_list":{"0":"post-1153","1":"product","2":"type-product","3":"status-publish","4":"has-post-thumbnail","6":"product_cat-uncategorised","8":"first","9":"instock","10":"sale","11":"purchasable","12":"product-type-variable"},"acf":[],"_links":{"self":[{"href":"https:\/\/www.regionalis.shop\/modellbau-kunsthandwerk\/wp-json\/wp\/v2\/product\/1153","targetHints":{"allow":["GET"]}}],"collection":[{"href":"https:\/\/www.regionalis.shop\/modellbau-kunsthandwerk\/wp-json\/wp\/v2\/product"}],"about":[{"href":"https:\/\/www.regionalis.shop\/modellbau-kunsthandwerk\/wp-json\/wp\/v2\/types\/product"}],"wp:featuredmedia":[{"embeddable":true,"href":"https:\/\/www.regionalis.shop\/modellbau-kunsthandwerk\/wp-json\/wp\/v2\/media\/1176"}],"wp:attachment":[{"href":"https:\/\/www.regionalis.shop\/modellbau-kunsthandwerk\/wp-json\/wp\/v2\/media?parent=1153"}],"wp:term":[{"taxonomy":"product_brand","embeddable":true,"href":"https:\/\/www.regionalis.shop\/modellbau-kunsthandwerk\/wp-json\/wp\/v2\/product_brand?post=1153"},{"taxonomy":"product_cat","embeddable":true,"href":"https:\/\/www.regionalis.shop\/modellbau-kunsthandwerk\/wp-json\/wp\/v2\/product_cat?post=1153"},{"taxonomy":"product_tag","embeddable":true,"href":"https:\/\/www.regionalis.shop\/modellbau-kunsthandwerk\/wp-json\/wp\/v2\/product_tag?post=1153"}],"curies":[{"name":"wp","href":"https:\/\/api.w.org\/{rel}","templated":true}]}}