{"id":1180,"date":"2025-11-25T07:27:12","date_gmt":"2025-11-25T06:27:12","guid":{"rendered":"https:\/\/www.regionalis.shop\/modellbau-kunsthandwerk\/?post_type=product&#038;p=1180"},"modified":"2025-11-25T07:27:36","modified_gmt":"2025-11-25T06:27:36","slug":"schnaps-schaukelstuhl","status":"publish","type":"product","link":"https:\/\/www.regionalis.shop\/modellbau-kunsthandwerk\/shop\/schnaps-schaukelstuhl\/","title":{"rendered":"Schnaps Schaukelstuhl"},"content":{"rendered":"<p>Schnaps Schaukelstuhl<br \/>\nSchild auf der Vorderseite individuell gestaltbar, bitte bei Bestellung in der Nachricht anf\u00fcgen. Wunschtext im Preis enthalten.<\/p>\n<p>Gefertigt aus Stabilem Birken oder Lindensperrholz.<br \/>\nInkl. 6 Schnapsgl\u00e4sern, OHNE Schnapsflasche.<\/p>\n<p>Gr\u00f6\u00dfe ca. h 26cm b 22cm t 20cm<\/p>\n","protected":false},"excerpt":{"rendered":"<p>Schnaps Schaukelstuhl Schild auf der Vorderseite individuell gestaltbar, bitte bei Bestellung in der Nachricht anf\u00fcgen. Wunschtext im Preis enthalten. Gefertigt aus Stabilem Birken oder Lindensperrholz. Inkl. 6 Schnapsgl\u00e4sern, OHNE Schnapsflasche. Gr\u00f6\u00dfe ca. h 26cm b 22cm t 20cm<\/p>\n","protected":false},"featured_media":1184,"template":"","meta":{"_acf_changed":false},"product_brand":[],"product_cat":[18],"product_tag":[],"class_list":{"0":"post-1180","1":"product","2":"type-product","3":"status-publish","4":"has-post-thumbnail","6":"product_cat-uncategorised","8":"first","9":"instock","10":"purchasable","11":"product-type-simple"},"acf":[],"_links":{"self":[{"href":"https:\/\/www.regionalis.shop\/modellbau-kunsthandwerk\/wp-json\/wp\/v2\/product\/1180","targetHints":{"allow":["GET"]}}],"collection":[{"href":"https:\/\/www.regionalis.shop\/modellbau-kunsthandwerk\/wp-json\/wp\/v2\/product"}],"about":[{"href":"https:\/\/www.regionalis.shop\/modellbau-kunsthandwerk\/wp-json\/wp\/v2\/types\/product"}],"wp:featuredmedia":[{"embeddable":true,"href":"https:\/\/www.regionalis.shop\/modellbau-kunsthandwerk\/wp-json\/wp\/v2\/media\/1184"}],"wp:attachment":[{"href":"https:\/\/www.regionalis.shop\/modellbau-kunsthandwerk\/wp-json\/wp\/v2\/media?parent=1180"}],"wp:term":[{"taxonomy":"product_brand","embeddable":true,"href":"https:\/\/www.regionalis.shop\/modellbau-kunsthandwerk\/wp-json\/wp\/v2\/product_brand?post=1180"},{"taxonomy":"product_cat","embeddable":true,"href":"https:\/\/www.regionalis.shop\/modellbau-kunsthandwerk\/wp-json\/wp\/v2\/product_cat?post=1180"},{"taxonomy":"product_tag","embeddable":true,"href":"https:\/\/www.regionalis.shop\/modellbau-kunsthandwerk\/wp-json\/wp\/v2\/product_tag?post=1180"}],"curies":[{"name":"wp","href":"https:\/\/api.w.org\/{rel}","templated":true}]}}