{"id":1188,"date":"2025-11-25T08:04:15","date_gmt":"2025-11-25T07:04:15","guid":{"rendered":"https:\/\/www.regionalis.shop\/modellbau-kunsthandwerk\/?post_type=product&#038;p=1188"},"modified":"2025-11-25T09:37:57","modified_gmt":"2025-11-25T08:37:57","slug":"paerchen-schluesselanhaenger-verschiedene-motive","status":"publish","type":"product","link":"https:\/\/www.regionalis.shop\/modellbau-kunsthandwerk\/shop\/paerchen-schluesselanhaenger-verschiedene-motive\/","title":{"rendered":"P\u00e4rchen Schl\u00fcsselanh\u00e4nger, verschiedene Motive"},"content":{"rendered":"<p>Tier Schl\u00fcsselanh\u00e4nger immer als P\u00e4rchen, wie auf den Fotos.<\/p>\n<p>Gr\u00f6\u00dfe ca. 6&#215;6 cm, je nach Tier unterschiedlich.<\/p>\n<p>Gefertigt aus stabilem 3mm Birkensperrholz.<\/p>\n<p>Varianten:<\/p>\n<p>Nr. 1 Dinosaurier<br \/>\nNr. 2 Igel<br \/>\nNr. 3 Delphin<br \/>\nNr. 4 Elefanten<br \/>\nNr. 5 Katzen<br \/>\nNr. 6 Eichh\u00f6rnchen<br \/>\nNr. 7 Hasen<br \/>\nNr. 8 Giraffen<br \/>\nNr. 9 Nilpferd<br \/>\nNr. 10 Schafe<\/p>\n<p>Bitte vergessen Sie nicht, die Anh\u00e4nger bestehen aus Holz.<br \/>\nSie sind sehr stabil aber bei starkem Gebrauch k\u00f6nnen Teile abbrechen.<\/p>\n","protected":false},"excerpt":{"rendered":"<p>Tier Schl\u00fcsselanh\u00e4nger immer als P\u00e4rchen, wie auf den Fotos. Gr\u00f6\u00dfe ca. 6&#215;6 cm, je nach Tier unterschiedlich. Gefertigt aus stabilem 3mm Birkensperrholz. Varianten: Nr. 1 Dinosaurier Nr. 2 Igel Nr. 3 Delphin Nr. 4 Elefanten Nr. 5 Katzen Nr. 6 Eichh\u00f6rnchen Nr. 7 Hasen Nr. 8 Giraffen Nr. 9 Nilpferd Nr. 10 Schafe Bitte vergessen &hellip; <a href=\"https:\/\/www.regionalis.shop\/modellbau-kunsthandwerk\/shop\/paerchen-schluesselanhaenger-verschiedene-motive\/\">Continued<\/a><\/p>\n","protected":false},"featured_media":1189,"template":"","meta":{"_acf_changed":false},"product_brand":[],"product_cat":[18],"product_tag":[],"class_list":{"0":"post-1188","1":"product","2":"type-product","3":"status-publish","4":"has-post-thumbnail","6":"product_cat-uncategorised","8":"first","9":"instock","10":"purchasable","11":"product-type-variable"},"acf":[],"_links":{"self":[{"href":"https:\/\/www.regionalis.shop\/modellbau-kunsthandwerk\/wp-json\/wp\/v2\/product\/1188","targetHints":{"allow":["GET"]}}],"collection":[{"href":"https:\/\/www.regionalis.shop\/modellbau-kunsthandwerk\/wp-json\/wp\/v2\/product"}],"about":[{"href":"https:\/\/www.regionalis.shop\/modellbau-kunsthandwerk\/wp-json\/wp\/v2\/types\/product"}],"wp:featuredmedia":[{"embeddable":true,"href":"https:\/\/www.regionalis.shop\/modellbau-kunsthandwerk\/wp-json\/wp\/v2\/media\/1189"}],"wp:attachment":[{"href":"https:\/\/www.regionalis.shop\/modellbau-kunsthandwerk\/wp-json\/wp\/v2\/media?parent=1188"}],"wp:term":[{"taxonomy":"product_brand","embeddable":true,"href":"https:\/\/www.regionalis.shop\/modellbau-kunsthandwerk\/wp-json\/wp\/v2\/product_brand?post=1188"},{"taxonomy":"product_cat","embeddable":true,"href":"https:\/\/www.regionalis.shop\/modellbau-kunsthandwerk\/wp-json\/wp\/v2\/product_cat?post=1188"},{"taxonomy":"product_tag","embeddable":true,"href":"https:\/\/www.regionalis.shop\/modellbau-kunsthandwerk\/wp-json\/wp\/v2\/product_tag?post=1188"}],"curies":[{"name":"wp","href":"https:\/\/api.w.org\/{rel}","templated":true}]}}