{"id":1066,"date":"2025-04-18T09:38:47","date_gmt":"2025-04-18T07:38:47","guid":{"rendered":"https:\/\/www.regionalis.shop\/natur-stueck\/product\/steinbild-puzzle\/"},"modified":"2025-04-18T09:38:47","modified_gmt":"2025-04-18T07:38:47","slug":"steinbild-puzzle","status":"publish","type":"product","link":"https:\/\/www.regionalis.shop\/natur-stueck\/shop\/steinbild-puzzle\/","title":{"rendered":"Steinbild Puzzle"},"content":{"rendered":"<p>&#8211;Steinbild &#8212;<br \/>\n&#8211;Liebe ist, &#8230; wie ein Puzzle. Nur was passt geh\u00f6rt auch zusammen.&#8211;<\/p>\n<p>Nettes Valentinsgeschenk oder als Geschenk f\u00fcr Geburtstag usw.<\/p>\n<p>2 Herzen aus Raysin schm\u00fccken das Bild und verleihen einen 3d-Effekt.<\/p>\n","protected":false},"excerpt":{"rendered":"<p>&#8211;Steinbild &#8212; &#8211;Liebe ist, &#8230; wie ein Puzzle. Nur was passt geh\u00f6rt auch zusammen.&#8211; Nettes Valentinsgeschenk oder als Geschenk f\u00fcr Geburtstag usw. 2 Herzen aus Raysin schm\u00fccken das Bild und verleihen einen 3d-Effekt.<\/p>\n","protected":false},"featured_media":1067,"template":"","meta":{"_acf_changed":false},"product_brand":[],"product_cat":[174,103],"product_tag":[],"class_list":{"0":"post-1066","1":"product","2":"type-product","3":"status-publish","4":"has-post-thumbnail","6":"product_cat-wohndekoration","7":"product_cat-wohnen-deko","9":"first","10":"instock","11":"purchasable","12":"product-type-simple"},"acf":[],"_links":{"self":[{"href":"https:\/\/www.regionalis.shop\/natur-stueck\/wp-json\/wp\/v2\/product\/1066","targetHints":{"allow":["GET"]}}],"collection":[{"href":"https:\/\/www.regionalis.shop\/natur-stueck\/wp-json\/wp\/v2\/product"}],"about":[{"href":"https:\/\/www.regionalis.shop\/natur-stueck\/wp-json\/wp\/v2\/types\/product"}],"wp:featuredmedia":[{"embeddable":true,"href":"https:\/\/www.regionalis.shop\/natur-stueck\/wp-json\/wp\/v2\/media\/1067"}],"wp:attachment":[{"href":"https:\/\/www.regionalis.shop\/natur-stueck\/wp-json\/wp\/v2\/media?parent=1066"}],"wp:term":[{"taxonomy":"product_brand","embeddable":true,"href":"https:\/\/www.regionalis.shop\/natur-stueck\/wp-json\/wp\/v2\/product_brand?post=1066"},{"taxonomy":"product_cat","embeddable":true,"href":"https:\/\/www.regionalis.shop\/natur-stueck\/wp-json\/wp\/v2\/product_cat?post=1066"},{"taxonomy":"product_tag","embeddable":true,"href":"https:\/\/www.regionalis.shop\/natur-stueck\/wp-json\/wp\/v2\/product_tag?post=1066"}],"curies":[{"name":"wp","href":"https:\/\/api.w.org\/{rel}","templated":true}]}}