{"id":1074,"date":"2025-04-18T07:07:53","date_gmt":"2025-04-18T05:07:53","guid":{"rendered":"https:\/\/www.regionalis.shop\/natur-stueck\/product\/hochzeitssteinbild-fuer-geldgeschenk\/"},"modified":"2025-04-18T07:07:53","modified_gmt":"2025-04-18T05:07:53","slug":"hochzeitssteinbild-fuer-geldgeschenk","status":"publish","type":"product","link":"https:\/\/www.regionalis.shop\/natur-stueck\/shop\/hochzeitssteinbild-fuer-geldgeschenk\/","title":{"rendered":"Hochzeitssteinbild f\u00fcr Geldgeschenk"},"content":{"rendered":"<p>&#8211;Hochzeitssteinbild f\u00fcr Geldgeschenke&#8211;<br \/>\nSehr nettes Mitbringsel f\u00fcr die Hochzeit um das Geldgeschenk originell zu verpacken<\/p>\n<p>Namen und Datum individuell anpassbar<br \/>\nRahmenfarbe frei w\u00e4hlbar<\/p>\n<p>Versand gerne m\u00f6glich<\/p>\n","protected":false},"excerpt":{"rendered":"<p>&#8211;Hochzeitssteinbild f\u00fcr Geldgeschenke&#8211; Sehr nettes Mitbringsel f\u00fcr die Hochzeit um das Geldgeschenk originell zu verpacken Namen und Datum individuell anpassbar Rahmenfarbe frei w\u00e4hlbar Versand gerne m\u00f6glich<\/p>\n","protected":false},"featured_media":1075,"template":"","meta":{"_acf_changed":false},"product_brand":[],"product_cat":[174,103],"product_tag":[],"class_list":{"0":"post-1074","1":"product","2":"type-product","3":"status-publish","4":"has-post-thumbnail","6":"product_cat-wohndekoration","7":"product_cat-wohnen-deko","9":"first","10":"instock","11":"purchasable","12":"product-type-simple"},"acf":[],"_links":{"self":[{"href":"https:\/\/www.regionalis.shop\/natur-stueck\/wp-json\/wp\/v2\/product\/1074","targetHints":{"allow":["GET"]}}],"collection":[{"href":"https:\/\/www.regionalis.shop\/natur-stueck\/wp-json\/wp\/v2\/product"}],"about":[{"href":"https:\/\/www.regionalis.shop\/natur-stueck\/wp-json\/wp\/v2\/types\/product"}],"wp:featuredmedia":[{"embeddable":true,"href":"https:\/\/www.regionalis.shop\/natur-stueck\/wp-json\/wp\/v2\/media\/1075"}],"wp:attachment":[{"href":"https:\/\/www.regionalis.shop\/natur-stueck\/wp-json\/wp\/v2\/media?parent=1074"}],"wp:term":[{"taxonomy":"product_brand","embeddable":true,"href":"https:\/\/www.regionalis.shop\/natur-stueck\/wp-json\/wp\/v2\/product_brand?post=1074"},{"taxonomy":"product_cat","embeddable":true,"href":"https:\/\/www.regionalis.shop\/natur-stueck\/wp-json\/wp\/v2\/product_cat?post=1074"},{"taxonomy":"product_tag","embeddable":true,"href":"https:\/\/www.regionalis.shop\/natur-stueck\/wp-json\/wp\/v2\/product_tag?post=1074"}],"curies":[{"name":"wp","href":"https:\/\/api.w.org\/{rel}","templated":true}]}}