{"id":1052,"date":"2025-04-18T11:21:05","date_gmt":"2025-04-18T09:21:05","guid":{"rendered":"https:\/\/www.regionalis.shop\/naturtraeume\/product\/acrylschild-tischnummer\/"},"modified":"2025-04-18T11:21:05","modified_gmt":"2025-04-18T09:21:05","slug":"acrylschild-tischnummer","status":"publish","type":"product","link":"https:\/\/www.regionalis.shop\/naturtraeume\/shop\/acrylschild-tischnummer\/","title":{"rendered":"Acrylschild Tischnummer"},"content":{"rendered":"<p>Acrylschild Tischnummer<\/p>\n<p>Unsere Acrylschilder sind ein ganz besonderes Extra f\u00fcr eure Hochzeitstafel. Die Tischnummern erg\u00e4nzen eure Hochzeitsdekoration perfekt und erm\u00f6glichen es euren G\u00e4sten ihre Pl\u00e4tze schnell zu finden.<br \/>\nDie Tischnummern gibt es in verschiedenen Formen.<\/p>\n<p>Die Acrylscheiben sind entweder klar oder auf der R\u00fcckseite in eurer Wunschfarbe bemalt. Auf der Vorderseite wird der Schriftzug aufgeplottet.<\/p>\n<p>Ihr habt die Wahl aus unterschiedlichen Farbkombinationen.<br \/>\nSollte eure Wunschkombi jedoch nicht dabei sein, oder ihr eine andere Schrift in eurer Papeterie haben, schreibt uns gerne eine Nachricht! Wir tun unser bestes, um eure W\u00fcnsche zu erf\u00fcllen.<\/p>\n<p>H\u00f6he: 15cm<br \/>\nBreite: 10cm<\/p>\n<p>Hintergrundfarben:<br \/>\n&#8211; Klar<br \/>\n&#8211; Wei\u00df<br \/>\n&#8211; Pfirsich hell<br \/>\n&#8211; Olivgr\u00fcn<\/p>\n<p>Schriftfarben:<br \/>\n&#8211; Wei\u00df<br \/>\n&#8211; Schwarz<br \/>\n&#8211; Gold<\/p>\n","protected":false},"excerpt":{"rendered":"<p>Acrylschild Tischnummer Unsere Acrylschilder sind ein ganz besonderes Extra f\u00fcr eure Hochzeitstafel. Die Tischnummern erg\u00e4nzen eure Hochzeitsdekoration perfekt und erm\u00f6glichen es euren G\u00e4sten ihre Pl\u00e4tze schnell zu finden. Die Tischnummern gibt es in verschiedenen Formen. Die Acrylscheiben sind entweder klar oder auf der R\u00fcckseite in eurer Wunschfarbe bemalt. Auf der Vorderseite wird der Schriftzug aufgeplottet. &hellip; <a href=\"https:\/\/www.regionalis.shop\/naturtraeume\/shop\/acrylschild-tischnummer\/\">Continued<\/a><\/p>\n","protected":false},"featured_media":1053,"template":"","meta":{"_acf_changed":false},"product_brand":[],"product_cat":[169,103],"product_tag":[],"class_list":{"0":"post-1052","1":"product","2":"type-product","3":"status-publish","4":"has-post-thumbnail","6":"product_cat-sonstiges-wohnen-deko","7":"product_cat-wohnen-deko","9":"first","10":"instock","11":"purchasable","12":"product-type-simple"},"acf":[],"_links":{"self":[{"href":"https:\/\/www.regionalis.shop\/naturtraeume\/wp-json\/wp\/v2\/product\/1052","targetHints":{"allow":["GET"]}}],"collection":[{"href":"https:\/\/www.regionalis.shop\/naturtraeume\/wp-json\/wp\/v2\/product"}],"about":[{"href":"https:\/\/www.regionalis.shop\/naturtraeume\/wp-json\/wp\/v2\/types\/product"}],"wp:featuredmedia":[{"embeddable":true,"href":"https:\/\/www.regionalis.shop\/naturtraeume\/wp-json\/wp\/v2\/media\/1053"}],"wp:attachment":[{"href":"https:\/\/www.regionalis.shop\/naturtraeume\/wp-json\/wp\/v2\/media?parent=1052"}],"wp:term":[{"taxonomy":"product_brand","embeddable":true,"href":"https:\/\/www.regionalis.shop\/naturtraeume\/wp-json\/wp\/v2\/product_brand?post=1052"},{"taxonomy":"product_cat","embeddable":true,"href":"https:\/\/www.regionalis.shop\/naturtraeume\/wp-json\/wp\/v2\/product_cat?post=1052"},{"taxonomy":"product_tag","embeddable":true,"href":"https:\/\/www.regionalis.shop\/naturtraeume\/wp-json\/wp\/v2\/product_tag?post=1052"}],"curies":[{"name":"wp","href":"https:\/\/api.w.org\/{rel}","templated":true}]}}