{"id":1066,"date":"2025-04-18T11:20:37","date_gmt":"2025-04-18T09:20:37","guid":{"rendered":"https:\/\/www.regionalis.shop\/naturtraeume\/product\/personalisierter-aufkleber-hochzeitskleiderbuegel\/"},"modified":"2025-04-18T11:20:37","modified_gmt":"2025-04-18T09:20:37","slug":"personalisierter-aufkleber-hochzeitskleiderbuegel","status":"publish","type":"product","link":"https:\/\/www.regionalis.shop\/naturtraeume\/shop\/personalisierter-aufkleber-hochzeitskleiderbuegel\/","title":{"rendered":"Personalisierter Aufkleber Hochzeitskleiderb\u00fcgel"},"content":{"rendered":"<p>Personalisierter Aufkleber Hochzeitskleiderb\u00fcgel<\/p>\n<p>Unser personalisierter Aufkleber f\u00fcr den Hochzeitskleiderb\u00fcgel ist ein praktisches und dekoratives Accessoire, welches dazu beitr\u00e4gt, den Hochzeitstag noch unvergesslicher zu machen. Sie sind ein wirkungsvolles Fotoaccessoire und ein sch\u00f6nes Andenken an den sch\u00f6nsten Tag in eurem Leben.<\/p>\n<p>Nach der Hochzeit k\u00f6nnt ihr die Hochzeitskleiderb\u00fcgel zur Aufbewahrung eurer Hochzeitskleidung nutzen.<br \/>\nDie B\u00fcgel sind auch ein sch\u00f6nes Geschenk f\u00fcr Trauzeugen, Brautjungfern,&#8230;<\/p>\n<p>Ihr erhaltet den Vinyl-Schriftzug inkl. Transferfolie zur leichten Anbringung des Aufklebers auf eurem Kleiderb\u00fcgel.<\/p>\n<p>Bitte gebt euren Wunschnamen im Bestellverlauf ab!<br \/>\nSolltet ihr eine andere Beschriftung w\u00fcnschen, kontaktiert uns gerne!<\/p>\n<p>Breite: 5cm<br \/>\nSt\u00e4rke: 3,5cm<\/p>\n","protected":false},"excerpt":{"rendered":"<p>Personalisierter Aufkleber Hochzeitskleiderb\u00fcgel Unser personalisierter Aufkleber f\u00fcr den Hochzeitskleiderb\u00fcgel ist ein praktisches und dekoratives Accessoire, welches dazu beitr\u00e4gt, den Hochzeitstag noch unvergesslicher zu machen. Sie sind ein wirkungsvolles Fotoaccessoire und ein sch\u00f6nes Andenken an den sch\u00f6nsten Tag in eurem Leben. Nach der Hochzeit k\u00f6nnt ihr die Hochzeitskleiderb\u00fcgel zur Aufbewahrung eurer Hochzeitskleidung nutzen. Die B\u00fcgel sind &hellip; <a href=\"https:\/\/www.regionalis.shop\/naturtraeume\/shop\/personalisierter-aufkleber-hochzeitskleiderbuegel\/\">Continued<\/a><\/p>\n","protected":false},"featured_media":1067,"template":"","meta":{"_acf_changed":false},"product_brand":[],"product_cat":[174,103],"product_tag":[],"class_list":{"0":"post-1066","1":"product","2":"type-product","3":"status-publish","4":"has-post-thumbnail","6":"product_cat-wohndekoration","7":"product_cat-wohnen-deko","9":"first","10":"instock","11":"purchasable","12":"product-type-simple"},"acf":[],"_links":{"self":[{"href":"https:\/\/www.regionalis.shop\/naturtraeume\/wp-json\/wp\/v2\/product\/1066","targetHints":{"allow":["GET"]}}],"collection":[{"href":"https:\/\/www.regionalis.shop\/naturtraeume\/wp-json\/wp\/v2\/product"}],"about":[{"href":"https:\/\/www.regionalis.shop\/naturtraeume\/wp-json\/wp\/v2\/types\/product"}],"wp:featuredmedia":[{"embeddable":true,"href":"https:\/\/www.regionalis.shop\/naturtraeume\/wp-json\/wp\/v2\/media\/1067"}],"wp:attachment":[{"href":"https:\/\/www.regionalis.shop\/naturtraeume\/wp-json\/wp\/v2\/media?parent=1066"}],"wp:term":[{"taxonomy":"product_brand","embeddable":true,"href":"https:\/\/www.regionalis.shop\/naturtraeume\/wp-json\/wp\/v2\/product_brand?post=1066"},{"taxonomy":"product_cat","embeddable":true,"href":"https:\/\/www.regionalis.shop\/naturtraeume\/wp-json\/wp\/v2\/product_cat?post=1066"},{"taxonomy":"product_tag","embeddable":true,"href":"https:\/\/www.regionalis.shop\/naturtraeume\/wp-json\/wp\/v2\/product_tag?post=1066"}],"curies":[{"name":"wp","href":"https:\/\/api.w.org\/{rel}","templated":true}]}}