{"id":1075,"date":"2025-04-18T10:55:20","date_gmt":"2025-04-18T08:55:20","guid":{"rendered":"https:\/\/www.regionalis.shop\/naturtraeume\/product\/hochzeitsschild-fotobox\/"},"modified":"2025-04-18T10:55:20","modified_gmt":"2025-04-18T08:55:20","slug":"hochzeitsschild-fotobox","status":"publish","type":"product","link":"https:\/\/www.regionalis.shop\/naturtraeume\/shop\/hochzeitsschild-fotobox\/","title":{"rendered":"Hochzeitsschild Fotobox"},"content":{"rendered":"<p>Hochzeitsschild Fotobox<\/p>\n<p>Mit unserem s\u00fc\u00dfen Hochzeitsschild Fotobox lenkt ihr die Aufmerksamkeit eurer G\u00e4ste ganz sicher auf eure Fotobox, um damit viele lustige Erinnerungen an eure Hochzeit zu schaffen.<\/p>\n<p>Das Holzschild ist aus 6mm dickem Pappelholz gemacht, welches in der Farbe Nussbaum gebeizt ist. Dadurch hat es eine sch\u00f6ne dunkelbraune Farbe. Die Schrift ist mit wei\u00dfer Folie aufgeplottet.<\/p>\n<p>Solltet ihr eine andere Hintergrundfarbe oder Schrift wollen, schreibt uns gerne eine Nachricht! Wir tun unser bestes, um eure W\u00fcnsche zu erf\u00fcllen.<\/p>\n<p>H\u00f6he: 42cm<br \/>\nBreite: 30cm<\/p>\n","protected":false},"excerpt":{"rendered":"<p>Hochzeitsschild Fotobox Mit unserem s\u00fc\u00dfen Hochzeitsschild Fotobox lenkt ihr die Aufmerksamkeit eurer G\u00e4ste ganz sicher auf eure Fotobox, um damit viele lustige Erinnerungen an eure Hochzeit zu schaffen. Das Holzschild ist aus 6mm dickem Pappelholz gemacht, welches in der Farbe Nussbaum gebeizt ist. Dadurch hat es eine sch\u00f6ne dunkelbraune Farbe. Die Schrift ist mit wei\u00dfer &hellip; <a href=\"https:\/\/www.regionalis.shop\/naturtraeume\/shop\/hochzeitsschild-fotobox\/\">Continued<\/a><\/p>\n","protected":false},"featured_media":1076,"template":"","meta":{"_acf_changed":false},"product_brand":[],"product_cat":[174,103],"product_tag":[],"class_list":{"0":"post-1075","1":"product","2":"type-product","3":"status-publish","4":"has-post-thumbnail","6":"product_cat-wohndekoration","7":"product_cat-wohnen-deko","9":"first","10":"instock","11":"purchasable","12":"product-type-simple"},"acf":[],"_links":{"self":[{"href":"https:\/\/www.regionalis.shop\/naturtraeume\/wp-json\/wp\/v2\/product\/1075","targetHints":{"allow":["GET"]}}],"collection":[{"href":"https:\/\/www.regionalis.shop\/naturtraeume\/wp-json\/wp\/v2\/product"}],"about":[{"href":"https:\/\/www.regionalis.shop\/naturtraeume\/wp-json\/wp\/v2\/types\/product"}],"wp:featuredmedia":[{"embeddable":true,"href":"https:\/\/www.regionalis.shop\/naturtraeume\/wp-json\/wp\/v2\/media\/1076"}],"wp:attachment":[{"href":"https:\/\/www.regionalis.shop\/naturtraeume\/wp-json\/wp\/v2\/media?parent=1075"}],"wp:term":[{"taxonomy":"product_brand","embeddable":true,"href":"https:\/\/www.regionalis.shop\/naturtraeume\/wp-json\/wp\/v2\/product_brand?post=1075"},{"taxonomy":"product_cat","embeddable":true,"href":"https:\/\/www.regionalis.shop\/naturtraeume\/wp-json\/wp\/v2\/product_cat?post=1075"},{"taxonomy":"product_tag","embeddable":true,"href":"https:\/\/www.regionalis.shop\/naturtraeume\/wp-json\/wp\/v2\/product_tag?post=1075"}],"curies":[{"name":"wp","href":"https:\/\/api.w.org\/{rel}","templated":true}]}}