{"id":1079,"date":"2025-04-18T10:55:20","date_gmt":"2025-04-18T08:55:20","guid":{"rendered":"https:\/\/www.regionalis.shop\/naturtraeume\/product\/holzschild-geschenketisch\/"},"modified":"2025-04-18T10:55:20","modified_gmt":"2025-04-18T08:55:20","slug":"holzschild-geschenketisch","status":"publish","type":"product","link":"https:\/\/www.regionalis.shop\/naturtraeume\/shop\/holzschild-geschenketisch\/","title":{"rendered":"Holzschild Geschenketisch"},"content":{"rendered":"<p>Holzschild Geschenketisch<\/p>\n<p>Das Holzschild ist ein elegantes Accessoire f\u00fcr jede Hochzeitsfeier. Das handgefertigte Schild ist nicht nur eine praktische M\u00f6glichkeit, um auf euren Geschenktisch hinzuweisen, sondern auch ein wundersch\u00f6nes dekoratives Element f\u00fcr jede Hochzeitslocation. Das Schild kann durch verschiedene Schriftarten personalisiert werden, um das Thema und den Stil der Feier perfekt zu erg\u00e4nzen. Mit diesem Schild wird jeder Hochzeitstisch zu einem wahren Blickfang und die Feier zu einem unvergesslichen Ereignis.<\/p>\n<p>Das Holzschild ist aus 6mm dickem Pappelholz gemacht, welches in der Farbe Nussbaum gebeizt ist. Dadurch hat es eine sch\u00f6ne dunkelbraune Farbe. Die Schrift ist mit wei\u00dfer Folie aufgeplottet.<\/p>\n<p>Solltet ihr eine andere Hintergrundfarbe oder Schrift wollen, schreibt uns gerne eine Nachricht! Wir tun unser bestes, um eure W\u00fcnsche zu erf\u00fcllen.<\/p>\n<p>Gr\u00f6\u00dfe:<br \/>\nA5 (15 x 21cm)<br \/>\nA4 (21 x 30cm)<\/p>\n","protected":false},"excerpt":{"rendered":"<p>Holzschild Geschenketisch Das Holzschild ist ein elegantes Accessoire f\u00fcr jede Hochzeitsfeier. Das handgefertigte Schild ist nicht nur eine praktische M\u00f6glichkeit, um auf euren Geschenktisch hinzuweisen, sondern auch ein wundersch\u00f6nes dekoratives Element f\u00fcr jede Hochzeitslocation. Das Schild kann durch verschiedene Schriftarten personalisiert werden, um das Thema und den Stil der Feier perfekt zu erg\u00e4nzen. Mit diesem &hellip; <a href=\"https:\/\/www.regionalis.shop\/naturtraeume\/shop\/holzschild-geschenketisch\/\">Continued<\/a><\/p>\n","protected":false},"featured_media":1080,"template":"","meta":{"_acf_changed":false},"product_brand":[],"product_cat":[174,103],"product_tag":[],"class_list":{"0":"post-1079","1":"product","2":"type-product","3":"status-publish","4":"has-post-thumbnail","6":"product_cat-wohndekoration","7":"product_cat-wohnen-deko","9":"first","10":"instock","11":"purchasable","12":"product-type-simple"},"acf":[],"_links":{"self":[{"href":"https:\/\/www.regionalis.shop\/naturtraeume\/wp-json\/wp\/v2\/product\/1079","targetHints":{"allow":["GET"]}}],"collection":[{"href":"https:\/\/www.regionalis.shop\/naturtraeume\/wp-json\/wp\/v2\/product"}],"about":[{"href":"https:\/\/www.regionalis.shop\/naturtraeume\/wp-json\/wp\/v2\/types\/product"}],"wp:featuredmedia":[{"embeddable":true,"href":"https:\/\/www.regionalis.shop\/naturtraeume\/wp-json\/wp\/v2\/media\/1080"}],"wp:attachment":[{"href":"https:\/\/www.regionalis.shop\/naturtraeume\/wp-json\/wp\/v2\/media?parent=1079"}],"wp:term":[{"taxonomy":"product_brand","embeddable":true,"href":"https:\/\/www.regionalis.shop\/naturtraeume\/wp-json\/wp\/v2\/product_brand?post=1079"},{"taxonomy":"product_cat","embeddable":true,"href":"https:\/\/www.regionalis.shop\/naturtraeume\/wp-json\/wp\/v2\/product_cat?post=1079"},{"taxonomy":"product_tag","embeddable":true,"href":"https:\/\/www.regionalis.shop\/naturtraeume\/wp-json\/wp\/v2\/product_tag?post=1079"}],"curies":[{"name":"wp","href":"https:\/\/api.w.org\/{rel}","templated":true}]}}