{"id":1082,"date":"2025-04-18T10:52:43","date_gmt":"2025-04-18T08:52:43","guid":{"rendered":"https:\/\/www.regionalis.shop\/naturtraeume\/product\/willkommensschild-hochzeit\/"},"modified":"2025-04-18T10:52:43","modified_gmt":"2025-04-18T08:52:43","slug":"willkommensschild-hochzeit","status":"publish","type":"product","link":"https:\/\/www.regionalis.shop\/naturtraeume\/shop\/willkommensschild-hochzeit\/","title":{"rendered":"Willkommensschild Hochzeit"},"content":{"rendered":"<p>Willkommensschild Hochzeit<\/p>\n<p>Unser Willkommensschild ist ein elegantes und personalisiertes Accessoire, das den G\u00e4sten eine herzliche Begr\u00fc\u00dfung auf eurer Hochzeit bietet.<br \/>\nDas Schild kann im Eingangsbereich platziert werden und verleiht der Hochzeitsfeier einen besonderen und individuellen Touch.<\/p>\n<p>Das Holzschild ist aus 6mm dickem Pappelholz gemacht, welches mit wei\u00dfer Acrylfarben bemalt ist. Dadurch hat es eine sch\u00f6ne dunkelbraune Farbe. Die Schrift ist mit gold gl\u00e4nzender Folie aufgeplottet. Das Willkommensschild ist nat\u00fcrlich auch\u00a0 dunkelbraun gebeizt, mit wei\u00dfer Schrift erh\u00e4ltlich.<\/p>\n<p>Solltet ihr eine andere Hintergrundfarbe oder Schrift oder auch einen anderen Spruch wollen, schreibt uns gerne eine Nachricht! Wir tun unser Bestes, um eure W\u00fcnsche zu erf\u00fcllen.<\/p>\n<p>H\u00f6he: 60cm<br \/>\nBreite: 42cm<\/p>\n","protected":false},"excerpt":{"rendered":"<p>Willkommensschild Hochzeit Unser Willkommensschild ist ein elegantes und personalisiertes Accessoire, das den G\u00e4sten eine herzliche Begr\u00fc\u00dfung auf eurer Hochzeit bietet. Das Schild kann im Eingangsbereich platziert werden und verleiht der Hochzeitsfeier einen besonderen und individuellen Touch. Das Holzschild ist aus 6mm dickem Pappelholz gemacht, welches mit wei\u00dfer Acrylfarben bemalt ist. Dadurch hat es eine sch\u00f6ne &hellip; <a href=\"https:\/\/www.regionalis.shop\/naturtraeume\/shop\/willkommensschild-hochzeit\/\">Continued<\/a><\/p>\n","protected":false},"featured_media":1083,"template":"","meta":{"_acf_changed":false},"product_brand":[],"product_cat":[174,103],"product_tag":[],"class_list":{"0":"post-1082","1":"product","2":"type-product","3":"status-publish","4":"has-post-thumbnail","6":"product_cat-wohndekoration","7":"product_cat-wohnen-deko","9":"first","10":"instock","11":"purchasable","12":"product-type-simple"},"acf":[],"_links":{"self":[{"href":"https:\/\/www.regionalis.shop\/naturtraeume\/wp-json\/wp\/v2\/product\/1082","targetHints":{"allow":["GET"]}}],"collection":[{"href":"https:\/\/www.regionalis.shop\/naturtraeume\/wp-json\/wp\/v2\/product"}],"about":[{"href":"https:\/\/www.regionalis.shop\/naturtraeume\/wp-json\/wp\/v2\/types\/product"}],"wp:featuredmedia":[{"embeddable":true,"href":"https:\/\/www.regionalis.shop\/naturtraeume\/wp-json\/wp\/v2\/media\/1083"}],"wp:attachment":[{"href":"https:\/\/www.regionalis.shop\/naturtraeume\/wp-json\/wp\/v2\/media?parent=1082"}],"wp:term":[{"taxonomy":"product_brand","embeddable":true,"href":"https:\/\/www.regionalis.shop\/naturtraeume\/wp-json\/wp\/v2\/product_brand?post=1082"},{"taxonomy":"product_cat","embeddable":true,"href":"https:\/\/www.regionalis.shop\/naturtraeume\/wp-json\/wp\/v2\/product_cat?post=1082"},{"taxonomy":"product_tag","embeddable":true,"href":"https:\/\/www.regionalis.shop\/naturtraeume\/wp-json\/wp\/v2\/product_tag?post=1082"}],"curies":[{"name":"wp","href":"https:\/\/api.w.org\/{rel}","templated":true}]}}