{"id":1085,"date":"2025-04-18T10:33:36","date_gmt":"2025-04-18T08:33:36","guid":{"rendered":"https:\/\/www.regionalis.shop\/naturtraeume\/product\/notfallkoerbchen-hochzeit\/"},"modified":"2025-04-18T10:33:36","modified_gmt":"2025-04-18T08:33:36","slug":"notfallkoerbchen-hochzeit","status":"publish","type":"product","link":"https:\/\/www.regionalis.shop\/naturtraeume\/shop\/notfallkoerbchen-hochzeit\/","title":{"rendered":"Notfallk\u00f6rbchen Hochzeit"},"content":{"rendered":"<p>Notfallk\u00f6rbchen Hochzeit<\/p>\n<p>Das Notfallk\u00f6rbchen ist ein praktisches Helferlein f\u00fcr deine Hochzeit! Hier kannst du unterschiedliche Artikel hineingeben, die w\u00e4hrend einer Hochzeit unerwartet ben\u00f6tigt werden k\u00f6nnen. Dazu geh\u00f6ren beispielsweise N\u00e4hzeug, Haarspray, Deodorant, Blasenpflaster, Schmerztabletten und vieles mehr. Es ist ein unverzichtbarer Begleiter f\u00fcr Brautjungfern oder Trauzeugen und sorgt daf\u00fcr, dass kleine Pannen schnell und diskret behoben werden k\u00f6nnen, um den reibungslosen Ablauf der Hochzeit zu gew\u00e4hrleisten.<br \/>\nDas K\u00f6rbchen selbst ist elegant gestaltet und passt perfekt zu jeder Hochzeitsdekoration.<\/p>\n<p>Das Holzschild ist aus 6mm dickem Pappelholz gemacht, welches, genau wie auch das K\u00f6rbchen, in der Farbe Nussbaum gebeizt ist. Dadurch hat es eine sch\u00f6ne dunkelbraune Farbe. Die Schrift ist mit wei\u00dfer Folie aufgeplottet.<\/p>\n<p>Solltet ihr eine andere Hintergrundfarbe oder Schrift wollen, schreibt uns gerne eine Nachricht! Wir tun unser Bestes, um eure W\u00fcnsche zu erf\u00fcllen.<\/p>\n<p>H\u00f6he: 8cm<br \/>\nH\u00f6he gesamt: 20cm<br \/>\nBreite: 22cm<br \/>\nL\u00e4nge: 14cm<\/p>\n","protected":false},"excerpt":{"rendered":"<p>Notfallk\u00f6rbchen Hochzeit Das Notfallk\u00f6rbchen ist ein praktisches Helferlein f\u00fcr deine Hochzeit! Hier kannst du unterschiedliche Artikel hineingeben, die w\u00e4hrend einer Hochzeit unerwartet ben\u00f6tigt werden k\u00f6nnen. Dazu geh\u00f6ren beispielsweise N\u00e4hzeug, Haarspray, Deodorant, Blasenpflaster, Schmerztabletten und vieles mehr. Es ist ein unverzichtbarer Begleiter f\u00fcr Brautjungfern oder Trauzeugen und sorgt daf\u00fcr, dass kleine Pannen schnell und diskret behoben &hellip; <a href=\"https:\/\/www.regionalis.shop\/naturtraeume\/shop\/notfallkoerbchen-hochzeit\/\">Continued<\/a><\/p>\n","protected":false},"featured_media":1086,"template":"","meta":{"_acf_changed":false},"product_brand":[],"product_cat":[174,103],"product_tag":[],"class_list":{"0":"post-1085","1":"product","2":"type-product","3":"status-publish","4":"has-post-thumbnail","6":"product_cat-wohndekoration","7":"product_cat-wohnen-deko","9":"first","10":"instock","11":"purchasable","12":"product-type-simple"},"acf":[],"_links":{"self":[{"href":"https:\/\/www.regionalis.shop\/naturtraeume\/wp-json\/wp\/v2\/product\/1085","targetHints":{"allow":["GET"]}}],"collection":[{"href":"https:\/\/www.regionalis.shop\/naturtraeume\/wp-json\/wp\/v2\/product"}],"about":[{"href":"https:\/\/www.regionalis.shop\/naturtraeume\/wp-json\/wp\/v2\/types\/product"}],"wp:featuredmedia":[{"embeddable":true,"href":"https:\/\/www.regionalis.shop\/naturtraeume\/wp-json\/wp\/v2\/media\/1086"}],"wp:attachment":[{"href":"https:\/\/www.regionalis.shop\/naturtraeume\/wp-json\/wp\/v2\/media?parent=1085"}],"wp:term":[{"taxonomy":"product_brand","embeddable":true,"href":"https:\/\/www.regionalis.shop\/naturtraeume\/wp-json\/wp\/v2\/product_brand?post=1085"},{"taxonomy":"product_cat","embeddable":true,"href":"https:\/\/www.regionalis.shop\/naturtraeume\/wp-json\/wp\/v2\/product_cat?post=1085"},{"taxonomy":"product_tag","embeddable":true,"href":"https:\/\/www.regionalis.shop\/naturtraeume\/wp-json\/wp\/v2\/product_tag?post=1085"}],"curies":[{"name":"wp","href":"https:\/\/api.w.org\/{rel}","templated":true}]}}