{"id":1090,"date":"2025-04-18T10:15:30","date_gmt":"2025-04-18T08:15:30","guid":{"rendered":"https:\/\/www.regionalis.shop\/naturtraeume\/product\/osteranhaenger-papierdraht-haeschen\/"},"modified":"2025-04-18T10:15:30","modified_gmt":"2025-04-18T08:15:30","slug":"osteranhaenger-papierdraht-haeschen","status":"publish","type":"product","link":"https:\/\/www.regionalis.shop\/naturtraeume\/shop\/osteranhaenger-papierdraht-haeschen\/","title":{"rendered":"Osteranh\u00e4nger Papierdraht-H\u00e4schen"},"content":{"rendered":"<p>Der Osteranh\u00e4nger Papierdraht-H\u00e4schen ist eine entz\u00fcckende Erg\u00e4nzung f\u00fcr jede Osterdekoration!<\/p>\n<p>Der Anh\u00e4nger besteht aus einem filigranen H\u00e4schen aus Papierdraht, das mit getrockneten Gr\u00e4sern und einer kleinen Schleife verziert ist. Er ist leicht und einfach an Osternestern, Zweigen oder anderen dekorativen Elementen aufzuh\u00e4ngen. Die h\u00fcbschen Farben und das niedliche Design machen ihn zu einem wunderbaren Geschenk f\u00fcr Kinder und Erwachsene gleicherma\u00dfen.\u00a0<br \/>\nWenn du m\u00f6chtest kannst du den Anh\u00e4nger auch ganz leicht als Geschenkanh\u00e4nger verwenden oder ihn auf eine Karte kleben.<br \/>\nAuch als Serviettenring eignet sich der H\u00e4schen-Anh\u00e4nger!<\/p>\n<p>Der Osteranh\u00e4nger ist ein handgefertigtes Unikat und wird sicherlich jedes Osternest aufwerten.<\/p>\n<p>Klein<br \/>\nH\u00f6he: 9cm<br \/>\nBreite: 8cm<\/p>\n<p>Gro\u00df<br \/>\nH\u00f6he: 14cm<br \/>\nBreite: 10cm<\/p>\n<p>Auf Wunsch kann auch sehr gerne noch ein Band als Aufh\u00e4nger angebracht werden!<\/p>\n","protected":false},"excerpt":{"rendered":"<p>Der Osteranh\u00e4nger Papierdraht-H\u00e4schen ist eine entz\u00fcckende Erg\u00e4nzung f\u00fcr jede Osterdekoration! Der Anh\u00e4nger besteht aus einem filigranen H\u00e4schen aus Papierdraht, das mit getrockneten Gr\u00e4sern und einer kleinen Schleife verziert ist. Er ist leicht und einfach an Osternestern, Zweigen oder anderen dekorativen Elementen aufzuh\u00e4ngen. Die h\u00fcbschen Farben und das niedliche Design machen ihn zu einem wunderbaren Geschenk &hellip; <a href=\"https:\/\/www.regionalis.shop\/naturtraeume\/shop\/osteranhaenger-papierdraht-haeschen\/\">Continued<\/a><\/p>\n","protected":false},"featured_media":1091,"template":"","meta":{"_acf_changed":false},"product_brand":[],"product_cat":[174,103],"product_tag":[],"class_list":{"0":"post-1090","1":"product","2":"type-product","3":"status-publish","4":"has-post-thumbnail","6":"product_cat-wohndekoration","7":"product_cat-wohnen-deko","9":"first","10":"instock","11":"purchasable","12":"product-type-simple"},"acf":[],"_links":{"self":[{"href":"https:\/\/www.regionalis.shop\/naturtraeume\/wp-json\/wp\/v2\/product\/1090","targetHints":{"allow":["GET"]}}],"collection":[{"href":"https:\/\/www.regionalis.shop\/naturtraeume\/wp-json\/wp\/v2\/product"}],"about":[{"href":"https:\/\/www.regionalis.shop\/naturtraeume\/wp-json\/wp\/v2\/types\/product"}],"wp:featuredmedia":[{"embeddable":true,"href":"https:\/\/www.regionalis.shop\/naturtraeume\/wp-json\/wp\/v2\/media\/1091"}],"wp:attachment":[{"href":"https:\/\/www.regionalis.shop\/naturtraeume\/wp-json\/wp\/v2\/media?parent=1090"}],"wp:term":[{"taxonomy":"product_brand","embeddable":true,"href":"https:\/\/www.regionalis.shop\/naturtraeume\/wp-json\/wp\/v2\/product_brand?post=1090"},{"taxonomy":"product_cat","embeddable":true,"href":"https:\/\/www.regionalis.shop\/naturtraeume\/wp-json\/wp\/v2\/product_cat?post=1090"},{"taxonomy":"product_tag","embeddable":true,"href":"https:\/\/www.regionalis.shop\/naturtraeume\/wp-json\/wp\/v2\/product_tag?post=1090"}],"curies":[{"name":"wp","href":"https:\/\/api.w.org\/{rel}","templated":true}]}}