{"id":1095,"date":"2025-04-18T10:14:51","date_gmt":"2025-04-18T08:14:51","guid":{"rendered":"https:\/\/www.regionalis.shop\/naturtraeume\/product\/jausenbrett-mit-gravur\/"},"modified":"2025-04-18T10:14:51","modified_gmt":"2025-04-18T08:14:51","slug":"jausenbrett-mit-gravur","status":"publish","type":"product","link":"https:\/\/www.regionalis.shop\/naturtraeume\/shop\/jausenbrett-mit-gravur\/","title":{"rendered":"Jausenbrett mit Gravur"},"content":{"rendered":"<p>Unser Jausenbrett mit der Gravur &#8222;Liebe geht durch den Magen&#8220; ist ein perfektes Geschenk f\u00fcr alle, die das Kochen und Essen lieben.<\/p>\n<p>Das Brett besteht aus hochwertigem Holz und ist mit einer Lasergravur verziert. Die Gravur ist in das Holz hineingebrannt und kann auf Wunsch personalisiert werden. Nach der Gravur wird das Brett zum Schutz mit Lein\u00f6l einge\u00f6lt.<br \/>\nDas Jausenbrett eignet sich auch hervorragend als Servierplatte f\u00fcr Vorspeisen oder Tapas. Das Brett ist langlebig und pflegeleicht und wird sicherlich ein Lieblingsst\u00fcck in der K\u00fcche oder auf dem Esstisch werden. Ein perfektes Geschenk f\u00fcr Freunde oder Familie, die kulinarische Freuden lieben und sch\u00e4tzen.<\/p>\n<p>L\u00e4nge: 23cm<br \/>\nBreite: 12cm<\/p>\n","protected":false},"excerpt":{"rendered":"<p>Unser Jausenbrett mit der Gravur &#8222;Liebe geht durch den Magen&#8220; ist ein perfektes Geschenk f\u00fcr alle, die das Kochen und Essen lieben. Das Brett besteht aus hochwertigem Holz und ist mit einer Lasergravur verziert. Die Gravur ist in das Holz hineingebrannt und kann auf Wunsch personalisiert werden. Nach der Gravur wird das Brett zum Schutz &hellip; <a href=\"https:\/\/www.regionalis.shop\/naturtraeume\/shop\/jausenbrett-mit-gravur\/\">Continued<\/a><\/p>\n","protected":false},"featured_media":1096,"template":"","meta":{"_acf_changed":false},"product_brand":[],"product_cat":[127,103],"product_tag":[],"class_list":{"0":"post-1095","1":"product","2":"type-product","3":"status-publish","4":"has-post-thumbnail","6":"product_cat-essen-trinken","7":"product_cat-wohnen-deko","9":"first","10":"instock","11":"purchasable","12":"product-type-simple"},"acf":[],"_links":{"self":[{"href":"https:\/\/www.regionalis.shop\/naturtraeume\/wp-json\/wp\/v2\/product\/1095","targetHints":{"allow":["GET"]}}],"collection":[{"href":"https:\/\/www.regionalis.shop\/naturtraeume\/wp-json\/wp\/v2\/product"}],"about":[{"href":"https:\/\/www.regionalis.shop\/naturtraeume\/wp-json\/wp\/v2\/types\/product"}],"wp:featuredmedia":[{"embeddable":true,"href":"https:\/\/www.regionalis.shop\/naturtraeume\/wp-json\/wp\/v2\/media\/1096"}],"wp:attachment":[{"href":"https:\/\/www.regionalis.shop\/naturtraeume\/wp-json\/wp\/v2\/media?parent=1095"}],"wp:term":[{"taxonomy":"product_brand","embeddable":true,"href":"https:\/\/www.regionalis.shop\/naturtraeume\/wp-json\/wp\/v2\/product_brand?post=1095"},{"taxonomy":"product_cat","embeddable":true,"href":"https:\/\/www.regionalis.shop\/naturtraeume\/wp-json\/wp\/v2\/product_cat?post=1095"},{"taxonomy":"product_tag","embeddable":true,"href":"https:\/\/www.regionalis.shop\/naturtraeume\/wp-json\/wp\/v2\/product_tag?post=1095"}],"curies":[{"name":"wp","href":"https:\/\/api.w.org\/{rel}","templated":true}]}}