{"id":1098,"date":"2025-04-18T10:14:51","date_gmt":"2025-04-18T08:14:51","guid":{"rendered":"https:\/\/www.regionalis.shop\/naturtraeume\/product\/glueckwunschkarte-frohe-ostern\/"},"modified":"2025-04-18T10:14:51","modified_gmt":"2025-04-18T08:14:51","slug":"glueckwunschkarte-frohe-ostern","status":"publish","type":"product","link":"https:\/\/www.regionalis.shop\/naturtraeume\/shop\/glueckwunschkarte-frohe-ostern\/","title":{"rendered":"Gl\u00fcckwunschkarte &#8222;Frohe Ostern&#8220;"},"content":{"rendered":"<p>Unsere Gl\u00fcckwunschkarte &#8222;Frohe Ostern&#8220; ist die perfekte Erg\u00e4nzung zu deinem Ostergeschenk!<\/p>\n<p>Die Karte besteht aus braunem Kraftpapier und hat zwei kleine Osterhasen aus buntem Papier auf der Vorderseite. Ein besonderer Hingucker sind die beiden kleinen braunen Kn\u00f6pfe.<br \/>\nAuf der R\u00fcckseite der Karte ist wei\u00dfes Kraftpapier, auf dem du deine eigenen Worte schreiben kannst, um deine Ostergr\u00fc\u00dfe und W\u00fcnsche an deine Lieben zu \u00fcbermitteln. Die Karte ist im A6-Format gehalten und wird gemeinsam mit einem braunen Kuvert geliefert.<\/p>\n<p>Egal, ob du die Karte alleine verschenkst oder als Teil eines Osterk\u00f6rbchens, sie wird sicherlich ein L\u00e4cheln auf das Gesicht des Empf\u00e4ngers zaubern. Mit unserer Gl\u00fcckwunschkarte &#8222;Frohe Ostern&#8220; kannst du deine Liebsten an diesem besonderen Anlass \u00fcberraschen.<\/p>\n<p>Format: A6<\/p>\n","protected":false},"excerpt":{"rendered":"<p>Unsere Gl\u00fcckwunschkarte &#8222;Frohe Ostern&#8220; ist die perfekte Erg\u00e4nzung zu deinem Ostergeschenk! Die Karte besteht aus braunem Kraftpapier und hat zwei kleine Osterhasen aus buntem Papier auf der Vorderseite. Ein besonderer Hingucker sind die beiden kleinen braunen Kn\u00f6pfe. Auf der R\u00fcckseite der Karte ist wei\u00dfes Kraftpapier, auf dem du deine eigenen Worte schreiben kannst, um deine &hellip; <a href=\"https:\/\/www.regionalis.shop\/naturtraeume\/shop\/glueckwunschkarte-frohe-ostern\/\">Continued<\/a><\/p>\n","protected":false},"featured_media":1099,"template":"","meta":{"_acf_changed":false},"product_brand":[],"product_cat":[134,62],"product_tag":[],"class_list":{"0":"post-1098","1":"product","2":"type-product","3":"status-publish","4":"has-post-thumbnail","6":"product_cat-geschenk-gruskarten","7":"product_cat-papeterie-schreibwaren","9":"first","10":"instock","11":"purchasable","12":"product-type-simple"},"acf":[],"_links":{"self":[{"href":"https:\/\/www.regionalis.shop\/naturtraeume\/wp-json\/wp\/v2\/product\/1098","targetHints":{"allow":["GET"]}}],"collection":[{"href":"https:\/\/www.regionalis.shop\/naturtraeume\/wp-json\/wp\/v2\/product"}],"about":[{"href":"https:\/\/www.regionalis.shop\/naturtraeume\/wp-json\/wp\/v2\/types\/product"}],"wp:featuredmedia":[{"embeddable":true,"href":"https:\/\/www.regionalis.shop\/naturtraeume\/wp-json\/wp\/v2\/media\/1099"}],"wp:attachment":[{"href":"https:\/\/www.regionalis.shop\/naturtraeume\/wp-json\/wp\/v2\/media?parent=1098"}],"wp:term":[{"taxonomy":"product_brand","embeddable":true,"href":"https:\/\/www.regionalis.shop\/naturtraeume\/wp-json\/wp\/v2\/product_brand?post=1098"},{"taxonomy":"product_cat","embeddable":true,"href":"https:\/\/www.regionalis.shop\/naturtraeume\/wp-json\/wp\/v2\/product_cat?post=1098"},{"taxonomy":"product_tag","embeddable":true,"href":"https:\/\/www.regionalis.shop\/naturtraeume\/wp-json\/wp\/v2\/product_tag?post=1098"}],"curies":[{"name":"wp","href":"https:\/\/api.w.org\/{rel}","templated":true}]}}