{"id":1103,"date":"2025-04-18T10:14:51","date_gmt":"2025-04-18T08:14:51","guid":{"rendered":"https:\/\/www.regionalis.shop\/naturtraeume\/product\/osteranhaenger-acrylscheibe\/"},"modified":"2025-04-18T10:14:51","modified_gmt":"2025-04-18T08:14:51","slug":"osteranhaenger-acrylscheibe","status":"publish","type":"product","link":"https:\/\/www.regionalis.shop\/naturtraeume\/shop\/osteranhaenger-acrylscheibe\/","title":{"rendered":"Osteranh\u00e4nger Acrylscheibe"},"content":{"rendered":"<p>Unser Osteranh\u00e4nger ist eine s\u00fc\u00dfe Dekoration f\u00fcr die Oster- und Fr\u00fchlingszeit!<\/p>\n<p>Er besteht aus einer klaren Acrylscheibe, die mit goldener Vinylfolie beklebt ist. Auf der R\u00fcckseite befindet sich ein s\u00fc\u00dfer Hasenausschnitt in der Folie und auf der Vorderseite ist der Schriftzug &#8222;Frohe Ostern&#8220; in schwarz angebracht. Dies verleiht dem Anh\u00e4nger ein elegantes und festliches Aussehen.<br \/>\nDie Acrylscheibe ist von einem Papierdraht eingerahmt, der oben zu zwei Hasenohren geformt ist. Ein zus\u00e4tzliches B\u00e4ndchen dient als Aufh\u00e4nger.\u00a0<\/p>\n<p>Die Scheibe ist sehr leicht und kann daher einfach an einem Osterstrau\u00df, am Fenster oder an anderen geeigneten Stellen aufgeh\u00e4ngt werden. Der Osteranh\u00e4nger ist eine tolle M\u00f6glichkeit, um dein Zuhause in der Osterzeit zu schm\u00fccken und eine warme und freundliche Atmosph\u00e4re zu schaffen. Er eignet sich auch als Geschenk f\u00fcr Freunde und Familie, um ihnen frohe Ostern zu w\u00fcnschen.<\/p>\n<p>H\u00f6he: 13cm<br \/>\nBreite: 9cm<\/p>\n","protected":false},"excerpt":{"rendered":"<p>Unser Osteranh\u00e4nger ist eine s\u00fc\u00dfe Dekoration f\u00fcr die Oster- und Fr\u00fchlingszeit! Er besteht aus einer klaren Acrylscheibe, die mit goldener Vinylfolie beklebt ist. Auf der R\u00fcckseite befindet sich ein s\u00fc\u00dfer Hasenausschnitt in der Folie und auf der Vorderseite ist der Schriftzug &#8222;Frohe Ostern&#8220; in schwarz angebracht. Dies verleiht dem Anh\u00e4nger ein elegantes und festliches Aussehen. &hellip; <a href=\"https:\/\/www.regionalis.shop\/naturtraeume\/shop\/osteranhaenger-acrylscheibe\/\">Continued<\/a><\/p>\n","protected":false},"featured_media":1104,"template":"","meta":{"_acf_changed":false},"product_brand":[],"product_cat":[174,103],"product_tag":[],"class_list":{"0":"post-1103","1":"product","2":"type-product","3":"status-publish","4":"has-post-thumbnail","6":"product_cat-wohndekoration","7":"product_cat-wohnen-deko","9":"first","10":"instock","11":"purchasable","12":"product-type-simple"},"acf":[],"_links":{"self":[{"href":"https:\/\/www.regionalis.shop\/naturtraeume\/wp-json\/wp\/v2\/product\/1103","targetHints":{"allow":["GET"]}}],"collection":[{"href":"https:\/\/www.regionalis.shop\/naturtraeume\/wp-json\/wp\/v2\/product"}],"about":[{"href":"https:\/\/www.regionalis.shop\/naturtraeume\/wp-json\/wp\/v2\/types\/product"}],"wp:featuredmedia":[{"embeddable":true,"href":"https:\/\/www.regionalis.shop\/naturtraeume\/wp-json\/wp\/v2\/media\/1104"}],"wp:attachment":[{"href":"https:\/\/www.regionalis.shop\/naturtraeume\/wp-json\/wp\/v2\/media?parent=1103"}],"wp:term":[{"taxonomy":"product_brand","embeddable":true,"href":"https:\/\/www.regionalis.shop\/naturtraeume\/wp-json\/wp\/v2\/product_brand?post=1103"},{"taxonomy":"product_cat","embeddable":true,"href":"https:\/\/www.regionalis.shop\/naturtraeume\/wp-json\/wp\/v2\/product_cat?post=1103"},{"taxonomy":"product_tag","embeddable":true,"href":"https:\/\/www.regionalis.shop\/naturtraeume\/wp-json\/wp\/v2\/product_tag?post=1103"}],"curies":[{"name":"wp","href":"https:\/\/api.w.org\/{rel}","templated":true}]}}