{"id":1108,"date":"2025-04-18T10:13:36","date_gmt":"2025-04-18T08:13:36","guid":{"rendered":"https:\/\/www.regionalis.shop\/naturtraeume\/product\/filzosterhase-geldgeschenk-besteckhalter\/"},"modified":"2025-04-18T10:13:36","modified_gmt":"2025-04-18T08:13:36","slug":"filzosterhase-geldgeschenk-besteckhalter","status":"publish","type":"product","link":"https:\/\/www.regionalis.shop\/naturtraeume\/shop\/filzosterhase-geldgeschenk-besteckhalter\/","title":{"rendered":"Filzosterhase | Geldgeschenk | Besteckhalter"},"content":{"rendered":"<p>Unser niedlicher Osterhase aus Filz ist die perfekte Wahl, um sowohl euren Oster-Tisch zum Hingucker zu machen, wie auch als Verpackung f\u00fcr Geldgeschenke!<\/p>\n<p>Der handgefertigte Hase ist aus hochwertigem Filz gefertigt und mit Liebe zum Detail gestaltet. An der Vorderseite befindet sich eine Schlaufe mit dem aufgeplotten Schriftzug &#8222;Frohe Ostern&#8220;, in der die Geldscheine sicher aufbewahrt werden k\u00f6nnen.<br \/>\nAlternativ kann er auch als Besteckhalter verwendet werden, um eure Oster-Tischdekoration zu vervollst\u00e4ndigen.<\/p>\n<p>Der Osterhase ist in verschiedenen Farben erh\u00e4ltlich und eignet sich ideal als Geschenk f\u00fcr Kinder und Erwachsene gleicherma\u00dfen. Mit seinem charmanten Aussehen ist er eine hervorragende M\u00f6glichkeit, um das Osterfest noch ein wenig s\u00fc\u00dfer zu gestalten!<\/p>\n<p>H\u00f6he: 24,5cm<br \/>\nBreite: 11,5cm<\/p>\n","protected":false},"excerpt":{"rendered":"<p>Unser niedlicher Osterhase aus Filz ist die perfekte Wahl, um sowohl euren Oster-Tisch zum Hingucker zu machen, wie auch als Verpackung f\u00fcr Geldgeschenke! Der handgefertigte Hase ist aus hochwertigem Filz gefertigt und mit Liebe zum Detail gestaltet. An der Vorderseite befindet sich eine Schlaufe mit dem aufgeplotten Schriftzug &#8222;Frohe Ostern&#8220;, in der die Geldscheine sicher &hellip; <a href=\"https:\/\/www.regionalis.shop\/naturtraeume\/shop\/filzosterhase-geldgeschenk-besteckhalter\/\">Continued<\/a><\/p>\n","protected":false},"featured_media":1109,"template":"","meta":{"_acf_changed":false},"product_brand":[],"product_cat":[127,103],"product_tag":[],"class_list":{"0":"post-1108","1":"product","2":"type-product","3":"status-publish","4":"has-post-thumbnail","6":"product_cat-essen-trinken","7":"product_cat-wohnen-deko","9":"first","10":"instock","11":"purchasable","12":"product-type-simple"},"acf":[],"_links":{"self":[{"href":"https:\/\/www.regionalis.shop\/naturtraeume\/wp-json\/wp\/v2\/product\/1108","targetHints":{"allow":["GET"]}}],"collection":[{"href":"https:\/\/www.regionalis.shop\/naturtraeume\/wp-json\/wp\/v2\/product"}],"about":[{"href":"https:\/\/www.regionalis.shop\/naturtraeume\/wp-json\/wp\/v2\/types\/product"}],"wp:featuredmedia":[{"embeddable":true,"href":"https:\/\/www.regionalis.shop\/naturtraeume\/wp-json\/wp\/v2\/media\/1109"}],"wp:attachment":[{"href":"https:\/\/www.regionalis.shop\/naturtraeume\/wp-json\/wp\/v2\/media?parent=1108"}],"wp:term":[{"taxonomy":"product_brand","embeddable":true,"href":"https:\/\/www.regionalis.shop\/naturtraeume\/wp-json\/wp\/v2\/product_brand?post=1108"},{"taxonomy":"product_cat","embeddable":true,"href":"https:\/\/www.regionalis.shop\/naturtraeume\/wp-json\/wp\/v2\/product_cat?post=1108"},{"taxonomy":"product_tag","embeddable":true,"href":"https:\/\/www.regionalis.shop\/naturtraeume\/wp-json\/wp\/v2\/product_tag?post=1108"}],"curies":[{"name":"wp","href":"https:\/\/api.w.org\/{rel}","templated":true}]}}