{"id":1117,"date":"2025-04-18T09:56:42","date_gmt":"2025-04-18T07:56:42","guid":{"rendered":"https:\/\/www.regionalis.shop\/naturtraeume\/product\/holzschild-home-is-where-the-heart-is\/"},"modified":"2025-04-18T09:56:42","modified_gmt":"2025-04-18T07:56:42","slug":"holzschild-home-is-where-the-heart-is","status":"publish","type":"product","link":"https:\/\/www.regionalis.shop\/naturtraeume\/shop\/holzschild-home-is-where-the-heart-is\/","title":{"rendered":"Holzschild Home is where the heart is"},"content":{"rendered":"<p>Das Holzschild mit der Aufschrift &#8222;Home is where the heart is&#8220; ist eine wunderbare M\u00f6glichkeit, um das Gef\u00fchl von Zuhause und Geborgenheit zu verst\u00e4rken. Mit seiner einfachen und dennoch tiefgr\u00fcndigen Aussage erinnert es uns daran, dass unser Zuhause nicht nur ein Ort ist, an dem wir leben, sondern ein Ort, an dem unser Herz ruht und wir uns geborgen f\u00fchlen k\u00f6nnen. Das Holzschild &#8222;Home is where the heart is&#8220; eignet sich perfekt als Dekoration f\u00fcr jeden Raum und kann als ein warmes Willkommen f\u00fcr Freunde und Familie dienen, die zu Besuch kommen.<br \/>\nDar\u00fcber hinaus ist das Holzschild mit der Aufschrift &#8222;Home is where the heart is&#8220; auch ein ideales Geschenk f\u00fcr viele Anl\u00e4sse wie zum Beispiel Geburtstage, Einweihungsfeiern oder als Gastgeschenk. Es vermittelt ein Gef\u00fchl von W\u00e4rme und Zuneigung und ist eine einfache, aber wirkungsvolle M\u00f6glichkeit, um jemandem zu zeigen, wie sehr man ihn sch\u00e4tzt. Ob f\u00fcr die beste Freundin oder den Bruder, der gerade in eine neue Wohnung gezogen ist, das Holzschild ist ein Geschenk, das von Herzen kommt und immer gesch\u00e4tzt werden wird.<\/p>\n<p>Das Holzschild ist aus einer 1,8cm dicken Holzplatte gemacht, welch in der Farbe Nussbaum gebeizt ist. Dadurch hat es eine sch\u00f6ne dunkelbraune Farbe. Die Schrift ist mit wei\u00dfer Folie aufgeplottet.<\/p>\n<p>Breite: 24,5cm<br \/>\nH\u00f6he: 18,5cm<br \/>\nDicke: 1,8cm<\/p>\n","protected":false},"excerpt":{"rendered":"<p>Das Holzschild mit der Aufschrift &#8222;Home is where the heart is&#8220; ist eine wunderbare M\u00f6glichkeit, um das Gef\u00fchl von Zuhause und Geborgenheit zu verst\u00e4rken. Mit seiner einfachen und dennoch tiefgr\u00fcndigen Aussage erinnert es uns daran, dass unser Zuhause nicht nur ein Ort ist, an dem wir leben, sondern ein Ort, an dem unser Herz ruht &hellip; <a href=\"https:\/\/www.regionalis.shop\/naturtraeume\/shop\/holzschild-home-is-where-the-heart-is\/\">Continued<\/a><\/p>\n","protected":false},"featured_media":1118,"template":"","meta":{"_acf_changed":false},"product_brand":[],"product_cat":[174,103],"product_tag":[],"class_list":{"0":"post-1117","1":"product","2":"type-product","3":"status-publish","4":"has-post-thumbnail","6":"product_cat-wohndekoration","7":"product_cat-wohnen-deko","9":"first","10":"instock","11":"purchasable","12":"product-type-simple"},"acf":[],"_links":{"self":[{"href":"https:\/\/www.regionalis.shop\/naturtraeume\/wp-json\/wp\/v2\/product\/1117","targetHints":{"allow":["GET"]}}],"collection":[{"href":"https:\/\/www.regionalis.shop\/naturtraeume\/wp-json\/wp\/v2\/product"}],"about":[{"href":"https:\/\/www.regionalis.shop\/naturtraeume\/wp-json\/wp\/v2\/types\/product"}],"wp:featuredmedia":[{"embeddable":true,"href":"https:\/\/www.regionalis.shop\/naturtraeume\/wp-json\/wp\/v2\/media\/1118"}],"wp:attachment":[{"href":"https:\/\/www.regionalis.shop\/naturtraeume\/wp-json\/wp\/v2\/media?parent=1117"}],"wp:term":[{"taxonomy":"product_brand","embeddable":true,"href":"https:\/\/www.regionalis.shop\/naturtraeume\/wp-json\/wp\/v2\/product_brand?post=1117"},{"taxonomy":"product_cat","embeddable":true,"href":"https:\/\/www.regionalis.shop\/naturtraeume\/wp-json\/wp\/v2\/product_cat?post=1117"},{"taxonomy":"product_tag","embeddable":true,"href":"https:\/\/www.regionalis.shop\/naturtraeume\/wp-json\/wp\/v2\/product_tag?post=1117"}],"curies":[{"name":"wp","href":"https:\/\/api.w.org\/{rel}","templated":true}]}}