{"id":1121,"date":"2025-04-18T09:56:42","date_gmt":"2025-04-18T07:56:42","guid":{"rendered":"https:\/\/www.regionalis.shop\/naturtraeume\/product\/glueckwunschkarte-wie-du-es-dir-gewuenscht-hast-nichts\/"},"modified":"2025-04-18T09:56:42","modified_gmt":"2025-04-18T07:56:42","slug":"glueckwunschkarte-wie-du-es-dir-gewuenscht-hast-nichts","status":"publish","type":"product","link":"https:\/\/www.regionalis.shop\/naturtraeume\/shop\/glueckwunschkarte-wie-du-es-dir-gewuenscht-hast-nichts\/","title":{"rendered":"Gl\u00fcckwunschkarte &#8222;Wie du es dir gew\u00fcnscht hast &#8211; Nichts&#8220;"},"content":{"rendered":"<p>Unsere Gl\u00fcckwunschkarte &#8222;Wie du es dir gew\u00fcnscht hast &#8211; Nichts&#8220; ist die perfekte M\u00f6glichkeit, um jemandem auf humorvolle Weise zu gratulieren oder ihm zu danken. Die Karte ist aus hochwertigem Karton gefertigt und hat ein elegantes Design mit einer stilvollen Schrift.<\/p>\n<p>Der Spruch &#8222;Wie du es dir gew\u00fcnscht hast &#8211; Nichts&#8220; steht im Mittelpunkt der Karte und bringt zum Ausdruck, dass manchmal das Nichts genau das ist, was wir brauchen. Ob als Geburtstagsgru\u00df oder als Dankesch\u00f6n f\u00fcr eine besondere Leistung &#8211; diese Karte wird auf jeden Fall f\u00fcr ein L\u00e4cheln sorgen.<\/p>\n<p>Die Karte ist im Format DIN A6 erh\u00e4ltlich und wird zusammen mit einem passenden Umschlag geliefert. An der linken Breitseite ist die Karte nicht zusammengeklebt, sodass du einen Geldschein hineinschieben kannst.<br \/>\nDer Innenteil der Karte ist leer, sodass du gen\u00fcgend Platz hast, um eine pers\u00f6nliche Nachricht zu schreiben und deine Gl\u00fcckw\u00fcnsche auszudr\u00fccken.<\/p>\n<p>Mit unserer Gl\u00fcckwunschkarte &#8222;Wie du es dir gew\u00fcnscht hast &#8211; Nichts&#8220; hast du eine witzige und originelle M\u00f6glichkeit, um jemandem auf eine unerwartete Weise zu gratulieren oder ihm zu danken. Mach doch jemandem eine Freude und bestelle noch heute diese tolle Karte!<\/p>\n<p>Format: A6<\/p>\n","protected":false},"excerpt":{"rendered":"<p>Unsere Gl\u00fcckwunschkarte &#8222;Wie du es dir gew\u00fcnscht hast &#8211; Nichts&#8220; ist die perfekte M\u00f6glichkeit, um jemandem auf humorvolle Weise zu gratulieren oder ihm zu danken. Die Karte ist aus hochwertigem Karton gefertigt und hat ein elegantes Design mit einer stilvollen Schrift. Der Spruch &#8222;Wie du es dir gew\u00fcnscht hast &#8211; Nichts&#8220; steht im Mittelpunkt der &hellip; <a href=\"https:\/\/www.regionalis.shop\/naturtraeume\/shop\/glueckwunschkarte-wie-du-es-dir-gewuenscht-hast-nichts\/\">Continued<\/a><\/p>\n","protected":false},"featured_media":1122,"template":"","meta":{"_acf_changed":false},"product_brand":[],"product_cat":[134,62],"product_tag":[],"class_list":{"0":"post-1121","1":"product","2":"type-product","3":"status-publish","4":"has-post-thumbnail","6":"product_cat-geschenk-gruskarten","7":"product_cat-papeterie-schreibwaren","9":"first","10":"instock","11":"purchasable","12":"product-type-simple"},"acf":[],"_links":{"self":[{"href":"https:\/\/www.regionalis.shop\/naturtraeume\/wp-json\/wp\/v2\/product\/1121","targetHints":{"allow":["GET"]}}],"collection":[{"href":"https:\/\/www.regionalis.shop\/naturtraeume\/wp-json\/wp\/v2\/product"}],"about":[{"href":"https:\/\/www.regionalis.shop\/naturtraeume\/wp-json\/wp\/v2\/types\/product"}],"wp:featuredmedia":[{"embeddable":true,"href":"https:\/\/www.regionalis.shop\/naturtraeume\/wp-json\/wp\/v2\/media\/1122"}],"wp:attachment":[{"href":"https:\/\/www.regionalis.shop\/naturtraeume\/wp-json\/wp\/v2\/media?parent=1121"}],"wp:term":[{"taxonomy":"product_brand","embeddable":true,"href":"https:\/\/www.regionalis.shop\/naturtraeume\/wp-json\/wp\/v2\/product_brand?post=1121"},{"taxonomy":"product_cat","embeddable":true,"href":"https:\/\/www.regionalis.shop\/naturtraeume\/wp-json\/wp\/v2\/product_cat?post=1121"},{"taxonomy":"product_tag","embeddable":true,"href":"https:\/\/www.regionalis.shop\/naturtraeume\/wp-json\/wp\/v2\/product_tag?post=1121"}],"curies":[{"name":"wp","href":"https:\/\/api.w.org\/{rel}","templated":true}]}}