{"id":1126,"date":"2025-04-18T09:55:49","date_gmt":"2025-04-18T07:55:49","guid":{"rendered":"https:\/\/www.regionalis.shop\/naturtraeume\/product\/kleines-hochzeitsschild-gaestebuch\/"},"modified":"2025-04-18T09:55:49","modified_gmt":"2025-04-18T07:55:49","slug":"kleines-hochzeitsschild-gaestebuch","status":"publish","type":"product","link":"https:\/\/www.regionalis.shop\/naturtraeume\/shop\/kleines-hochzeitsschild-gaestebuch\/","title":{"rendered":"Kleines Hochzeitsschild G\u00e4stebuch"},"content":{"rendered":"<p>Kleines Hochzeitsschild G\u00e4stebuch<\/p>\n<p>Mit diesem s\u00fc\u00dfen Holzschild lenkt ihr die Aufmerksamkeit eurer G\u00e4ste ganz sicher auf euer G\u00e4stebuch, sodass auch bestimmt niemand darauf vergisst sich darin zu verewigen.<\/p>\n<p>Das Holzschild ist aus 6mm dickem Pappelholz gemacht, welches in der Farbe Nussbaum gebeizt ist. Dadurch hat es eine sch\u00f6ne dunkelbraune Farbe. Die Schrift ist mit wei\u00dfer Folie aufgeplottet.<\/p>\n<p>Solltet ihr eine andere Hintergrundfarbe oder Schrift wollen, schreibt uns gerne eine Nachricht! Wir tun unser Bestes, um eure W\u00fcnsche zu erf\u00fcllen.<\/p>\n<p>Gr\u00f6\u00dfe:<br \/>\nA5 (15 x 21cm)<br \/>\nA4 (21 x 30cm)<\/p>\n","protected":false},"excerpt":{"rendered":"<p>Kleines Hochzeitsschild G\u00e4stebuch Mit diesem s\u00fc\u00dfen Holzschild lenkt ihr die Aufmerksamkeit eurer G\u00e4ste ganz sicher auf euer G\u00e4stebuch, sodass auch bestimmt niemand darauf vergisst sich darin zu verewigen. Das Holzschild ist aus 6mm dickem Pappelholz gemacht, welches in der Farbe Nussbaum gebeizt ist. Dadurch hat es eine sch\u00f6ne dunkelbraune Farbe. Die Schrift ist mit wei\u00dfer &hellip; <a href=\"https:\/\/www.regionalis.shop\/naturtraeume\/shop\/kleines-hochzeitsschild-gaestebuch\/\">Continued<\/a><\/p>\n","protected":false},"featured_media":1127,"template":"","meta":{"_acf_changed":false},"product_brand":[],"product_cat":[174,103],"product_tag":[],"class_list":{"0":"post-1126","1":"product","2":"type-product","3":"status-publish","4":"has-post-thumbnail","6":"product_cat-wohndekoration","7":"product_cat-wohnen-deko","9":"first","10":"instock","11":"purchasable","12":"product-type-simple"},"acf":[],"_links":{"self":[{"href":"https:\/\/www.regionalis.shop\/naturtraeume\/wp-json\/wp\/v2\/product\/1126","targetHints":{"allow":["GET"]}}],"collection":[{"href":"https:\/\/www.regionalis.shop\/naturtraeume\/wp-json\/wp\/v2\/product"}],"about":[{"href":"https:\/\/www.regionalis.shop\/naturtraeume\/wp-json\/wp\/v2\/types\/product"}],"wp:featuredmedia":[{"embeddable":true,"href":"https:\/\/www.regionalis.shop\/naturtraeume\/wp-json\/wp\/v2\/media\/1127"}],"wp:attachment":[{"href":"https:\/\/www.regionalis.shop\/naturtraeume\/wp-json\/wp\/v2\/media?parent=1126"}],"wp:term":[{"taxonomy":"product_brand","embeddable":true,"href":"https:\/\/www.regionalis.shop\/naturtraeume\/wp-json\/wp\/v2\/product_brand?post=1126"},{"taxonomy":"product_cat","embeddable":true,"href":"https:\/\/www.regionalis.shop\/naturtraeume\/wp-json\/wp\/v2\/product_cat?post=1126"},{"taxonomy":"product_tag","embeddable":true,"href":"https:\/\/www.regionalis.shop\/naturtraeume\/wp-json\/wp\/v2\/product_tag?post=1126"}],"curies":[{"name":"wp","href":"https:\/\/api.w.org\/{rel}","templated":true}]}}