{"id":1136,"date":"2025-04-18T09:43:43","date_gmt":"2025-04-18T07:43:43","guid":{"rendered":"https:\/\/www.regionalis.shop\/naturtraeume\/product\/hochzeitsschild-gastgeschenke\/"},"modified":"2025-04-18T09:43:43","modified_gmt":"2025-04-18T07:43:43","slug":"hochzeitsschild-gastgeschenke","status":"publish","type":"product","link":"https:\/\/www.regionalis.shop\/naturtraeume\/shop\/hochzeitsschild-gastgeschenke\/","title":{"rendered":"Hochzeitsschild Gastgeschenke"},"content":{"rendered":"<p>Mit diesem s\u00fc\u00dfen Holzschild vergessen eure G\u00e4ste sicherlich nicht darauf sich ein Gastgeschenk mitzunehmen!<\/p>\n<p>Das Holzschild ist aus 6mm dickem Pappelholz gemacht, welches in der Farbe Nussbaum gebeizt ist. Dadurch hat es eine sch\u00f6ne dunkelbraune Farbe. Die Schrift ist mit wei\u00dfer Folie aufgeplottet.<\/p>\n<p>Solltet ihr eine andere Hintergrundfarbe oder Schrift wollen, schreibt uns gerne eine Nachricht! Wir tun unser Bestes, um eure W\u00fcnsche zu erf\u00fcllen.<\/p>\n<p>H\u00f6he: 42cm<br \/>\nBreite: 30cm<\/p>\n","protected":false},"excerpt":{"rendered":"<p>Mit diesem s\u00fc\u00dfen Holzschild vergessen eure G\u00e4ste sicherlich nicht darauf sich ein Gastgeschenk mitzunehmen! Das Holzschild ist aus 6mm dickem Pappelholz gemacht, welches in der Farbe Nussbaum gebeizt ist. Dadurch hat es eine sch\u00f6ne dunkelbraune Farbe. Die Schrift ist mit wei\u00dfer Folie aufgeplottet. Solltet ihr eine andere Hintergrundfarbe oder Schrift wollen, schreibt uns gerne eine &hellip; <a href=\"https:\/\/www.regionalis.shop\/naturtraeume\/shop\/hochzeitsschild-gastgeschenke\/\">Continued<\/a><\/p>\n","protected":false},"featured_media":1137,"template":"","meta":{"_acf_changed":false},"product_brand":[],"product_cat":[174,103],"product_tag":[],"class_list":{"0":"post-1136","1":"product","2":"type-product","3":"status-publish","4":"has-post-thumbnail","6":"product_cat-wohndekoration","7":"product_cat-wohnen-deko","9":"first","10":"instock","11":"purchasable","12":"product-type-simple"},"acf":[],"_links":{"self":[{"href":"https:\/\/www.regionalis.shop\/naturtraeume\/wp-json\/wp\/v2\/product\/1136","targetHints":{"allow":["GET"]}}],"collection":[{"href":"https:\/\/www.regionalis.shop\/naturtraeume\/wp-json\/wp\/v2\/product"}],"about":[{"href":"https:\/\/www.regionalis.shop\/naturtraeume\/wp-json\/wp\/v2\/types\/product"}],"wp:featuredmedia":[{"embeddable":true,"href":"https:\/\/www.regionalis.shop\/naturtraeume\/wp-json\/wp\/v2\/media\/1137"}],"wp:attachment":[{"href":"https:\/\/www.regionalis.shop\/naturtraeume\/wp-json\/wp\/v2\/media?parent=1136"}],"wp:term":[{"taxonomy":"product_brand","embeddable":true,"href":"https:\/\/www.regionalis.shop\/naturtraeume\/wp-json\/wp\/v2\/product_brand?post=1136"},{"taxonomy":"product_cat","embeddable":true,"href":"https:\/\/www.regionalis.shop\/naturtraeume\/wp-json\/wp\/v2\/product_cat?post=1136"},{"taxonomy":"product_tag","embeddable":true,"href":"https:\/\/www.regionalis.shop\/naturtraeume\/wp-json\/wp\/v2\/product_tag?post=1136"}],"curies":[{"name":"wp","href":"https:\/\/api.w.org\/{rel}","templated":true}]}}