{"id":1145,"date":"2025-04-18T09:43:43","date_gmt":"2025-04-18T07:43:43","guid":{"rendered":"https:\/\/www.regionalis.shop\/naturtraeume\/product\/personalisiertes-ostersaeckchen-hase-mit-schild-klein\/"},"modified":"2025-04-18T09:43:43","modified_gmt":"2025-04-18T07:43:43","slug":"personalisiertes-ostersaeckchen-hase-mit-schild-klein","status":"publish","type":"product","link":"https:\/\/www.regionalis.shop\/naturtraeume\/shop\/personalisiertes-ostersaeckchen-hase-mit-schild-klein\/","title":{"rendered":"Personalisiertes Osters\u00e4ckchen Hase mit Schild klein"},"content":{"rendered":"<p>Dieses s\u00fc\u00dfe, kleine Oster-S\u00e4ckchen ist die ideale Verpackung f\u00fcr eure Oster-Geschenke.<\/p>\n<p>Es besteht aus jute\u00e4hnlichem Stoff bzw. aus Leinenstoff und wurde mit dem Schriftzug &#8222;Frohe Ostern&#8220; und einem kleinen H\u00e4schen verziert.<br \/>\nIn das Schild, das der Hase in der Hand h\u00e4lt, wird der Names des Beschenkten noch eingef\u00fcgt.<\/p>\n<p>Es ist ein nettes Geschenk f\u00fcr Gro\u00df und Klein, das du nach Belieben f\u00fcllen kannst!<\/p>\n<p>H\u00f6he: 23cm<br \/>\nBreite: 17cm<\/p>\n<p>Leinen: 1x verf\u00fcgbar<br \/>\nJute: 3x verf\u00fcgbar<\/p>\n","protected":false},"excerpt":{"rendered":"<p>Dieses s\u00fc\u00dfe, kleine Oster-S\u00e4ckchen ist die ideale Verpackung f\u00fcr eure Oster-Geschenke. Es besteht aus jute\u00e4hnlichem Stoff bzw. aus Leinenstoff und wurde mit dem Schriftzug &#8222;Frohe Ostern&#8220; und einem kleinen H\u00e4schen verziert. In das Schild, das der Hase in der Hand h\u00e4lt, wird der Names des Beschenkten noch eingef\u00fcgt. Es ist ein nettes Geschenk f\u00fcr Gro\u00df &hellip; <a href=\"https:\/\/www.regionalis.shop\/naturtraeume\/shop\/personalisiertes-ostersaeckchen-hase-mit-schild-klein\/\">Continued<\/a><\/p>\n","protected":false},"featured_media":1146,"template":"","meta":{"_acf_changed":false},"product_brand":[],"product_cat":[172,103],"product_tag":[],"class_list":{"0":"post-1145","1":"product","2":"type-product","3":"status-publish","4":"has-post-thumbnail","6":"product_cat-verpacken-verstauen","7":"product_cat-wohnen-deko","9":"first","10":"instock","11":"purchasable","12":"product-type-simple"},"acf":[],"_links":{"self":[{"href":"https:\/\/www.regionalis.shop\/naturtraeume\/wp-json\/wp\/v2\/product\/1145","targetHints":{"allow":["GET"]}}],"collection":[{"href":"https:\/\/www.regionalis.shop\/naturtraeume\/wp-json\/wp\/v2\/product"}],"about":[{"href":"https:\/\/www.regionalis.shop\/naturtraeume\/wp-json\/wp\/v2\/types\/product"}],"wp:featuredmedia":[{"embeddable":true,"href":"https:\/\/www.regionalis.shop\/naturtraeume\/wp-json\/wp\/v2\/media\/1146"}],"wp:attachment":[{"href":"https:\/\/www.regionalis.shop\/naturtraeume\/wp-json\/wp\/v2\/media?parent=1145"}],"wp:term":[{"taxonomy":"product_brand","embeddable":true,"href":"https:\/\/www.regionalis.shop\/naturtraeume\/wp-json\/wp\/v2\/product_brand?post=1145"},{"taxonomy":"product_cat","embeddable":true,"href":"https:\/\/www.regionalis.shop\/naturtraeume\/wp-json\/wp\/v2\/product_cat?post=1145"},{"taxonomy":"product_tag","embeddable":true,"href":"https:\/\/www.regionalis.shop\/naturtraeume\/wp-json\/wp\/v2\/product_tag?post=1145"}],"curies":[{"name":"wp","href":"https:\/\/api.w.org\/{rel}","templated":true}]}}