{"id":1148,"date":"2025-04-18T09:43:43","date_gmt":"2025-04-18T07:43:43","guid":{"rendered":"https:\/\/www.regionalis.shop\/naturtraeume\/product\/personalisiertes-osternest\/"},"modified":"2025-04-18T09:43:43","modified_gmt":"2025-04-18T07:43:43","slug":"personalisiertes-osternest","status":"publish","type":"product","link":"https:\/\/www.regionalis.shop\/naturtraeume\/shop\/personalisiertes-osternest\/","title":{"rendered":"Personalisiertes Osternest"},"content":{"rendered":"<p>Dieses s\u00fc\u00dfe, personalisierte Osternest ist die ideale Verpackung f\u00fcr eure Oster-Geschenke.<\/p>\n<p>Die kleine Holzkiste ist aus Fichtenholz gemacht.<br \/>\nAuf der Vorderseite ist die Kiste mit einem kleinen H\u00e4schen, dem Schriftzug &#8222;Frohe Ostern&#8220; und dem Namen des Beschenkten verziert.<\/p>\n<p>Der Schriftzug und der Hase werden aufgeplottet.<\/p>\n<p>Es ist ein nettes Geschenk f\u00fcr Gro\u00df und Klein, das du nach Belieben f\u00fcllen kannst! Und noch ein Pluspunkt, du kannst die Kiste jedes Jahr wiederverwenden.<\/p>\n<p>L\u00e4nge: 30cm<br \/>\nBreite: 20cm<br \/>\nH\u00f6he: 14cm<\/p>\n","protected":false},"excerpt":{"rendered":"<p>Dieses s\u00fc\u00dfe, personalisierte Osternest ist die ideale Verpackung f\u00fcr eure Oster-Geschenke. Die kleine Holzkiste ist aus Fichtenholz gemacht. Auf der Vorderseite ist die Kiste mit einem kleinen H\u00e4schen, dem Schriftzug &#8222;Frohe Ostern&#8220; und dem Namen des Beschenkten verziert. Der Schriftzug und der Hase werden aufgeplottet. Es ist ein nettes Geschenk f\u00fcr Gro\u00df und Klein, das &hellip; <a href=\"https:\/\/www.regionalis.shop\/naturtraeume\/shop\/personalisiertes-osternest\/\">Continued<\/a><\/p>\n","protected":false},"featured_media":1149,"template":"","meta":{"_acf_changed":false},"product_brand":[],"product_cat":[172,103],"product_tag":[],"class_list":{"0":"post-1148","1":"product","2":"type-product","3":"status-publish","4":"has-post-thumbnail","6":"product_cat-verpacken-verstauen","7":"product_cat-wohnen-deko","9":"first","10":"instock","11":"purchasable","12":"product-type-simple"},"acf":[],"_links":{"self":[{"href":"https:\/\/www.regionalis.shop\/naturtraeume\/wp-json\/wp\/v2\/product\/1148","targetHints":{"allow":["GET"]}}],"collection":[{"href":"https:\/\/www.regionalis.shop\/naturtraeume\/wp-json\/wp\/v2\/product"}],"about":[{"href":"https:\/\/www.regionalis.shop\/naturtraeume\/wp-json\/wp\/v2\/types\/product"}],"wp:featuredmedia":[{"embeddable":true,"href":"https:\/\/www.regionalis.shop\/naturtraeume\/wp-json\/wp\/v2\/media\/1149"}],"wp:attachment":[{"href":"https:\/\/www.regionalis.shop\/naturtraeume\/wp-json\/wp\/v2\/media?parent=1148"}],"wp:term":[{"taxonomy":"product_brand","embeddable":true,"href":"https:\/\/www.regionalis.shop\/naturtraeume\/wp-json\/wp\/v2\/product_brand?post=1148"},{"taxonomy":"product_cat","embeddable":true,"href":"https:\/\/www.regionalis.shop\/naturtraeume\/wp-json\/wp\/v2\/product_cat?post=1148"},{"taxonomy":"product_tag","embeddable":true,"href":"https:\/\/www.regionalis.shop\/naturtraeume\/wp-json\/wp\/v2\/product_tag?post=1148"}],"curies":[{"name":"wp","href":"https:\/\/api.w.org\/{rel}","templated":true}]}}