{"id":1158,"date":"2025-04-18T09:43:08","date_gmt":"2025-04-18T07:43:08","guid":{"rendered":"https:\/\/www.regionalis.shop\/naturtraeume\/product\/blumenstecker-mit-osterei\/"},"modified":"2025-04-18T09:43:08","modified_gmt":"2025-04-18T07:43:08","slug":"blumenstecker-mit-osterei","status":"publish","type":"product","link":"https:\/\/www.regionalis.shop\/naturtraeume\/shop\/blumenstecker-mit-osterei\/","title":{"rendered":"Blumenstecker mit Osterei"},"content":{"rendered":"<p>Dieser Blumenstecker ist der Hingucker f\u00fcr jeden Blumentopf!<\/p>\n<p>Das handgemachte Keramikosterei wurde durch Stempeldruck verziert wurde. Zus\u00e4tzlich ist es noch durch eine kleine Schleife aus einem wei\u00dfen Organzaband und einer bunten Schleife erg\u00e4nzt.<br \/>\nMit der d\u00fcnnen Metallstange, die am Keramikei angebracht ist, kannst du den Stecker ganz leicht in deinen Blumentopf stecken.<\/p>\n<p>H\u00f6he Osterei: 7cm<br \/>\nBreite Osterei: 5cm<br \/>\nH\u00f6he Metallstange: ca. 23cm<\/p>\n<p>6 St\u00fcck in gr\u00fcn verf\u00fcgbar<br \/>\n4 St\u00fcck in orange verf\u00fcgbar<\/p>\n","protected":false},"excerpt":{"rendered":"<p>Dieser Blumenstecker ist der Hingucker f\u00fcr jeden Blumentopf! Das handgemachte Keramikosterei wurde durch Stempeldruck verziert wurde. Zus\u00e4tzlich ist es noch durch eine kleine Schleife aus einem wei\u00dfen Organzaband und einer bunten Schleife erg\u00e4nzt. Mit der d\u00fcnnen Metallstange, die am Keramikei angebracht ist, kannst du den Stecker ganz leicht in deinen Blumentopf stecken. H\u00f6he Osterei: 7cm &hellip; <a href=\"https:\/\/www.regionalis.shop\/naturtraeume\/shop\/blumenstecker-mit-osterei\/\">Continued<\/a><\/p>\n","protected":false},"featured_media":1159,"template":"","meta":{"_acf_changed":false},"product_brand":[],"product_cat":[174,103],"product_tag":[],"class_list":{"0":"post-1158","1":"product","2":"type-product","3":"status-publish","4":"has-post-thumbnail","6":"product_cat-wohndekoration","7":"product_cat-wohnen-deko","9":"first","10":"instock","11":"purchasable","12":"product-type-simple"},"acf":[],"_links":{"self":[{"href":"https:\/\/www.regionalis.shop\/naturtraeume\/wp-json\/wp\/v2\/product\/1158","targetHints":{"allow":["GET"]}}],"collection":[{"href":"https:\/\/www.regionalis.shop\/naturtraeume\/wp-json\/wp\/v2\/product"}],"about":[{"href":"https:\/\/www.regionalis.shop\/naturtraeume\/wp-json\/wp\/v2\/types\/product"}],"wp:featuredmedia":[{"embeddable":true,"href":"https:\/\/www.regionalis.shop\/naturtraeume\/wp-json\/wp\/v2\/media\/1159"}],"wp:attachment":[{"href":"https:\/\/www.regionalis.shop\/naturtraeume\/wp-json\/wp\/v2\/media?parent=1158"}],"wp:term":[{"taxonomy":"product_brand","embeddable":true,"href":"https:\/\/www.regionalis.shop\/naturtraeume\/wp-json\/wp\/v2\/product_brand?post=1158"},{"taxonomy":"product_cat","embeddable":true,"href":"https:\/\/www.regionalis.shop\/naturtraeume\/wp-json\/wp\/v2\/product_cat?post=1158"},{"taxonomy":"product_tag","embeddable":true,"href":"https:\/\/www.regionalis.shop\/naturtraeume\/wp-json\/wp\/v2\/product_tag?post=1158"}],"curies":[{"name":"wp","href":"https:\/\/api.w.org\/{rel}","templated":true}]}}