{"id":1182,"date":"2025-04-18T09:26:11","date_gmt":"2025-04-18T07:26:11","guid":{"rendered":"https:\/\/www.regionalis.shop\/naturtraeume\/product\/personalisiertes-ostersaeckchen-klein\/"},"modified":"2025-04-18T09:26:11","modified_gmt":"2025-04-18T07:26:11","slug":"personalisiertes-ostersaeckchen-klein","status":"publish","type":"product","link":"https:\/\/www.regionalis.shop\/naturtraeume\/shop\/personalisiertes-ostersaeckchen-klein\/","title":{"rendered":"Personalisiertes Osters\u00e4ckchen klein"},"content":{"rendered":"<p>Dieses s\u00fc\u00dfe, kleine Oster-S\u00e4ckchen ist die ideale Verpackung f\u00fcr eure Oster-Geschenke.<\/p>\n<p>Es besteht aus jute\u00e4hnlichem Stoff bzw. aus Leinenstoff und wurde mit dem Schriftzug &#8222;Frohe Ostern&#8220; und einem kleinen H\u00e4schen verziert.<\/p>\n<p>Es ist ein nettes Geschenk f\u00fcr Gro\u00df und Klein, das du nach Belieben f\u00fcllen kannst!<\/p>\n<p>Unter dem Osterhasen kann gerne noch der Name des Beschenkten hinzugef\u00fcgt werden!<\/p>\n<p>H\u00f6he: 23cm<br \/>\nBreite: 17cm<\/p>\n<p>Leinen: 1x verf\u00fcgbar<br \/>\nJute: 2x verf\u00fcgbar<\/p>\n","protected":false},"excerpt":{"rendered":"<p>Dieses s\u00fc\u00dfe, kleine Oster-S\u00e4ckchen ist die ideale Verpackung f\u00fcr eure Oster-Geschenke. Es besteht aus jute\u00e4hnlichem Stoff bzw. aus Leinenstoff und wurde mit dem Schriftzug &#8222;Frohe Ostern&#8220; und einem kleinen H\u00e4schen verziert. Es ist ein nettes Geschenk f\u00fcr Gro\u00df und Klein, das du nach Belieben f\u00fcllen kannst! Unter dem Osterhasen kann gerne noch der Name des &hellip; <a href=\"https:\/\/www.regionalis.shop\/naturtraeume\/shop\/personalisiertes-ostersaeckchen-klein\/\">Continued<\/a><\/p>\n","protected":false},"featured_media":1183,"template":"","meta":{"_acf_changed":false},"product_brand":[],"product_cat":[172,103],"product_tag":[],"class_list":{"0":"post-1182","1":"product","2":"type-product","3":"status-publish","4":"has-post-thumbnail","6":"product_cat-verpacken-verstauen","7":"product_cat-wohnen-deko","9":"first","10":"instock","11":"purchasable","12":"product-type-simple"},"acf":[],"_links":{"self":[{"href":"https:\/\/www.regionalis.shop\/naturtraeume\/wp-json\/wp\/v2\/product\/1182","targetHints":{"allow":["GET"]}}],"collection":[{"href":"https:\/\/www.regionalis.shop\/naturtraeume\/wp-json\/wp\/v2\/product"}],"about":[{"href":"https:\/\/www.regionalis.shop\/naturtraeume\/wp-json\/wp\/v2\/types\/product"}],"wp:featuredmedia":[{"embeddable":true,"href":"https:\/\/www.regionalis.shop\/naturtraeume\/wp-json\/wp\/v2\/media\/1183"}],"wp:attachment":[{"href":"https:\/\/www.regionalis.shop\/naturtraeume\/wp-json\/wp\/v2\/media?parent=1182"}],"wp:term":[{"taxonomy":"product_brand","embeddable":true,"href":"https:\/\/www.regionalis.shop\/naturtraeume\/wp-json\/wp\/v2\/product_brand?post=1182"},{"taxonomy":"product_cat","embeddable":true,"href":"https:\/\/www.regionalis.shop\/naturtraeume\/wp-json\/wp\/v2\/product_cat?post=1182"},{"taxonomy":"product_tag","embeddable":true,"href":"https:\/\/www.regionalis.shop\/naturtraeume\/wp-json\/wp\/v2\/product_tag?post=1182"}],"curies":[{"name":"wp","href":"https:\/\/api.w.org\/{rel}","templated":true}]}}