{"id":1192,"date":"2025-04-18T09:26:11","date_gmt":"2025-04-18T07:26:11","guid":{"rendered":"https:\/\/www.regionalis.shop\/naturtraeume\/product\/kleines-valentinstagssaeckchen\/"},"modified":"2025-04-18T09:26:11","modified_gmt":"2025-04-18T07:26:11","slug":"kleines-valentinstagssaeckchen","status":"publish","type":"product","link":"https:\/\/www.regionalis.shop\/naturtraeume\/shop\/kleines-valentinstagssaeckchen\/","title":{"rendered":"Kleines Valentinstagss\u00e4ckchen"},"content":{"rendered":"<p>Dieses s\u00fc\u00dfe, kleine Valentinstagss\u00e4ckchen ist die ideale Verpackung f\u00fcr eine Kleinigkeit zum Valentinstag.<\/p>\n<p>Es besteht aus jute\u00e4hnlichem Stoff und wurde mit dem Schriftzug &#8222;A little treat for someone sweet&#8220; und kleinen Herzen verziert. Der Schriftzug und die Herzen sind in schwarz und rot aufgeplottet.<\/p>\n<p>Es ist ein nettes Geschenk f\u00fcr Gro\u00df und Klein, das du nach Belieben f\u00fcllen kannst!<\/p>\n<p>H\u00f6he: 15cm<br \/>\nBreite: 12cm<\/p>\n","protected":false},"excerpt":{"rendered":"<p>Dieses s\u00fc\u00dfe, kleine Valentinstagss\u00e4ckchen ist die ideale Verpackung f\u00fcr eine Kleinigkeit zum Valentinstag. Es besteht aus jute\u00e4hnlichem Stoff und wurde mit dem Schriftzug &#8222;A little treat for someone sweet&#8220; und kleinen Herzen verziert. Der Schriftzug und die Herzen sind in schwarz und rot aufgeplottet. Es ist ein nettes Geschenk f\u00fcr Gro\u00df und Klein, das du &hellip; <a href=\"https:\/\/www.regionalis.shop\/naturtraeume\/shop\/kleines-valentinstagssaeckchen\/\">Continued<\/a><\/p>\n","protected":false},"featured_media":1193,"template":"","meta":{"_acf_changed":false},"product_brand":[],"product_cat":[169,103],"product_tag":[],"class_list":{"0":"post-1192","1":"product","2":"type-product","3":"status-publish","4":"has-post-thumbnail","6":"product_cat-sonstiges-wohnen-deko","7":"product_cat-wohnen-deko","9":"first","10":"instock","11":"purchasable","12":"product-type-simple"},"acf":[],"_links":{"self":[{"href":"https:\/\/www.regionalis.shop\/naturtraeume\/wp-json\/wp\/v2\/product\/1192","targetHints":{"allow":["GET"]}}],"collection":[{"href":"https:\/\/www.regionalis.shop\/naturtraeume\/wp-json\/wp\/v2\/product"}],"about":[{"href":"https:\/\/www.regionalis.shop\/naturtraeume\/wp-json\/wp\/v2\/types\/product"}],"wp:featuredmedia":[{"embeddable":true,"href":"https:\/\/www.regionalis.shop\/naturtraeume\/wp-json\/wp\/v2\/media\/1193"}],"wp:attachment":[{"href":"https:\/\/www.regionalis.shop\/naturtraeume\/wp-json\/wp\/v2\/media?parent=1192"}],"wp:term":[{"taxonomy":"product_brand","embeddable":true,"href":"https:\/\/www.regionalis.shop\/naturtraeume\/wp-json\/wp\/v2\/product_brand?post=1192"},{"taxonomy":"product_cat","embeddable":true,"href":"https:\/\/www.regionalis.shop\/naturtraeume\/wp-json\/wp\/v2\/product_cat?post=1192"},{"taxonomy":"product_tag","embeddable":true,"href":"https:\/\/www.regionalis.shop\/naturtraeume\/wp-json\/wp\/v2\/product_tag?post=1192"}],"curies":[{"name":"wp","href":"https:\/\/api.w.org\/{rel}","templated":true}]}}