{"id":1196,"date":"2025-04-18T09:25:34","date_gmt":"2025-04-18T07:25:34","guid":{"rendered":"https:\/\/www.regionalis.shop\/naturtraeume\/product\/hochzeitsschild-fotograf\/"},"modified":"2025-04-18T09:25:34","modified_gmt":"2025-04-18T07:25:34","slug":"hochzeitsschild-fotograf","status":"publish","type":"product","link":"https:\/\/www.regionalis.shop\/naturtraeume\/shop\/hochzeitsschild-fotograf\/","title":{"rendered":"Hochzeitsschild Fotograf"},"content":{"rendered":"<p>Hochzeitsschild Fotograf<\/p>\n<p>Mit diesem s\u00fc\u00dfen Holzschild macht ihr eure G\u00e4ste freundlich darauf aufmerksam, dass ihr sie ganz ohne ihre Handys auf euren Hochzeitsfotos der Trauung sehen m\u00f6chtet. Verziert durch passende Zeichen kommt die Bitte freundlich und locker r\u00fcber.\u00a0<\/p>\n<p>Das Holzschild ist aus 6mm dickem Pappelholz gemacht, welches in der Farbe Nussbaum gebeizt ist. Dadurch hat es eine sch\u00f6ne dunkelbraune Farbe. Die Schrift ist mit wei\u00dfer Folie aufgeplottet.<\/p>\n<p>Solltet ihr eine andere Hintergrundfarbe oder Schrift wollen, schreibt uns gerne eine Nachricht! Wir tun unser Bestes, um eure W\u00fcnsche zu erf\u00fcllen.<\/p>\n<p>H\u00f6he: 42cm<br \/>\nBreite: 30cm<\/p>\n","protected":false},"excerpt":{"rendered":"<p>Hochzeitsschild Fotograf Mit diesem s\u00fc\u00dfen Holzschild macht ihr eure G\u00e4ste freundlich darauf aufmerksam, dass ihr sie ganz ohne ihre Handys auf euren Hochzeitsfotos der Trauung sehen m\u00f6chtet. Verziert durch passende Zeichen kommt die Bitte freundlich und locker r\u00fcber.\u00a0 Das Holzschild ist aus 6mm dickem Pappelholz gemacht, welches in der Farbe Nussbaum gebeizt ist. Dadurch hat &hellip; <a href=\"https:\/\/www.regionalis.shop\/naturtraeume\/shop\/hochzeitsschild-fotograf\/\">Continued<\/a><\/p>\n","protected":false},"featured_media":1197,"template":"","meta":{"_acf_changed":false},"product_brand":[],"product_cat":[174,103],"product_tag":[],"class_list":{"0":"post-1196","1":"product","2":"type-product","3":"status-publish","4":"has-post-thumbnail","6":"product_cat-wohndekoration","7":"product_cat-wohnen-deko","9":"first","10":"instock","11":"purchasable","12":"product-type-simple"},"acf":[],"_links":{"self":[{"href":"https:\/\/www.regionalis.shop\/naturtraeume\/wp-json\/wp\/v2\/product\/1196","targetHints":{"allow":["GET"]}}],"collection":[{"href":"https:\/\/www.regionalis.shop\/naturtraeume\/wp-json\/wp\/v2\/product"}],"about":[{"href":"https:\/\/www.regionalis.shop\/naturtraeume\/wp-json\/wp\/v2\/types\/product"}],"wp:featuredmedia":[{"embeddable":true,"href":"https:\/\/www.regionalis.shop\/naturtraeume\/wp-json\/wp\/v2\/media\/1197"}],"wp:attachment":[{"href":"https:\/\/www.regionalis.shop\/naturtraeume\/wp-json\/wp\/v2\/media?parent=1196"}],"wp:term":[{"taxonomy":"product_brand","embeddable":true,"href":"https:\/\/www.regionalis.shop\/naturtraeume\/wp-json\/wp\/v2\/product_brand?post=1196"},{"taxonomy":"product_cat","embeddable":true,"href":"https:\/\/www.regionalis.shop\/naturtraeume\/wp-json\/wp\/v2\/product_cat?post=1196"},{"taxonomy":"product_tag","embeddable":true,"href":"https:\/\/www.regionalis.shop\/naturtraeume\/wp-json\/wp\/v2\/product_tag?post=1196"}],"curies":[{"name":"wp","href":"https:\/\/api.w.org\/{rel}","templated":true}]}}