{"id":1216,"date":"2025-04-18T09:02:32","date_gmt":"2025-04-18T07:02:32","guid":{"rendered":"https:\/\/www.regionalis.shop\/naturtraeume\/product\/weihnachtliches-holzschild-let-it-snow\/"},"modified":"2025-04-18T09:02:32","modified_gmt":"2025-04-18T07:02:32","slug":"weihnachtliches-holzschild-let-it-snow","status":"publish","type":"product","link":"https:\/\/www.regionalis.shop\/naturtraeume\/shop\/weihnachtliches-holzschild-let-it-snow\/","title":{"rendered":"Weihnachtliches Holzschild &#8222;Let it snow&#8220;"},"content":{"rendered":"<p>Dieses s\u00fc\u00dfe Holzschild l\u00e4sst sich vielf\u00e4ltig in eurer Weihnachtsdekoration verwenden oder ist auch ein tolles Geschenk.<\/p>\n<p>Das Holzbrett wurde gefl\u00e4mmt, damit es eine sch\u00f6ne dunkelbraune Farbe erh\u00e4lt.<br \/>\nDer Schriftzug &#8222;Let it snow&#8220;, der Tannenbaum sowie die Schneeflocken wurden anschlie\u00dfend in wei\u00df aufgeplottet.<br \/>\nAn der oberen Kante sind zus\u00e4tzlich noch ein Juteband und ein kleiner Holzstern als Verzierung angebracht.<\/p>\n<p>H\u00f6he: 41cm<br \/>\nBreite: 9cm<br \/>\nDicke: 2cm<\/p>\n","protected":false},"excerpt":{"rendered":"<p>Dieses s\u00fc\u00dfe Holzschild l\u00e4sst sich vielf\u00e4ltig in eurer Weihnachtsdekoration verwenden oder ist auch ein tolles Geschenk. Das Holzbrett wurde gefl\u00e4mmt, damit es eine sch\u00f6ne dunkelbraune Farbe erh\u00e4lt. Der Schriftzug &#8222;Let it snow&#8220;, der Tannenbaum sowie die Schneeflocken wurden anschlie\u00dfend in wei\u00df aufgeplottet. An der oberen Kante sind zus\u00e4tzlich noch ein Juteband und ein kleiner Holzstern &hellip; <a href=\"https:\/\/www.regionalis.shop\/naturtraeume\/shop\/weihnachtliches-holzschild-let-it-snow\/\">Continued<\/a><\/p>\n","protected":false},"featured_media":1217,"template":"","meta":{"_acf_changed":false},"product_brand":[],"product_cat":[173,103],"product_tag":[],"class_list":{"0":"post-1216","1":"product","2":"type-product","3":"status-publish","4":"has-post-thumbnail","6":"product_cat-weihnachten","7":"product_cat-wohnen-deko","9":"first","10":"instock","11":"purchasable","12":"product-type-simple"},"acf":[],"_links":{"self":[{"href":"https:\/\/www.regionalis.shop\/naturtraeume\/wp-json\/wp\/v2\/product\/1216","targetHints":{"allow":["GET"]}}],"collection":[{"href":"https:\/\/www.regionalis.shop\/naturtraeume\/wp-json\/wp\/v2\/product"}],"about":[{"href":"https:\/\/www.regionalis.shop\/naturtraeume\/wp-json\/wp\/v2\/types\/product"}],"wp:featuredmedia":[{"embeddable":true,"href":"https:\/\/www.regionalis.shop\/naturtraeume\/wp-json\/wp\/v2\/media\/1217"}],"wp:attachment":[{"href":"https:\/\/www.regionalis.shop\/naturtraeume\/wp-json\/wp\/v2\/media?parent=1216"}],"wp:term":[{"taxonomy":"product_brand","embeddable":true,"href":"https:\/\/www.regionalis.shop\/naturtraeume\/wp-json\/wp\/v2\/product_brand?post=1216"},{"taxonomy":"product_cat","embeddable":true,"href":"https:\/\/www.regionalis.shop\/naturtraeume\/wp-json\/wp\/v2\/product_cat?post=1216"},{"taxonomy":"product_tag","embeddable":true,"href":"https:\/\/www.regionalis.shop\/naturtraeume\/wp-json\/wp\/v2\/product_tag?post=1216"}],"curies":[{"name":"wp","href":"https:\/\/api.w.org\/{rel}","templated":true}]}}