{"id":1228,"date":"2025-04-18T09:02:32","date_gmt":"2025-04-18T07:02:32","guid":{"rendered":"https:\/\/www.regionalis.shop\/naturtraeume\/product\/beton-stern-gluecksstern-klein\/"},"modified":"2025-04-18T09:02:32","modified_gmt":"2025-04-18T07:02:32","slug":"beton-stern-gluecksstern-klein","status":"publish","type":"product","link":"https:\/\/www.regionalis.shop\/naturtraeume\/shop\/beton-stern-gluecksstern-klein\/","title":{"rendered":"Beton-Stern &#8222;Gl\u00fccksstern&#8220; &#8211; klein"},"content":{"rendered":"<p>Beton-Stern &#8222;Gl\u00fccksstern&#8220;<\/p>\n<p>Dieser handgemachte Stern wurde aus hellgrauem Beton hergestellt.<\/p>\n<p>Durch anschlie\u00dfendes Schleifen kommt die besondere Struktur an der Oberfl\u00e4che zum Vorschein.<\/p>\n<p>Auf der Vorderseite wurde der Schriftzug &#8222;Gl\u00fccksstern&#8220; aufgeplottet.<\/p>\n<p>Der kleine Stern kann sehr gut gemeinsam mit dem kleineren kombiniert werden.<br \/>\nEr ist auch ein super Neujahrsgeschenk.<\/p>\n<p>Durchmesser: 7,5cm<br \/>\nDicke: 2,5cm<\/p>\n","protected":false},"excerpt":{"rendered":"<p>Beton-Stern &#8222;Gl\u00fccksstern&#8220; Dieser handgemachte Stern wurde aus hellgrauem Beton hergestellt. Durch anschlie\u00dfendes Schleifen kommt die besondere Struktur an der Oberfl\u00e4che zum Vorschein. Auf der Vorderseite wurde der Schriftzug &#8222;Gl\u00fccksstern&#8220; aufgeplottet. Der kleine Stern kann sehr gut gemeinsam mit dem kleineren kombiniert werden. Er ist auch ein super Neujahrsgeschenk. Durchmesser: 7,5cm Dicke: 2,5cm<\/p>\n","protected":false},"featured_media":1229,"template":"","meta":{"_acf_changed":false},"product_brand":[],"product_cat":[173,103],"product_tag":[],"class_list":{"0":"post-1228","1":"product","2":"type-product","3":"status-publish","4":"has-post-thumbnail","6":"product_cat-weihnachten","7":"product_cat-wohnen-deko","9":"first","10":"instock","11":"purchasable","12":"product-type-simple"},"acf":[],"_links":{"self":[{"href":"https:\/\/www.regionalis.shop\/naturtraeume\/wp-json\/wp\/v2\/product\/1228","targetHints":{"allow":["GET"]}}],"collection":[{"href":"https:\/\/www.regionalis.shop\/naturtraeume\/wp-json\/wp\/v2\/product"}],"about":[{"href":"https:\/\/www.regionalis.shop\/naturtraeume\/wp-json\/wp\/v2\/types\/product"}],"wp:featuredmedia":[{"embeddable":true,"href":"https:\/\/www.regionalis.shop\/naturtraeume\/wp-json\/wp\/v2\/media\/1229"}],"wp:attachment":[{"href":"https:\/\/www.regionalis.shop\/naturtraeume\/wp-json\/wp\/v2\/media?parent=1228"}],"wp:term":[{"taxonomy":"product_brand","embeddable":true,"href":"https:\/\/www.regionalis.shop\/naturtraeume\/wp-json\/wp\/v2\/product_brand?post=1228"},{"taxonomy":"product_cat","embeddable":true,"href":"https:\/\/www.regionalis.shop\/naturtraeume\/wp-json\/wp\/v2\/product_cat?post=1228"},{"taxonomy":"product_tag","embeddable":true,"href":"https:\/\/www.regionalis.shop\/naturtraeume\/wp-json\/wp\/v2\/product_tag?post=1228"}],"curies":[{"name":"wp","href":"https:\/\/api.w.org\/{rel}","templated":true}]}}