{"id":1240,"date":"2025-04-18T09:02:32","date_gmt":"2025-04-18T07:02:32","guid":{"rendered":"https:\/\/www.regionalis.shop\/naturtraeume\/product\/treibholz-schildchen-nordpol\/"},"modified":"2025-04-18T09:02:32","modified_gmt":"2025-04-18T07:02:32","slug":"treibholz-schildchen-nordpol","status":"publish","type":"product","link":"https:\/\/www.regionalis.shop\/naturtraeume\/shop\/treibholz-schildchen-nordpol\/","title":{"rendered":"Treibholz-Schildchen &#8222;Nordpol&#8220;"},"content":{"rendered":"<p>Dieses s\u00fc\u00dfe, kleine Treibholzschild l\u00e4sst sich vielf\u00e4ltig in eurer Weihnachtsdekoration verwenden oder ist auch ein tolles Geschenk.<\/p>\n<p>Das Treibholz wurde an der Oberseite mit wei\u00dfer Kreidefarbe bemalt.<br \/>\nDer Schriftzug &#8222;Nordpol&#8220; und die Schneeflocken wurden anschlie\u00dfend in schwarz aufgeplottet. <\/p>\n<p>Eine Jutekordel dient als Aufh\u00e4nger.<\/p>\n<p>H\u00f6he: 8cm<br \/>\nBreite: 33,5cm<br \/>\nDicke: 1cm<\/p>\n","protected":false},"excerpt":{"rendered":"<p>Dieses s\u00fc\u00dfe, kleine Treibholzschild l\u00e4sst sich vielf\u00e4ltig in eurer Weihnachtsdekoration verwenden oder ist auch ein tolles Geschenk. Das Treibholz wurde an der Oberseite mit wei\u00dfer Kreidefarbe bemalt. Der Schriftzug &#8222;Nordpol&#8220; und die Schneeflocken wurden anschlie\u00dfend in schwarz aufgeplottet. Eine Jutekordel dient als Aufh\u00e4nger. H\u00f6he: 8cm Breite: 33,5cm Dicke: 1cm<\/p>\n","protected":false},"featured_media":1241,"template":"","meta":{"_acf_changed":false},"product_brand":[],"product_cat":[173,103],"product_tag":[],"class_list":{"0":"post-1240","1":"product","2":"type-product","3":"status-publish","4":"has-post-thumbnail","6":"product_cat-weihnachten","7":"product_cat-wohnen-deko","9":"first","10":"instock","11":"purchasable","12":"product-type-simple"},"acf":[],"_links":{"self":[{"href":"https:\/\/www.regionalis.shop\/naturtraeume\/wp-json\/wp\/v2\/product\/1240","targetHints":{"allow":["GET"]}}],"collection":[{"href":"https:\/\/www.regionalis.shop\/naturtraeume\/wp-json\/wp\/v2\/product"}],"about":[{"href":"https:\/\/www.regionalis.shop\/naturtraeume\/wp-json\/wp\/v2\/types\/product"}],"wp:featuredmedia":[{"embeddable":true,"href":"https:\/\/www.regionalis.shop\/naturtraeume\/wp-json\/wp\/v2\/media\/1241"}],"wp:attachment":[{"href":"https:\/\/www.regionalis.shop\/naturtraeume\/wp-json\/wp\/v2\/media?parent=1240"}],"wp:term":[{"taxonomy":"product_brand","embeddable":true,"href":"https:\/\/www.regionalis.shop\/naturtraeume\/wp-json\/wp\/v2\/product_brand?post=1240"},{"taxonomy":"product_cat","embeddable":true,"href":"https:\/\/www.regionalis.shop\/naturtraeume\/wp-json\/wp\/v2\/product_cat?post=1240"},{"taxonomy":"product_tag","embeddable":true,"href":"https:\/\/www.regionalis.shop\/naturtraeume\/wp-json\/wp\/v2\/product_tag?post=1240"}],"curies":[{"name":"wp","href":"https:\/\/api.w.org\/{rel}","templated":true}]}}