{"id":1244,"date":"2025-04-18T08:57:04","date_gmt":"2025-04-18T06:57:04","guid":{"rendered":"https:\/\/www.regionalis.shop\/naturtraeume\/product\/51-gratis-aktion-holz-weihnachtskarten\/"},"modified":"2025-04-18T08:57:04","modified_gmt":"2025-04-18T06:57:04","slug":"51-gratis-aktion-holz-weihnachtskarten","status":"publish","type":"product","link":"https:\/\/www.regionalis.shop\/naturtraeume\/shop\/51-gratis-aktion-holz-weihnachtskarten\/","title":{"rendered":"5+1 Gratis Aktion Holz-Weihnachtskarten"},"content":{"rendered":"<p>\u00dcberrascht eure Liebsten doch mal mit einer etwas anderen Weihnachtskarte!<\/p>\n<p>Die Karten werden mit viel Liebe zum Detail hergestellt.<\/p>\n<p>Der Schriftzug und die Symbole wurden mit dem Laser hineingebrannt. <\/p>\n<p>Ein besonderer Hingucker sind die Blattgoldelemente bei manchen Karten<\/p>\n<p>Die Holzkarte klebt auf einem schwarzen Kraftpapier-Billett.<br \/>\nInnen befindet sich wei\u00dfes Papier, damit ihr auch noch eure pers\u00f6nlichen Worte darauf schreiben k\u00f6nnt.<\/p>\n<p>Format: A6<\/p>\n<p>Such dir einfach 6 Karten aus und du bekommt sie zum Preis von 5. <\/p>\n<p>Bitte gib im Bestellvorgang an, welche Karten du gerne h\u00e4ttest.<br \/>\nDie Nummern stehen in den Bildern.<\/p>\n","protected":false},"excerpt":{"rendered":"<p>\u00dcberrascht eure Liebsten doch mal mit einer etwas anderen Weihnachtskarte! Die Karten werden mit viel Liebe zum Detail hergestellt. Der Schriftzug und die Symbole wurden mit dem Laser hineingebrannt. Ein besonderer Hingucker sind die Blattgoldelemente bei manchen Karten Die Holzkarte klebt auf einem schwarzen Kraftpapier-Billett. Innen befindet sich wei\u00dfes Papier, damit ihr auch noch eure &hellip; <a href=\"https:\/\/www.regionalis.shop\/naturtraeume\/shop\/51-gratis-aktion-holz-weihnachtskarten\/\">Continued<\/a><\/p>\n","protected":false},"featured_media":1245,"template":"","meta":{"_acf_changed":false},"product_brand":[],"product_cat":[62,101],"product_tag":[],"class_list":{"0":"post-1244","1":"product","2":"type-product","3":"status-publish","4":"has-post-thumbnail","6":"product_cat-papeterie-schreibwaren","7":"product_cat-weihnachtskarten","9":"first","10":"instock","11":"purchasable","12":"product-type-simple"},"acf":[],"_links":{"self":[{"href":"https:\/\/www.regionalis.shop\/naturtraeume\/wp-json\/wp\/v2\/product\/1244","targetHints":{"allow":["GET"]}}],"collection":[{"href":"https:\/\/www.regionalis.shop\/naturtraeume\/wp-json\/wp\/v2\/product"}],"about":[{"href":"https:\/\/www.regionalis.shop\/naturtraeume\/wp-json\/wp\/v2\/types\/product"}],"wp:featuredmedia":[{"embeddable":true,"href":"https:\/\/www.regionalis.shop\/naturtraeume\/wp-json\/wp\/v2\/media\/1245"}],"wp:attachment":[{"href":"https:\/\/www.regionalis.shop\/naturtraeume\/wp-json\/wp\/v2\/media?parent=1244"}],"wp:term":[{"taxonomy":"product_brand","embeddable":true,"href":"https:\/\/www.regionalis.shop\/naturtraeume\/wp-json\/wp\/v2\/product_brand?post=1244"},{"taxonomy":"product_cat","embeddable":true,"href":"https:\/\/www.regionalis.shop\/naturtraeume\/wp-json\/wp\/v2\/product_cat?post=1244"},{"taxonomy":"product_tag","embeddable":true,"href":"https:\/\/www.regionalis.shop\/naturtraeume\/wp-json\/wp\/v2\/product_tag?post=1244"}],"curies":[{"name":"wp","href":"https:\/\/api.w.org\/{rel}","templated":true}]}}