{"id":1247,"date":"2025-04-18T08:44:27","date_gmt":"2025-04-18T06:44:27","guid":{"rendered":"https:\/\/www.regionalis.shop\/naturtraeume\/product\/adventskranz-aus-teakholz\/"},"modified":"2025-04-18T08:44:27","modified_gmt":"2025-04-18T06:44:27","slug":"adventskranz-aus-teakholz","status":"publish","type":"product","link":"https:\/\/www.regionalis.shop\/naturtraeume\/shop\/adventskranz-aus-teakholz\/","title":{"rendered":"Adventskranz aus Teakholz"},"content":{"rendered":"<p>Dieser Adventskranz der etwas anderen Art besteht aus einem St\u00fcck Teakholz, welches mit viel Liebe zum Detail verziert wurde.<\/p>\n<p>4 schwarze Metallkerzenhalter sind auf dem Teakholzst\u00fcck angebracht.<br \/>\nDie Dekoration besteht aus grauem Moos, Apfel- und Orangenscheiben, diversen Holzsternen, Zimt, Anis sowie verschiedenen B\u00e4ndern.<\/p>\n<p>L\u00e4nge: 53cm<br \/>\nBreite: 14cm<br \/>\nH\u00f6he: 14cm ohne Kerzen<\/p>\n","protected":false},"excerpt":{"rendered":"<p>Dieser Adventskranz der etwas anderen Art besteht aus einem St\u00fcck Teakholz, welches mit viel Liebe zum Detail verziert wurde. 4 schwarze Metallkerzenhalter sind auf dem Teakholzst\u00fcck angebracht. Die Dekoration besteht aus grauem Moos, Apfel- und Orangenscheiben, diversen Holzsternen, Zimt, Anis sowie verschiedenen B\u00e4ndern. L\u00e4nge: 53cm Breite: 14cm H\u00f6he: 14cm ohne Kerzen<\/p>\n","protected":false},"featured_media":1248,"template":"","meta":{"_acf_changed":false},"product_brand":[],"product_cat":[173,103],"product_tag":[],"class_list":{"0":"post-1247","1":"product","2":"type-product","3":"status-publish","4":"has-post-thumbnail","6":"product_cat-weihnachten","7":"product_cat-wohnen-deko","9":"first","10":"instock","11":"purchasable","12":"product-type-simple"},"acf":[],"_links":{"self":[{"href":"https:\/\/www.regionalis.shop\/naturtraeume\/wp-json\/wp\/v2\/product\/1247","targetHints":{"allow":["GET"]}}],"collection":[{"href":"https:\/\/www.regionalis.shop\/naturtraeume\/wp-json\/wp\/v2\/product"}],"about":[{"href":"https:\/\/www.regionalis.shop\/naturtraeume\/wp-json\/wp\/v2\/types\/product"}],"wp:featuredmedia":[{"embeddable":true,"href":"https:\/\/www.regionalis.shop\/naturtraeume\/wp-json\/wp\/v2\/media\/1248"}],"wp:attachment":[{"href":"https:\/\/www.regionalis.shop\/naturtraeume\/wp-json\/wp\/v2\/media?parent=1247"}],"wp:term":[{"taxonomy":"product_brand","embeddable":true,"href":"https:\/\/www.regionalis.shop\/naturtraeume\/wp-json\/wp\/v2\/product_brand?post=1247"},{"taxonomy":"product_cat","embeddable":true,"href":"https:\/\/www.regionalis.shop\/naturtraeume\/wp-json\/wp\/v2\/product_cat?post=1247"},{"taxonomy":"product_tag","embeddable":true,"href":"https:\/\/www.regionalis.shop\/naturtraeume\/wp-json\/wp\/v2\/product_tag?post=1247"}],"curies":[{"name":"wp","href":"https:\/\/api.w.org\/{rel}","templated":true}]}}