{"id":1262,"date":"2025-04-18T08:22:46","date_gmt":"2025-04-18T06:22:46","guid":{"rendered":"https:\/\/www.regionalis.shop\/naturtraeume\/product\/kleines-haeuschen-home\/"},"modified":"2025-04-18T08:22:46","modified_gmt":"2025-04-18T06:22:46","slug":"kleines-haeuschen-home","status":"publish","type":"product","link":"https:\/\/www.regionalis.shop\/naturtraeume\/shop\/kleines-haeuschen-home\/","title":{"rendered":"Kleines H\u00e4uschen &#8222;Home&#8220;"},"content":{"rendered":"<p>Das kleine Holzh\u00e4uschen kann sowohl in der Dekoration, als auch sehr gut als Geschenk verwendet werden.<\/p>\n<p>Das H\u00e4uschen wurde h\u00e4ndisch zugeschnitten und mit nussfarbener Beize behandelt.<br \/>\nAnschlie\u00dfend wurde es mit dem Schriftzug &#8222;Home&#8220; und einem kleinen Herz verziert.<\/p>\n<p>H\u00f6he: 8,5cm<br \/>\nBreite: 5,5cm<br \/>\nTiefe: 2cm<\/p>\n<p>Nur f\u00fcr den Innenbereich geeignet.<br \/>\nBitte beachte, dass jedes Holzst\u00fcck ein wenig anders ist, da sie alle Naturmaterialien sind.<\/p>\n","protected":false},"excerpt":{"rendered":"<p>Das kleine Holzh\u00e4uschen kann sowohl in der Dekoration, als auch sehr gut als Geschenk verwendet werden. Das H\u00e4uschen wurde h\u00e4ndisch zugeschnitten und mit nussfarbener Beize behandelt. Anschlie\u00dfend wurde es mit dem Schriftzug &#8222;Home&#8220; und einem kleinen Herz verziert. H\u00f6he: 8,5cm Breite: 5,5cm Tiefe: 2cm Nur f\u00fcr den Innenbereich geeignet. Bitte beachte, dass jedes Holzst\u00fcck ein &hellip; <a href=\"https:\/\/www.regionalis.shop\/naturtraeume\/shop\/kleines-haeuschen-home\/\">Continued<\/a><\/p>\n","protected":false},"featured_media":1263,"template":"","meta":{"_acf_changed":false},"product_brand":[],"product_cat":[174,103],"product_tag":[],"class_list":{"0":"post-1262","1":"product","2":"type-product","3":"status-publish","4":"has-post-thumbnail","6":"product_cat-wohndekoration","7":"product_cat-wohnen-deko","9":"first","10":"instock","11":"purchasable","12":"product-type-simple"},"acf":[],"_links":{"self":[{"href":"https:\/\/www.regionalis.shop\/naturtraeume\/wp-json\/wp\/v2\/product\/1262","targetHints":{"allow":["GET"]}}],"collection":[{"href":"https:\/\/www.regionalis.shop\/naturtraeume\/wp-json\/wp\/v2\/product"}],"about":[{"href":"https:\/\/www.regionalis.shop\/naturtraeume\/wp-json\/wp\/v2\/types\/product"}],"wp:featuredmedia":[{"embeddable":true,"href":"https:\/\/www.regionalis.shop\/naturtraeume\/wp-json\/wp\/v2\/media\/1263"}],"wp:attachment":[{"href":"https:\/\/www.regionalis.shop\/naturtraeume\/wp-json\/wp\/v2\/media?parent=1262"}],"wp:term":[{"taxonomy":"product_brand","embeddable":true,"href":"https:\/\/www.regionalis.shop\/naturtraeume\/wp-json\/wp\/v2\/product_brand?post=1262"},{"taxonomy":"product_cat","embeddable":true,"href":"https:\/\/www.regionalis.shop\/naturtraeume\/wp-json\/wp\/v2\/product_cat?post=1262"},{"taxonomy":"product_tag","embeddable":true,"href":"https:\/\/www.regionalis.shop\/naturtraeume\/wp-json\/wp\/v2\/product_tag?post=1262"}],"curies":[{"name":"wp","href":"https:\/\/api.w.org\/{rel}","templated":true}]}}