{"id":1265,"date":"2025-04-18T08:22:46","date_gmt":"2025-04-18T06:22:46","guid":{"rendered":"https:\/\/www.regionalis.shop\/naturtraeume\/product\/dekorative-schneemann-saeule\/"},"modified":"2025-04-18T08:22:46","modified_gmt":"2025-04-18T06:22:46","slug":"dekorative-schneemann-saeule","status":"publish","type":"product","link":"https:\/\/www.regionalis.shop\/naturtraeume\/shop\/dekorative-schneemann-saeule\/","title":{"rendered":"Dekorative Schneemann-S\u00e4ule"},"content":{"rendered":"<p>Diese s\u00fc\u00dfe Schneemann-S\u00e4ule bringt winterliche Stimmung in euer Zuhause.<\/p>\n<p>Die Holzs\u00e4ule ist mit unterschiedlichen Acrly- und Kreidefarben bemalt und durch eine Schicht Klarlack gesch\u00fctzt.<\/p>\n<p>Der Sockel der S\u00e4ule ist mit getrocknetem Moos und kleinen Zapfen verziert.<\/p>\n<p>Ein ganz besonderer Hingucker ist der bunte Schal!<\/p>\n<p>H\u00f6he: 47cm<br \/>\nBreite: 15cm<br \/>\nTiefe: 2,5cm<br \/>\nSockel: 20x10cm<\/p>\n","protected":false},"excerpt":{"rendered":"<p>Diese s\u00fc\u00dfe Schneemann-S\u00e4ule bringt winterliche Stimmung in euer Zuhause. Die Holzs\u00e4ule ist mit unterschiedlichen Acrly- und Kreidefarben bemalt und durch eine Schicht Klarlack gesch\u00fctzt. Der Sockel der S\u00e4ule ist mit getrocknetem Moos und kleinen Zapfen verziert. Ein ganz besonderer Hingucker ist der bunte Schal! H\u00f6he: 47cm Breite: 15cm Tiefe: 2,5cm Sockel: 20x10cm<\/p>\n","protected":false},"featured_media":1266,"template":"","meta":{"_acf_changed":false},"product_brand":[],"product_cat":[173,103],"product_tag":[],"class_list":{"0":"post-1265","1":"product","2":"type-product","3":"status-publish","4":"has-post-thumbnail","6":"product_cat-weihnachten","7":"product_cat-wohnen-deko","9":"first","10":"instock","11":"purchasable","12":"product-type-simple"},"acf":[],"_links":{"self":[{"href":"https:\/\/www.regionalis.shop\/naturtraeume\/wp-json\/wp\/v2\/product\/1265","targetHints":{"allow":["GET"]}}],"collection":[{"href":"https:\/\/www.regionalis.shop\/naturtraeume\/wp-json\/wp\/v2\/product"}],"about":[{"href":"https:\/\/www.regionalis.shop\/naturtraeume\/wp-json\/wp\/v2\/types\/product"}],"wp:featuredmedia":[{"embeddable":true,"href":"https:\/\/www.regionalis.shop\/naturtraeume\/wp-json\/wp\/v2\/media\/1266"}],"wp:attachment":[{"href":"https:\/\/www.regionalis.shop\/naturtraeume\/wp-json\/wp\/v2\/media?parent=1265"}],"wp:term":[{"taxonomy":"product_brand","embeddable":true,"href":"https:\/\/www.regionalis.shop\/naturtraeume\/wp-json\/wp\/v2\/product_brand?post=1265"},{"taxonomy":"product_cat","embeddable":true,"href":"https:\/\/www.regionalis.shop\/naturtraeume\/wp-json\/wp\/v2\/product_cat?post=1265"},{"taxonomy":"product_tag","embeddable":true,"href":"https:\/\/www.regionalis.shop\/naturtraeume\/wp-json\/wp\/v2\/product_tag?post=1265"}],"curies":[{"name":"wp","href":"https:\/\/api.w.org\/{rel}","templated":true}]}}