{"id":1268,"date":"2025-04-18T08:22:46","date_gmt":"2025-04-18T06:22:46","guid":{"rendered":"https:\/\/www.regionalis.shop\/naturtraeume\/product\/nikolaus-saeckchen-mit-personalisierung\/"},"modified":"2025-04-18T08:22:46","modified_gmt":"2025-04-18T06:22:46","slug":"nikolaus-saeckchen-mit-personalisierung","status":"publish","type":"product","link":"https:\/\/www.regionalis.shop\/naturtraeume\/shop\/nikolaus-saeckchen-mit-personalisierung\/","title":{"rendered":"Nikolaus-S\u00e4ckchen mit Personalisierung"},"content":{"rendered":"<p>Dieses s\u00fc\u00dfe, handgemachte Nikolo-S\u00e4ckchen ist die ideale Verpackung f\u00fcr eure Nikolaus-Geschenke.<\/p>\n<p>Es wurde aus beigem Stoff per Hand gen\u00e4ht und mit dem Schriftzug &#8222;Gruss vom Nikolo&#8220; und einem kleinen Nikolaus verziert.<br \/>\nUnter dem Nikolaus kann gerne noch der Name des Beschenkten hinzugef\u00fcgt werden!<\/p>\n<p>Es ist ein nettes Geschenk f\u00fcr Gro\u00df und Klein, das du nach Belieben f\u00fcllen kannst!<\/p>\n<p>Zum Zusammenbinden ist eine dunkelbeige Kordel beigef\u00fcgt.<\/p>\n<p>H\u00f6he: 36cm<br \/>\nBreite: 23cm<\/p>\n","protected":false},"excerpt":{"rendered":"<p>Dieses s\u00fc\u00dfe, handgemachte Nikolo-S\u00e4ckchen ist die ideale Verpackung f\u00fcr eure Nikolaus-Geschenke. Es wurde aus beigem Stoff per Hand gen\u00e4ht und mit dem Schriftzug &#8222;Gruss vom Nikolo&#8220; und einem kleinen Nikolaus verziert. Unter dem Nikolaus kann gerne noch der Name des Beschenkten hinzugef\u00fcgt werden! Es ist ein nettes Geschenk f\u00fcr Gro\u00df und Klein, das du nach &hellip; <a href=\"https:\/\/www.regionalis.shop\/naturtraeume\/shop\/nikolaus-saeckchen-mit-personalisierung\/\">Continued<\/a><\/p>\n","protected":false},"featured_media":1269,"template":"","meta":{"_acf_changed":false},"product_brand":[],"product_cat":[173,103],"product_tag":[],"class_list":{"0":"post-1268","1":"product","2":"type-product","3":"status-publish","4":"has-post-thumbnail","6":"product_cat-weihnachten","7":"product_cat-wohnen-deko","9":"first","10":"instock","11":"purchasable","12":"product-type-simple"},"acf":[],"_links":{"self":[{"href":"https:\/\/www.regionalis.shop\/naturtraeume\/wp-json\/wp\/v2\/product\/1268","targetHints":{"allow":["GET"]}}],"collection":[{"href":"https:\/\/www.regionalis.shop\/naturtraeume\/wp-json\/wp\/v2\/product"}],"about":[{"href":"https:\/\/www.regionalis.shop\/naturtraeume\/wp-json\/wp\/v2\/types\/product"}],"wp:featuredmedia":[{"embeddable":true,"href":"https:\/\/www.regionalis.shop\/naturtraeume\/wp-json\/wp\/v2\/media\/1269"}],"wp:attachment":[{"href":"https:\/\/www.regionalis.shop\/naturtraeume\/wp-json\/wp\/v2\/media?parent=1268"}],"wp:term":[{"taxonomy":"product_brand","embeddable":true,"href":"https:\/\/www.regionalis.shop\/naturtraeume\/wp-json\/wp\/v2\/product_brand?post=1268"},{"taxonomy":"product_cat","embeddable":true,"href":"https:\/\/www.regionalis.shop\/naturtraeume\/wp-json\/wp\/v2\/product_cat?post=1268"},{"taxonomy":"product_tag","embeddable":true,"href":"https:\/\/www.regionalis.shop\/naturtraeume\/wp-json\/wp\/v2\/product_tag?post=1268"}],"curies":[{"name":"wp","href":"https:\/\/api.w.org\/{rel}","templated":true}]}}