{"id":1273,"date":"2025-04-18T08:22:46","date_gmt":"2025-04-18T06:22:46","guid":{"rendered":"https:\/\/www.regionalis.shop\/naturtraeume\/product\/weihnachtliche-stumpenkerzen-mit-rostflamme\/"},"modified":"2025-04-18T08:22:46","modified_gmt":"2025-04-18T06:22:46","slug":"weihnachtliche-stumpenkerzen-mit-rostflamme","status":"publish","type":"product","link":"https:\/\/www.regionalis.shop\/naturtraeume\/shop\/weihnachtliche-stumpenkerzen-mit-rostflamme\/","title":{"rendered":"Weihnachtliche Stumpenkerzen mit Rostflamme"},"content":{"rendered":"<p>Diese handgemachten Kerzen bringen definitiv Weihnachtsstimmung in euer Zuhause, egal ob eine alleine in der Wohnung oder 2-3 zusammen kombiniert vor der Haust\u00fcre.<\/p>\n<p>Der K\u00f6rper der Kerze besteht aus einem Holzstumpf, die Flamme aus Metall in Rostoptik.<\/p>\n<p>Mittelgro\u00dfe Kerze\/kleine Flamme: H\u00f6he: 25-27,5cm (2 verf\u00fcgbar)<br \/>\nMittelgro\u00dfe Kerze\/gro\u00dfe Flamme: H\u00f6he: 34-40cm (2 verf\u00fcgbar)<br \/>\nGro\u00dfe Kerze\/gro\u00dfe Flamme: H\u00f6he: 46cm (1 verf\u00fcgbar)<br \/>\nDurchmesser: ca. 7-10cm<\/p>\n","protected":false},"excerpt":{"rendered":"<p>Diese handgemachten Kerzen bringen definitiv Weihnachtsstimmung in euer Zuhause, egal ob eine alleine in der Wohnung oder 2-3 zusammen kombiniert vor der Haust\u00fcre. Der K\u00f6rper der Kerze besteht aus einem Holzstumpf, die Flamme aus Metall in Rostoptik. Mittelgro\u00dfe Kerze\/kleine Flamme: H\u00f6he: 25-27,5cm (2 verf\u00fcgbar) Mittelgro\u00dfe Kerze\/gro\u00dfe Flamme: H\u00f6he: 34-40cm (2 verf\u00fcgbar) Gro\u00dfe Kerze\/gro\u00dfe Flamme: H\u00f6he: &hellip; <a href=\"https:\/\/www.regionalis.shop\/naturtraeume\/shop\/weihnachtliche-stumpenkerzen-mit-rostflamme\/\">Continued<\/a><\/p>\n","protected":false},"featured_media":1274,"template":"","meta":{"_acf_changed":false},"product_brand":[],"product_cat":[173,103],"product_tag":[],"class_list":{"0":"post-1273","1":"product","2":"type-product","3":"status-publish","4":"has-post-thumbnail","6":"product_cat-weihnachten","7":"product_cat-wohnen-deko","9":"first","10":"instock","11":"purchasable","12":"product-type-simple"},"acf":[],"_links":{"self":[{"href":"https:\/\/www.regionalis.shop\/naturtraeume\/wp-json\/wp\/v2\/product\/1273","targetHints":{"allow":["GET"]}}],"collection":[{"href":"https:\/\/www.regionalis.shop\/naturtraeume\/wp-json\/wp\/v2\/product"}],"about":[{"href":"https:\/\/www.regionalis.shop\/naturtraeume\/wp-json\/wp\/v2\/types\/product"}],"wp:featuredmedia":[{"embeddable":true,"href":"https:\/\/www.regionalis.shop\/naturtraeume\/wp-json\/wp\/v2\/media\/1274"}],"wp:attachment":[{"href":"https:\/\/www.regionalis.shop\/naturtraeume\/wp-json\/wp\/v2\/media?parent=1273"}],"wp:term":[{"taxonomy":"product_brand","embeddable":true,"href":"https:\/\/www.regionalis.shop\/naturtraeume\/wp-json\/wp\/v2\/product_brand?post=1273"},{"taxonomy":"product_cat","embeddable":true,"href":"https:\/\/www.regionalis.shop\/naturtraeume\/wp-json\/wp\/v2\/product_cat?post=1273"},{"taxonomy":"product_tag","embeddable":true,"href":"https:\/\/www.regionalis.shop\/naturtraeume\/wp-json\/wp\/v2\/product_tag?post=1273"}],"curies":[{"name":"wp","href":"https:\/\/api.w.org\/{rel}","templated":true}]}}