{"id":1281,"date":"2025-04-18T08:21:51","date_gmt":"2025-04-18T06:21:51","guid":{"rendered":"https:\/\/www.regionalis.shop\/naturtraeume\/product\/weihnachtlicher-stiefel-aus-altholz\/"},"modified":"2025-04-18T08:21:51","modified_gmt":"2025-04-18T06:21:51","slug":"weihnachtlicher-stiefel-aus-altholz","status":"publish","type":"product","link":"https:\/\/www.regionalis.shop\/naturtraeume\/shop\/weihnachtlicher-stiefel-aus-altholz\/","title":{"rendered":"Weihnachtlicher Stiefel aus Altholz"},"content":{"rendered":"<p>Dieser kleine weihnachtliche Stiefel ist aus einer Altholz-Schindel gefertigt.<\/p>\n<p>Der Stiefel kann vielf\u00e4ltig eingesetzt werden, entweder als Deko, als Geschenk oder mit einer Kordel als Geschenksanh\u00e4nger bzw. Christbaumschmuck.<\/p>\n<p>An der oberen Ecke ist der Stiefel durch eine Masche aus einer Jutekordel verziert.<\/p>\n<p>H\u00f6he: 12,5cm<br \/>\nBreite: 7cm<br \/>\nTiefe: 2cm<\/p>\n","protected":false},"excerpt":{"rendered":"<p>Dieser kleine weihnachtliche Stiefel ist aus einer Altholz-Schindel gefertigt. Der Stiefel kann vielf\u00e4ltig eingesetzt werden, entweder als Deko, als Geschenk oder mit einer Kordel als Geschenksanh\u00e4nger bzw. Christbaumschmuck. An der oberen Ecke ist der Stiefel durch eine Masche aus einer Jutekordel verziert. H\u00f6he: 12,5cm Breite: 7cm Tiefe: 2cm<\/p>\n","protected":false},"featured_media":1282,"template":"","meta":{"_acf_changed":false},"product_brand":[],"product_cat":[173,103],"product_tag":[],"class_list":{"0":"post-1281","1":"product","2":"type-product","3":"status-publish","4":"has-post-thumbnail","6":"product_cat-weihnachten","7":"product_cat-wohnen-deko","9":"first","10":"instock","11":"purchasable","12":"product-type-simple"},"acf":[],"_links":{"self":[{"href":"https:\/\/www.regionalis.shop\/naturtraeume\/wp-json\/wp\/v2\/product\/1281","targetHints":{"allow":["GET"]}}],"collection":[{"href":"https:\/\/www.regionalis.shop\/naturtraeume\/wp-json\/wp\/v2\/product"}],"about":[{"href":"https:\/\/www.regionalis.shop\/naturtraeume\/wp-json\/wp\/v2\/types\/product"}],"wp:featuredmedia":[{"embeddable":true,"href":"https:\/\/www.regionalis.shop\/naturtraeume\/wp-json\/wp\/v2\/media\/1282"}],"wp:attachment":[{"href":"https:\/\/www.regionalis.shop\/naturtraeume\/wp-json\/wp\/v2\/media?parent=1281"}],"wp:term":[{"taxonomy":"product_brand","embeddable":true,"href":"https:\/\/www.regionalis.shop\/naturtraeume\/wp-json\/wp\/v2\/product_brand?post=1281"},{"taxonomy":"product_cat","embeddable":true,"href":"https:\/\/www.regionalis.shop\/naturtraeume\/wp-json\/wp\/v2\/product_cat?post=1281"},{"taxonomy":"product_tag","embeddable":true,"href":"https:\/\/www.regionalis.shop\/naturtraeume\/wp-json\/wp\/v2\/product_tag?post=1281"}],"curies":[{"name":"wp","href":"https:\/\/api.w.org\/{rel}","templated":true}]}}