{"id":1284,"date":"2025-04-18T08:21:51","date_gmt":"2025-04-18T06:21:51","guid":{"rendered":"https:\/\/www.regionalis.shop\/naturtraeume\/product\/herz-aus-altholz\/"},"modified":"2025-04-18T08:21:51","modified_gmt":"2025-04-18T06:21:51","slug":"herz-aus-altholz","status":"publish","type":"product","link":"https:\/\/www.regionalis.shop\/naturtraeume\/shop\/herz-aus-altholz\/","title":{"rendered":"Herz aus Altholz"},"content":{"rendered":"<p>Dieses kleine Herz ist aus einer Altholz-Schindel gefertigt.<\/p>\n<p>Das Herz kann vielf\u00e4ltig eingesetzt werden, entweder als Deko, als Geschenk oder mit einer Kordel als Geschenksanh\u00e4nger oder auch als Christbaumschmuck.<\/p>\n<p>Die d\u00fcnneren Herzen sind durch eine Masche aus einer Jutekordel verziert.<\/p>\n<p>H\u00f6he: 12cm<br \/>\nBreite: 12cm<br \/>\nTiefe: 2-5cm<\/p>\n","protected":false},"excerpt":{"rendered":"<p>Dieses kleine Herz ist aus einer Altholz-Schindel gefertigt. Das Herz kann vielf\u00e4ltig eingesetzt werden, entweder als Deko, als Geschenk oder mit einer Kordel als Geschenksanh\u00e4nger oder auch als Christbaumschmuck. Die d\u00fcnneren Herzen sind durch eine Masche aus einer Jutekordel verziert. H\u00f6he: 12cm Breite: 12cm Tiefe: 2-5cm<\/p>\n","protected":false},"featured_media":1285,"template":"","meta":{"_acf_changed":false},"product_brand":[],"product_cat":[174,103],"product_tag":[],"class_list":{"0":"post-1284","1":"product","2":"type-product","3":"status-publish","4":"has-post-thumbnail","6":"product_cat-wohndekoration","7":"product_cat-wohnen-deko","9":"first","10":"instock","11":"purchasable","12":"product-type-simple"},"acf":[],"_links":{"self":[{"href":"https:\/\/www.regionalis.shop\/naturtraeume\/wp-json\/wp\/v2\/product\/1284","targetHints":{"allow":["GET"]}}],"collection":[{"href":"https:\/\/www.regionalis.shop\/naturtraeume\/wp-json\/wp\/v2\/product"}],"about":[{"href":"https:\/\/www.regionalis.shop\/naturtraeume\/wp-json\/wp\/v2\/types\/product"}],"wp:featuredmedia":[{"embeddable":true,"href":"https:\/\/www.regionalis.shop\/naturtraeume\/wp-json\/wp\/v2\/media\/1285"}],"wp:attachment":[{"href":"https:\/\/www.regionalis.shop\/naturtraeume\/wp-json\/wp\/v2\/media?parent=1284"}],"wp:term":[{"taxonomy":"product_brand","embeddable":true,"href":"https:\/\/www.regionalis.shop\/naturtraeume\/wp-json\/wp\/v2\/product_brand?post=1284"},{"taxonomy":"product_cat","embeddable":true,"href":"https:\/\/www.regionalis.shop\/naturtraeume\/wp-json\/wp\/v2\/product_cat?post=1284"},{"taxonomy":"product_tag","embeddable":true,"href":"https:\/\/www.regionalis.shop\/naturtraeume\/wp-json\/wp\/v2\/product_tag?post=1284"}],"curies":[{"name":"wp","href":"https:\/\/api.w.org\/{rel}","templated":true}]}}