{"id":1289,"date":"2025-04-18T08:21:51","date_gmt":"2025-04-18T06:21:51","guid":{"rendered":"https:\/\/www.regionalis.shop\/naturtraeume\/product\/laerchenstumpen-teelichthalter-mit-verzierung\/"},"modified":"2025-04-18T08:21:51","modified_gmt":"2025-04-18T06:21:51","slug":"laerchenstumpen-teelichthalter-mit-verzierung","status":"publish","type":"product","link":"https:\/\/www.regionalis.shop\/naturtraeume\/shop\/laerchenstumpen-teelichthalter-mit-verzierung\/","title":{"rendered":"L\u00e4rchenstumpen-Teelichthalter mit Verzierung"},"content":{"rendered":"<p>Dieser Teelichthalter wurde aus einem L\u00e4rchenholzstumpen gefertigt.<\/p>\n<p>An der Oberseite ist ein Glas f\u00fcr ein Teelicht angebracht und mit einer wei\u00dfen Kordel verziert.<\/p>\n<p>Der Holzstumpen ist zus\u00e4tzlich noch durch ein kleines, wei\u00dfes Rindenherz verziert.<\/p>\n<p>L\u00e4nge: ca. 19,5cm<br \/>\nBreite: ca. 8cm<br \/>\nH\u00f6he: ca. 9,5cm<\/p>\n","protected":false},"excerpt":{"rendered":"<p>Dieser Teelichthalter wurde aus einem L\u00e4rchenholzstumpen gefertigt. An der Oberseite ist ein Glas f\u00fcr ein Teelicht angebracht und mit einer wei\u00dfen Kordel verziert. Der Holzstumpen ist zus\u00e4tzlich noch durch ein kleines, wei\u00dfes Rindenherz verziert. L\u00e4nge: ca. 19,5cm Breite: ca. 8cm H\u00f6he: ca. 9,5cm<\/p>\n","protected":false},"featured_media":1290,"template":"","meta":{"_acf_changed":false},"product_brand":[],"product_cat":[151,103],"product_tag":[],"class_list":{"0":"post-1289","1":"product","2":"type-product","3":"status-publish","4":"has-post-thumbnail","6":"product_cat-kerzen-kerzenstaender","7":"product_cat-wohnen-deko","9":"first","10":"instock","11":"purchasable","12":"product-type-simple"},"acf":[],"_links":{"self":[{"href":"https:\/\/www.regionalis.shop\/naturtraeume\/wp-json\/wp\/v2\/product\/1289","targetHints":{"allow":["GET"]}}],"collection":[{"href":"https:\/\/www.regionalis.shop\/naturtraeume\/wp-json\/wp\/v2\/product"}],"about":[{"href":"https:\/\/www.regionalis.shop\/naturtraeume\/wp-json\/wp\/v2\/types\/product"}],"wp:featuredmedia":[{"embeddable":true,"href":"https:\/\/www.regionalis.shop\/naturtraeume\/wp-json\/wp\/v2\/media\/1290"}],"wp:attachment":[{"href":"https:\/\/www.regionalis.shop\/naturtraeume\/wp-json\/wp\/v2\/media?parent=1289"}],"wp:term":[{"taxonomy":"product_brand","embeddable":true,"href":"https:\/\/www.regionalis.shop\/naturtraeume\/wp-json\/wp\/v2\/product_brand?post=1289"},{"taxonomy":"product_cat","embeddable":true,"href":"https:\/\/www.regionalis.shop\/naturtraeume\/wp-json\/wp\/v2\/product_cat?post=1289"},{"taxonomy":"product_tag","embeddable":true,"href":"https:\/\/www.regionalis.shop\/naturtraeume\/wp-json\/wp\/v2\/product_tag?post=1289"}],"curies":[{"name":"wp","href":"https:\/\/api.w.org\/{rel}","templated":true}]}}