{"id":1293,"date":"2025-04-18T08:08:01","date_gmt":"2025-04-18T06:08:01","guid":{"rendered":"https:\/\/www.regionalis.shop\/naturtraeume\/product\/weihnachtlicher-keramikanhaenger-2-anhaenger\/"},"modified":"2025-04-18T08:08:01","modified_gmt":"2025-04-18T06:08:01","slug":"weihnachtlicher-keramikanhaenger-2-anhaenger","status":"publish","type":"product","link":"https:\/\/www.regionalis.shop\/naturtraeume\/shop\/weihnachtlicher-keramikanhaenger-2-anhaenger\/","title":{"rendered":"Weihnachtlicher Keramikanh\u00e4nger &#8211; 2 Anh\u00e4nger"},"content":{"rendered":"<p>Dieser handgemachte weihnachtliche Keramikanh\u00e4nger wurde aus wei\u00dfem Ton hergestellt.<\/p>\n<p>Auf der Oberseite wurde der Anh\u00e4nger mit einem Reliefmuster verziert und wei\u00df-schimmernd bzw. dunkelgr\u00fcn glasiert.<br \/>\nDie Unterseite ist nat\u00fcrlich belassen.<\/p>\n<p>Gr\u00f6\u00dfe: ca. 15-17cm<\/p>\n","protected":false},"excerpt":{"rendered":"<p>Dieser handgemachte weihnachtliche Keramikanh\u00e4nger wurde aus wei\u00dfem Ton hergestellt. Auf der Oberseite wurde der Anh\u00e4nger mit einem Reliefmuster verziert und wei\u00df-schimmernd bzw. dunkelgr\u00fcn glasiert. Die Unterseite ist nat\u00fcrlich belassen. Gr\u00f6\u00dfe: ca. 15-17cm<\/p>\n","protected":false},"featured_media":1294,"template":"","meta":{"_acf_changed":false},"product_brand":[],"product_cat":[173,103],"product_tag":[],"class_list":{"0":"post-1293","1":"product","2":"type-product","3":"status-publish","4":"has-post-thumbnail","6":"product_cat-weihnachten","7":"product_cat-wohnen-deko","9":"first","10":"instock","11":"purchasable","12":"product-type-simple"},"acf":[],"_links":{"self":[{"href":"https:\/\/www.regionalis.shop\/naturtraeume\/wp-json\/wp\/v2\/product\/1293","targetHints":{"allow":["GET"]}}],"collection":[{"href":"https:\/\/www.regionalis.shop\/naturtraeume\/wp-json\/wp\/v2\/product"}],"about":[{"href":"https:\/\/www.regionalis.shop\/naturtraeume\/wp-json\/wp\/v2\/types\/product"}],"wp:featuredmedia":[{"embeddable":true,"href":"https:\/\/www.regionalis.shop\/naturtraeume\/wp-json\/wp\/v2\/media\/1294"}],"wp:attachment":[{"href":"https:\/\/www.regionalis.shop\/naturtraeume\/wp-json\/wp\/v2\/media?parent=1293"}],"wp:term":[{"taxonomy":"product_brand","embeddable":true,"href":"https:\/\/www.regionalis.shop\/naturtraeume\/wp-json\/wp\/v2\/product_brand?post=1293"},{"taxonomy":"product_cat","embeddable":true,"href":"https:\/\/www.regionalis.shop\/naturtraeume\/wp-json\/wp\/v2\/product_cat?post=1293"},{"taxonomy":"product_tag","embeddable":true,"href":"https:\/\/www.regionalis.shop\/naturtraeume\/wp-json\/wp\/v2\/product_tag?post=1293"}],"curies":[{"name":"wp","href":"https:\/\/api.w.org\/{rel}","templated":true}]}}